{"id":85175,"date":"2023-05-30T22:57:15","date_gmt":"2023-05-31T02:57:15","guid":{"rendered":"https:\/\/www.cachc.ca\/balado\/"},"modified":"2023-05-30T23:02:29","modified_gmt":"2023-05-31T03:02:29","slug":"balado","status":"publish","type":"page","link":"https:\/\/www.cachc.ca\/fr\/balado\/","title":{"rendered":"Balado"},"content":{"rendered":"<div class=\"wpb-content-wrapper\"><p>[vc_row full_height=\u00a0\u00bbyes\u00a0\u00bb content_placement=\u00a0\u00bbtop\u00a0\u00bb type=\u00a0\u00bbimage\u00a0\u00bb padding_top=\u00a0\u00bb\u00a0\u00bb padding_bottom=\u00a0\u00bb20&Prime; bg_image=\u00a0\u00bb82264&Prime;][vc_column width=\u00a0\u00bb1\/4&Prime;][\/vc_column][vc_column width=\u00a0\u00bb1\/2&Prime; css=\u00a0\u00bb.vc_custom_1668901243998{padding-left: 30px !important;}\u00a0\u00bb][vc_custom_heading text=\u00a0\u00bbBalado \u00ab Community Matters \u00bb\u00a0\u00bb font_container=\u00a0\u00bbtag:h1|text_align:center|color:%23ffffff\u00a0\u00bb use_theme_fonts=\u00a0\u00bbyes\u00a0\u00bb][vc_column_text]<\/p>\n<p style=\"text-align: left;\"><span style=\"color: #ffffff;\">Produit par l&rsquo;Association canadienne des centres de sant\u00e9 communautaire (ACCSC), l&rsquo;animatrice Hillary LeBlanc relie les auditeurs \u00e0 des histoires inspirantes sur le travail novateur effectu\u00e9 par les centres de sant\u00e9 communautaire partout au Canada. Disponible sur YouTube, Spotify <span style=\"color: #000000;\"><span style=\"color: #ffffff;\">et<\/span><\/span> <a href=\"https:\/\/fountain.fm\/show\/HsYztZohw5NxTcv7N4Fa\" target=\"_blank\" rel=\"noopener\"><span style=\"color: #ffcc00;\">Fountain FM<\/span><\/a>, une plateforme passionnante de \u00ab balado 2.0 \u00bb. T\u00e9l\u00e9chargez l&rsquo;application Fountain FM sur votre appareil Apple ou Android et recherchez Community Matters. Gagnez des \u00ab sats \u00bb \u2014 des fractions de Bitcoin \u2014 rien qu&rsquo;en \u00e9coutant. Gardez vos sats ou utilisez-les pour \u00ab booster \u00bb (c&rsquo;est-\u00e0-dire r\u00e9compenser) vos cr\u00e9ateurs de contenu pr\u00e9f\u00e9r\u00e9s. Montrez votre soutien \u00e0 l&rsquo;ACCHC en boostant les \u00e9pisodes de notre \u00e9mission !<\/span><\/p>\n<p>[\/vc_column_text][\/vc_column][vc_column width=\u00a0\u00bb1\/4&Prime; css=\u00a0\u00bb.vc_custom_1668903258380{padding-top: 30px !important;padding-left: 30px !important;}\u00a0\u00bb][vc_single_image image=\u00a0\u00bb81474&Prime; img_size=\u00a0\u00bb200&#215;200&Prime; alignment=\u00a0\u00bbcenter\u00a0\u00bb style=\u00a0\u00bbvc_box_circle\u00a0\u00bb][vc_column_text]<\/p>\n<p style=\"text-align: center;\"><span style=\"color: #ffffff;\">ANIMATRICE : Hillary LeBlanc<\/span><\/p>\n<p>[\/vc_column_text][\/vc_column][\/vc_row][vc_row padding_top=\u00a0\u00bb20&Prime;][vc_column width=\u00a0\u00bb1\/6&Prime;][\/vc_column][vc_column width=\u00a0\u00bb2\/3&Prime;][vc_custom_heading text=\u00a0\u00bb\u00c9PISODES PASS\u00c9S\u00a0\u00bb font_container=\u00a0\u00bbtag:h2|text_align:center\u00a0\u00bb use_theme_fonts=\u00a0\u00bbyes\u00a0\u00bb][vc_column_text]<strong>EPISODE 29: Flemingdon Community Health Centre CVP-National Project<\/strong><br \/>\nGuest: Hamna Mughal and Abdul Rashid Athar (Flemingdon Community Health Centre &#8211; Toronto, ON)<br \/>\n<a href=\"https:\/\/fountain.fm\/episode\/CkmoFR0jAW07p8133vTt\" target=\"_blank\" rel=\"noopener\">\u00c9coutez et boostez sur Fountain FM<\/a> | <a href=\"https:\/\/youtu.be\/_I5wB_ZlGjs\" target=\"_blank\" rel=\"noopener\">YouTube<\/a><\/p>\n<p><strong>EPISODE 28: Centretown Community Health Centre CVP-National Project<\/strong><br \/>\nGuest: Julie Genzel (Centretown Community Health Centre &#8211; Ottawa, ON)<br \/>\n<a href=\"https:\/\/fountain.fm\/episode\/oheCup4dvxtOCaKuh6Qi\" target=\"_blank\" rel=\"noopener\">\u00c9coutez et boostez sur Fountain FM<\/a> | <a href=\"https:\/\/youtu.be\/p419s_KSHxw\" target=\"_blank\" rel=\"noopener\">YouTube<\/a><\/p>\n<p><strong>EPISODE 27: NorWest Co-Op Community Health Centre CVP-Project<\/strong><br \/>\nGuests: Shannon Milks, Michelle Kirkbride, and Kristin Bergen (NorWest Co-Op Community Health Centre &#8211; Winnipeg, MB)<br \/>\n<a href=\"https:\/\/fountain.fm\/episode\/cYD5thTJZSsEoba9zPEs\" target=\"_blank\" rel=\"noopener\">\u00c9coutez et boostez sur Fountain FM<\/a> | <a href=\"https:\/\/youtu.be\/XccuO9ILrPc\" target=\"_blank\" rel=\"noopener\">YouTube<\/a><\/p>\n<p><strong>EPISODE 26: Sexual Violence Prevention with Tri-County Women&rsquo;s Centre<\/strong><br \/>\nGuest: Trish McCourt (Tri-County Women\u2019s Centre &#8211; Yarmouth, NS)<br \/>\n<a href=\"https:\/\/fountain.fm\/episode\/fDQc6PRVUlvL3PByTIeD\" target=\"_blank\" rel=\"noopener\">\u00c9coutez et boostez sur Fountain FM<\/a> | <a href=\"https:\/\/youtu.be\/jkUgRZhqEiw\" target=\"_blank\" rel=\"noopener\">YouTube<\/a><\/p>\n<p><strong>EPISODE 25: Umbrella Multicultural Health Co-Op CVP-National Project <\/strong><br \/>\nGuest: Irene Santos (Umbrella Multicultural Health Co-Op &#8211; New Westminster, BC)<br \/>\n<a href=\"https:\/\/fountain.fm\/episode\/QFnLlI2SHrG1DOxBIJDs\" target=\"_blank\" rel=\"noopener\">\u00c9coutez et boostez sur Fountain FM<\/a> | <a href=\"https:\/\/youtu.be\/J7md9DgcbnM\" target=\"_blank\" rel=\"noopener\">YouTube<\/a><\/p>\n<p><strong>EPISODE 24: Becoming Radius Community Health and Healing<\/strong><br \/>\nGuest: Tricia Smith (Radius Community Health and Healing \u2013 Edmonton, AB)<br \/>\n<a href=\"https:\/\/fountain.fm\/episode\/13617681208\" target=\"_blank\" rel=\"noopener\">\u00c9coutez et boostez sur Fountain FM<\/a> | <a href=\"https:\/\/youtu.be\/QwBu34Hhmik\" target=\"_blank\" rel=\"noopener\">YouTube<\/a><\/p>\n<p><strong>EPISODE 23: CACHC&rsquo;s Community Vaccination Promotion National Project<\/strong><br \/>\nGuests: Iwo Effiong and Ayesha Khan (Canadian Association of Community Health Centres)<br \/>\n<a href=\"https:\/\/fountain.fm\/episode\/13617681209\" target=\"_blank\" rel=\"noopener\">\u00c9coutez et boostez sur Fountain FM<\/a> | <a href=\"https:\/\/youtu.be\/wsjnl1yl0Ao\" target=\"_blank\" rel=\"noopener\">YouTube<\/a><\/p>\n<p><strong>EPISODE 22: CUPS Calgary and ATTACH Parenting Program<\/strong><br \/>\nGuests: Carlene Donnelly (CUPS Calgary \u2013 Calgary, AB), Dr. Nicole Letourneau (University of Calgary)<br \/>\n<a href=\"https:\/\/fountain.fm\/episode\/13049333038\" target=\"_blank\" rel=\"noopener\">\u00c9coutez et boostez sur Fountain FM<\/a> | <a href=\"https:\/\/youtu.be\/T7TX9xl1d00\" target=\"_blank\" rel=\"noopener\">YouTube<\/a><\/p>\n<p><strong>EPISODE 21: Improving Support for Women in Lower Mainland, BC<\/strong><br \/>\nGuest: Janice Abbott (Atira Women\u2019s Resource Society \u2013 Surrey, BC)<br \/>\n<a href=\"https:\/\/fountain.fm\/episode\/12180830341\" target=\"_blank\" rel=\"noopener\">\u00c9coutez et boostez sur Fountain FM<\/a> | <a href=\"https:\/\/youtu.be\/SUKKyVd8rpg\" target=\"_blank\" rel=\"noopener\">YouTube<\/a><\/p>\n<p><strong>EPISODE 20: Nine Circles Community Health Centre &amp; World AIDS Day<\/strong><br \/>\nGuests: Chance Dupuis (Nine Circles Community Health Centre \u2013 Winnipeg, MB), Ken Bristow (CINetwork \u2013 Winnipeg, MB)<br \/>\n<a href=\"https:\/\/fountain.fm\/episode\/11716817460\" target=\"_blank\" rel=\"noopener\">\u00c9coutez et boostez sur Fountain FM<\/a> | <a href=\"https:\/\/youtu.be\/91pLV4Jic-E\" target=\"_blank\" rel=\"noopener\">YouTube<\/a><\/p>\n<p><strong>EPISODE 19: Social Prescribing at Community Health Centres in Ontario<\/strong><br \/>\nGuests: Natasha Beaudin (Alliance for Healthier Communities \u2013 Toronto, ON), Abby Richter (Guelph Community Health Centre \u2013 Guelph, ON), Albesa Aliu (Rexdale Community Health Centre \u2013 Toronto, ON)<br \/>\n<a href=\"https:\/\/fountain.fm\/episode\/10857807112\" target=\"_blank\" rel=\"noopener\">\u00c9coutez et boostez sur Fountain FM<\/a> | <a href=\"https:\/\/youtu.be\/GEGSlexkQzc\" target=\"_blank\" rel=\"noopener\">YouTube<\/a><\/p>\n<p><strong>EPISODE 18: Pregnancy Loss Education and Care for Racialized Women in Toronto<\/strong><br \/>\nGuests: Renee Bradley and Joelleann Forbes (Women\u2019s Health in Women\u2019s Hands Community Health Centre \u2013 Toronto, ON)<br \/>\n<a href=\"https:\/\/fountain.fm\/episode\/10857807115\" target=\"_blank\" rel=\"noopener\">\u00c9coutez et boostez sur Fountain FM<\/a> | <a href=\"https:\/\/youtu.be\/E_Ev4dGmJ8M\" target=\"_blank\" rel=\"noopener\">YouTube<\/a><\/p>\n<p><strong>EPISODE 17: SWITCH Student-Run Health Centre\u2019s Community Vaccination Promotion Project<\/strong><br \/>\nGuest: ayden McGuire (SWITCH Student-Run Health Centre \u2013 Saskatoon, SK)<br \/>\n<a href=\"https:\/\/fountain.fm\/episode\/9985771286\" target=\"_blank\" rel=\"noopener\">\u00c9coutez et boostez sur Fountain FM<\/a> | <a href=\"https:\/\/youtu.be\/T1z0Jer3vGA\" target=\"_blank\" rel=\"noopener\">YouTube<\/a><\/p>\n<p><strong>EPISODE 16: Care for Indigenous Clients at Central Interior Native Health Society<\/strong><br \/>\nGuest: Shobha Sharma (Central Interior Native Health Society \u2013 Prince George, BC)<br \/>\n<a href=\"https:\/\/fountain.fm\/episode\/9985771282\" target=\"_blank\" rel=\"noopener\">\u00c9coutez et boostez sur Fountain FM<\/a> | <a href=\"https:\/\/youtu.be\/vadIota9aik\" target=\"_blank\" rel=\"noopener\">YouTube<\/a><\/p>\n<p><strong>EPISODE 15: Meeting the Needs of Black Women, Trans &amp; Non-Binary People in the Greater Toronto Area<\/strong><br \/>\nGuests: Amma Gyamfowa and Kashaia Henderson-Doyle (Women\u2019s Health in Women\u2019s Hands Community Health Centre \u2013 Toronto, ON)<br \/>\n<a href=\"https:\/\/fountain.fm\/episode\/9596198612\" target=\"_blank\" rel=\"noopener\">\u00c9coutez et boostez sur Fountain FM<\/a> | <a href=\"https:\/\/youtu.be\/JGdt7YHevxk\" target=\"_blank\" rel=\"noopener\">YouTube<\/a><\/p>\n<p><strong>EPISODE 14: Community Health Centre Collaboration on Rethinking Community Safety in Ottawa<\/strong><br \/>\nGuests: Naini Cloutier (Somerset West Community Health Centre) and Michelle Hurtubise (Centretown Community Health Centre)<br \/>\n<a href=\"https:\/\/fountain.fm\/episode\/9169795155\" target=\"_blank\" rel=\"noopener\">\u00c9coutez et boostez sur Fountain FM<\/a> | <a href=\"https:\/\/youtu.be\/4uT7oPo-yKg\" target=\"_blank\" rel=\"noopener\">YouTube<\/a><\/p>\n<p><strong>EPISODE 13: Abortion Care at Women\u2019s Health Clinic in Winnipeg<\/strong><br \/>\nGuest: Kemlin Nembhard (Women\u2019s Health Clinic \u2013 Winnipeg, MB)<br \/>\n<a href=\"https:\/\/fountain.fm\/episode\/9054711203\" target=\"_blank\" rel=\"noopener\">\u00c9coutez et boostez sur Fountain FM<\/a> | <a href=\"https:\/\/youtu.be\/8_TelxkwHHI\" target=\"_blank\" rel=\"noopener\">YouTube<\/a><\/p>\n<p><strong>EPISODE 12: Rexdale Community Health Centre 2SLGBTQ+ Youth Program<\/strong><br \/>\nGuest: Terrence Rodriguez (Rexdale Community Health Centre \u2013 Toronto, ON)<br \/>\n<a href=\"https:\/\/fountain.fm\/episode\/8874824420\" target=\"_blank\" rel=\"noopener\">\u00c9coutez et boostez sur Fountain FM<\/a> | <a href=\"https:\/\/youtu.be\/dYcTXLNBMZs\" target=\"_blank\" rel=\"noopener\">YouTube<\/a><\/p>\n<p><strong>EPISODE 11: CUPS Calgary Community Vaccination Promotion Project<\/strong><br \/>\nGuests: Kimberley Tateson-Bennett and Elaine Wilson (CUPS Calgary \u2013 Calgary, AB)<br \/>\n<a href=\"https:\/\/fountain.fm\/episode\/8092402511\" target=\"_blank\" rel=\"noopener\">\u00c9coutez et boostez sur Fountain FM<\/a> | <a href=\"https:\/\/youtu.be\/jNnQ46Tq1gc\" target=\"_blank\" rel=\"noopener\">YouTube<\/a><\/p>\n<p><strong>EPISODE 10: Regina Community Clinic Community Vaccination Promotion Project<\/strong><br \/>\nGuests: Dawn Martin and Katherine Lyseiko (Regina Community Clinic \u2013 Regina, SK)<br \/>\n<a href=\"https:\/\/fountain.fm\/episode\/7874902545\" target=\"_blank\" rel=\"noopener\">Listen and boost on Fountain FM<\/a> | <a href=\"https:\/\/youtu.be\/SNachtQqFpk\" target=\"_blank\" rel=\"noopener\">YouTube<\/a> (audio only)<\/p>\n<p><strong>EPISODE 09: Connecting health to community economic empowerment<\/strong><br \/>\nGuest: Olu Villasa (Black Creek Community Health Centre \u2013 Toronto, ON)<br \/>\n<a href=\"https:\/\/fountain.fm\/episode\/7357155186\" target=\"_blank\" rel=\"noopener\">\u00c9coutez et boostez sur Fountain FM<\/a> | <a href=\"https:\/\/youtu.be\/9MN_isf4aSM\" target=\"_blank\" rel=\"noopener\">YouTube<\/a><\/p>\n<p><strong>EPISODE 08: Care and support for vulnerable communities in Northern Ontario<\/strong><br \/>\nGuest: Juanita Lawson (NorWest Community Health Centres \u2013 Thunder Bay, ON)<br \/>\n<a href=\"https:\/\/fountain.fm\/episode\/7357155187\" target=\"_blank\" rel=\"noopener\">\u00c9coutez et boostez sur Fountain FM<\/a> | <a href=\"https:\/\/youtu.be\/5df1mwTZSy4\" target=\"_blank\" rel=\"noopener\">YouTube<\/a><\/p>\n<p><strong>EPISODE 07: De pr\u00e8s avec le Centre Francophone du Grand Toronto<\/strong><br \/>\nGuest: Estelle Duchon (Centre Francophone du Grand Toronto \u2013 Toronto, ON)<br \/>\n<a href=\"https:\/\/fountain.fm\/episode\/6811918914\" target=\"_blank\" rel=\"noopener\">\u00c9coutez et boostez sur Fountain FM<\/a> | <a href=\"https:\/\/youtu.be\/KvvB3cIbDP8\" target=\"_blank\" rel=\"noopener\">YouTube<\/a><\/p>\n<p><strong>EPISODE 06: COVID-19 Vaccine Services at Saskatoon Community Clinic<\/strong><br \/>\nGuest: Toby Esterby (Saskatoon Community Clinic \u2013 Saskatoon, SK)<br \/>\n<a href=\"https:\/\/fountain.fm\/episode\/6811918915\" target=\"_blank\" rel=\"noopener\">\u00c9coutez et boostez sur Fountain FM<\/a> | <a href=\"https:\/\/youtu.be\/qCvp8bMszJc\" target=\"_blank\" rel=\"noopener\">YouTube<\/a><\/p>\n<p><strong>EPISODE 05: Same Day Care at Winnipeg\u2019s Community Health Centres<\/strong><br \/>\nGuest: Ayn Wilcox (Klinic Community Health), Mike Payne (Nine Circles Community Health Centre), Kemlin Nembhard (Women\u2019s Health Clinic)<br \/>\n<a href=\"https:\/\/fountain.fm\/episode\/6811918916\" target=\"_blank\" rel=\"noopener\">\u00c9coutez et boostez sur Fountain FM<\/a> | <a href=\"https:\/\/youtu.be\/Z7y6OP-lSgM\" target=\"_blank\" rel=\"noopener\">YouTube<\/a><\/p>\n<p><strong>EPISODE 04: The Growing Overdose and Opioid Epidemic During COVID-19<\/strong><br \/>\nGuests: Rhiannon Thomas and Sarah Greig (South Riverdale Community Health Centre \u2013 Toronto, ON)<br \/>\n<a href=\"https:\/\/fountain.fm\/episode\/6811918917\" target=\"_blank\" rel=\"noopener\">\u00c9coutez et boostez sur Fountain FM<\/a> | <a href=\"https:\/\/youtu.be\/wqiKwxeW2SU\" target=\"_blank\" rel=\"noopener\">YouTube<\/a><\/p>\n<p><strong>EPISODE 03: Digital inequities and their impact on health<\/strong><br \/>\nGuest: Sue Merrill (Somerset West Community Health Centre \u2013 Ottawa, ON)<br \/>\n<a href=\"https:\/\/fountain.fm\/episode\/6811918918\" target=\"_blank\" rel=\"noopener\">\u00c9coutez et boostez sur Fountain FM<\/a> | <a href=\"https:\/\/youtu.be\/EfNf8rLKHIU\" target=\"_blank\" rel=\"noopener\">YouTube<\/a><\/p>\n<p><strong>EPISODE 02: Adapting to meet needs in Toronto\u2019s north end during COVID-19<\/strong><br \/>\nGuests: Cheryl Prescod and Michelle Westin (Black Creek Community Health Centre \u2013 Toronto, ON)<br \/>\n<a href=\"https:\/\/fountain.fm\/episode\/6811918919\" target=\"_blank\" rel=\"noopener\">\u00c9coutez et boostez sur Fountain FM<\/a> | <a href=\"https:\/\/youtu.be\/FEZ8qESQ8KM\" target=\"_blank\" rel=\"noopener\">YouTube<\/a><\/p>\n<p><strong>EPISODE 01: Adapting to meet needs in Calgary during COVID-19<\/strong><br \/>\nGuest: Cheryl San Juan (The Alex Community Health Centre \u2013 Calgary, AB)<br \/>\n<a href=\"https:\/\/fountain.fm\/episode\/6811918920\" target=\"_blank\" rel=\"noopener\">\u00c9coutez et boostez sur Fountain FM<\/a> | <a href=\"https:\/\/youtu.be\/CpmqFi3848Q\" target=\"_blank\" rel=\"noopener\">YouTube<\/a>[\/vc_column_text][\/vc_column][vc_column width=\u00a0\u00bb1\/6&Prime;][\/vc_column][\/vc_row]<\/p>\n<\/div>","protected":false},"excerpt":{"rendered":"<p>[vc_row full_height=\u00a0\u00bbyes\u00a0\u00bb content_placement=\u00a0\u00bbtop\u00a0\u00bb type=\u00a0\u00bbimage\u00a0\u00bb padding_top=\u00a0\u00bb\u00a0\u00bb padding_bottom=\u00a0\u00bb20&Prime; bg_image=\u00a0\u00bb82264&Prime;][vc_column width=\u00a0\u00bb1\/4&Prime;][\/vc_column][vc_column width=\u00a0\u00bb1\/2&Prime; css=\u00a0\u00bb.vc_custom_1668901243998{padding-left: 30px !important;}\u00a0\u00bb][vc_custom_heading text=\u00a0\u00bbBalado \u00ab Community Matters \u00bb\u00a0\u00bb font_container=\u00a0\u00bbtag:h1|text_align:center|color:%23ffffff\u00a0\u00bb use_theme_fonts=\u00a0\u00bbyes\u00a0\u00bb][vc_column_text] Produit par l&rsquo;Association canadienne des centres de sant\u00e9 communautaire (ACCSC), l&rsquo;animatrice Hillary LeBlanc relie les auditeurs \u00e0 des histoires inspirantes sur le travail novateur effectu\u00e9 par les centres de sant\u00e9 communautaire partout au Canada. Disponible sur YouTube, Spotify et Fountain FM, [&hellip;]<\/p>\n","protected":false},"author":1,"featured_media":0,"parent":0,"menu_order":0,"comment_status":"closed","ping_status":"closed","template":"","meta":{"_bbp_topic_count":0,"_bbp_reply_count":0,"_bbp_total_topic_count":0,"_bbp_total_reply_count":0,"_bbp_voice_count":0,"_bbp_anonymous_reply_count":0,"_bbp_topic_count_hidden":0,"_bbp_reply_count_hidden":0,"_bbp_forum_subforum_count":0,"footnotes":""},"class_list":["post-85175","page","type-page","status-publish","hentry"],"yoast_head":"<!-- This site is optimized with the Yoast SEO plugin v27.2 - https:\/\/yoast.com\/product\/yoast-seo-wordpress\/ -->\n<title>Balado - ACCSC<\/title>\n<meta name=\"robots\" content=\"index, follow, max-snippet:-1, max-image-preview:large, max-video-preview:-1\" \/>\n<link rel=\"canonical\" href=\"https:\/\/www.cachc.ca\/podcast\/\" \/>\n<meta property=\"og:locale\" content=\"fr_FR\" \/>\n<meta property=\"og:type\" content=\"article\" \/>\n<meta property=\"og:title\" content=\"Balado - ACCSC\" \/>\n<meta property=\"og:description\" content=\"[vc_row full_height=\u00a0\u00bbyes\u00a0\u00bb content_placement=\u00a0\u00bbtop\u00a0\u00bb type=\u00a0\u00bbimage\u00a0\u00bb padding_top=\u00a0\u00bb\u00a0\u00bb padding_bottom=\u00a0\u00bb20&Prime; bg_image=\u00a0\u00bb82264&Prime;][vc_column width=\u00a0\u00bb1\/4&Prime;][\/vc_column][vc_column width=\u00a0\u00bb1\/2&Prime; css=\u00a0\u00bb.vc_custom_1668901243998{padding-left: 30px !important;}\u00a0\u00bb][vc_custom_heading text=\u00a0\u00bbBalado \u00ab Community Matters \u00bb\u00a0\u00bb font_container=\u00a0\u00bbtag:h1|text_align:center|color:%23ffffff\u00a0\u00bb use_theme_fonts=\u00a0\u00bbyes\u00a0\u00bb][vc_column_text] Produit par l&rsquo;Association canadienne des centres de sant\u00e9 communautaire (ACCSC), l&rsquo;animatrice Hillary LeBlanc relie les auditeurs \u00e0 des histoires inspirantes sur le travail novateur effectu\u00e9 par les centres de sant\u00e9 communautaire partout au Canada. Disponible sur YouTube, Spotify et Fountain FM, [&hellip;]\" \/>\n<meta property=\"og:url\" content=\"https:\/\/www.cachc.ca\/podcast\/\" \/>\n<meta property=\"og:site_name\" content=\"ACCSC\" \/>\n<meta property=\"article:modified_time\" content=\"2023-05-31T03:02:29+00:00\" \/>\n<meta name=\"twitter:card\" content=\"summary_large_image\" \/>\n<meta name=\"twitter:label1\" content=\"Dur\u00e9e de lecture estim\u00e9e\" \/>\n\t<meta name=\"twitter:data1\" content=\"5 minutes\" \/>\n<script type=\"application\/ld+json\" class=\"yoast-schema-graph\">{\"@context\":\"https:\/\/schema.org\",\"@graph\":[{\"@type\":\"WebPage\",\"@id\":\"https:\/\/www.cachc.ca\/podcast\/\",\"url\":\"https:\/\/www.cachc.ca\/podcast\/\",\"name\":\"Balado - ACCSC\",\"isPartOf\":{\"@id\":\"https:\/\/www.cachc.ca\/#website\"},\"datePublished\":\"2023-05-31T02:57:15+00:00\",\"dateModified\":\"2023-05-31T03:02:29+00:00\",\"inLanguage\":\"fr-FR\",\"potentialAction\":[{\"@type\":\"ReadAction\",\"target\":[\"https:\/\/www.cachc.ca\/podcast\/\"]}]},{\"@type\":\"WebSite\",\"@id\":\"https:\/\/www.cachc.ca\/#website\",\"url\":\"https:\/\/www.cachc.ca\/\",\"name\":\"ACCSC\",\"description\":\"Les centres de sant\u00e9 communautaire au Canada\",\"potentialAction\":[{\"@type\":\"SearchAction\",\"target\":{\"@type\":\"EntryPoint\",\"urlTemplate\":\"https:\/\/www.cachc.ca\/?s={search_term_string}\"},\"query-input\":{\"@type\":\"PropertyValueSpecification\",\"valueRequired\":true,\"valueName\":\"search_term_string\"}}],\"inLanguage\":\"fr-FR\"}]}<\/script>\n<!-- \/ Yoast SEO plugin. -->","yoast_head_json":{"title":"Balado - ACCSC","robots":{"index":"index","follow":"follow","max-snippet":"max-snippet:-1","max-image-preview":"max-image-preview:large","max-video-preview":"max-video-preview:-1"},"canonical":"https:\/\/www.cachc.ca\/podcast\/","og_locale":"fr_FR","og_type":"article","og_title":"Balado - ACCSC","og_description":"[vc_row full_height=\u00a0\u00bbyes\u00a0\u00bb content_placement=\u00a0\u00bbtop\u00a0\u00bb type=\u00a0\u00bbimage\u00a0\u00bb padding_top=\u00a0\u00bb\u00a0\u00bb padding_bottom=\u00a0\u00bb20&Prime; bg_image=\u00a0\u00bb82264&Prime;][vc_column width=\u00a0\u00bb1\/4&Prime;][\/vc_column][vc_column width=\u00a0\u00bb1\/2&Prime; css=\u00a0\u00bb.vc_custom_1668901243998{padding-left: 30px !important;}\u00a0\u00bb][vc_custom_heading text=\u00a0\u00bbBalado \u00ab Community Matters \u00bb\u00a0\u00bb font_container=\u00a0\u00bbtag:h1|text_align:center|color:%23ffffff\u00a0\u00bb use_theme_fonts=\u00a0\u00bbyes\u00a0\u00bb][vc_column_text] Produit par l&rsquo;Association canadienne des centres de sant\u00e9 communautaire (ACCSC), l&rsquo;animatrice Hillary LeBlanc relie les auditeurs \u00e0 des histoires inspirantes sur le travail novateur effectu\u00e9 par les centres de sant\u00e9 communautaire partout au Canada. Disponible sur YouTube, Spotify et Fountain FM, [&hellip;]","og_url":"https:\/\/www.cachc.ca\/podcast\/","og_site_name":"ACCSC","article_modified_time":"2023-05-31T03:02:29+00:00","twitter_card":"summary_large_image","twitter_misc":{"Dur\u00e9e de lecture estim\u00e9e":"5 minutes"},"schema":{"@context":"https:\/\/schema.org","@graph":[{"@type":"WebPage","@id":"https:\/\/www.cachc.ca\/podcast\/","url":"https:\/\/www.cachc.ca\/podcast\/","name":"Balado - ACCSC","isPartOf":{"@id":"https:\/\/www.cachc.ca\/#website"},"datePublished":"2023-05-31T02:57:15+00:00","dateModified":"2023-05-31T03:02:29+00:00","inLanguage":"fr-FR","potentialAction":[{"@type":"ReadAction","target":["https:\/\/www.cachc.ca\/podcast\/"]}]},{"@type":"WebSite","@id":"https:\/\/www.cachc.ca\/#website","url":"https:\/\/www.cachc.ca\/","name":"ACCSC","description":"Les centres de sant\u00e9 communautaire au Canada","potentialAction":[{"@type":"SearchAction","target":{"@type":"EntryPoint","urlTemplate":"https:\/\/www.cachc.ca\/?s={search_term_string}"},"query-input":{"@type":"PropertyValueSpecification","valueRequired":true,"valueName":"search_term_string"}}],"inLanguage":"fr-FR"}]}},"_links":{"self":[{"href":"https:\/\/www.cachc.ca\/fr\/wp-json\/wp\/v2\/pages\/85175","targetHints":{"allow":["GET"]}}],"collection":[{"href":"https:\/\/www.cachc.ca\/fr\/wp-json\/wp\/v2\/pages"}],"about":[{"href":"https:\/\/www.cachc.ca\/fr\/wp-json\/wp\/v2\/types\/page"}],"author":[{"embeddable":true,"href":"https:\/\/www.cachc.ca\/fr\/wp-json\/wp\/v2\/users\/1"}],"replies":[{"embeddable":true,"href":"https:\/\/www.cachc.ca\/fr\/wp-json\/wp\/v2\/comments?post=85175"}],"version-history":[{"count":4,"href":"https:\/\/www.cachc.ca\/fr\/wp-json\/wp\/v2\/pages\/85175\/revisions"}],"predecessor-version":[{"id":85179,"href":"https:\/\/www.cachc.ca\/fr\/wp-json\/wp\/v2\/pages\/85175\/revisions\/85179"}],"wp:attachment":[{"href":"https:\/\/www.cachc.ca\/fr\/wp-json\/wp\/v2\/media?parent=85175"}],"curies":[{"name":"wp","href":"https:\/\/api.w.org\/{rel}","templated":true}]}}