{"id":79177,"date":"2019-02-07T15:30:52","date_gmt":"2019-02-07T20:30:52","guid":{"rendered":"https:\/\/www.cachc.ca\/election-federale-2019\/"},"modified":"2019-09-24T10:14:19","modified_gmt":"2019-09-24T14:14:19","slug":"election2019","status":"publish","type":"page","link":"https:\/\/www.cachc.ca\/fr\/election2019\/","title":{"rendered":"\u00c9lection f\u00e9d\u00e9rale 2019"},"content":{"rendered":"<p>[cs_content][cs_element_section _id=\u00a0\u00bb1&Prime; ][cs_element_row _id=\u00a0\u00bb2&Prime; ][cs_element_column _id=\u00a0\u00bb3&Prime; ][x_custom_headline level=\u00a0\u00bbh3&Prime; looks_like=\u00a0\u00bbh3&Prime; accent=\u00a0\u00bbfalse\u00a0\u00bb class=\u00a0\u00bbcs-ta-center\u00a0\u00bb style=\u00a0\u00bbcolor: hsl(0, 0%, 0%);\u00a0\u00bb]\u00c9lection f\u00e9d\u00e9rale 2019[\/x_custom_headline][\/cs_element_column][\/cs_element_row][cs_element_row _id=\u00a0\u00bb5&Prime; ][cs_element_column _id=\u00a0\u00bb6&Prime; ][cs_text]<\/p>\n<p><span style=\"color: #000000;\"><strong>Nous demandons \u00e0 tous les partis politiques f\u00e9d\u00e9raux \u00e0 s\u2019engager et \u00e0 investir dans cinq domaines cl\u00e9s qui apporteront un changement en profondeur et un avenir plus sain et plus prosp\u00e8re pour tous au Canada. Ces mesures aideront \u00e0 briser les silos et \u00e0 combler les lacunes dans les services de sant\u00e9 et les services sociaux, et \u00e0 \u00e9viter des co\u00fbts importants aux Canadiens en faisant des investissements plus judicieux en amont. <\/strong><\/span><span style=\"color: #cf1717;\"><strong>\u2192 <a href=\"https:\/\/www.cachc.ca\/wp-content\/uploads\/2019\/03\/ACCSC-Programme-daction-f%C3%A9d%C3%A9ral-2019_web-1.pdf\" target=\"_blank\" rel=\"noopener noreferrer\" style=\"color: #cf1717;\">T\u00e9l\u00e9chargez tous nos recommandations<\/a><\/strong><\/span><\/p>\n<p>[\/cs_text][\/cs_element_column][\/cs_element_row][\/cs_element_section][cs_element_section _id=\u00a0\u00bb8&Prime; ][cs_element_row _id=\u00a0\u00bb9&Prime; ][cs_element_column _id=\u00a0\u00bb10&Prime; ][x_icon type=\u00a0\u00bbstethoscope\u00a0\u00bb icon_color=\u00a0\u00bbhsl(0, 0%, 100%)\u00a0\u00bb bg_color=\u00a0\u00bb\u00a0\u00bb icon_size=\u00a0\u00bb44px\u00a0\u00bb bg_size=\u00a0\u00bb\u00a0\u00bb bg_border_radius=\u00a0\u00bb\u00a0\u00bb][\/cs_element_column][cs_element_column _id=\u00a0\u00bb12&Prime; ][x_icon type=\u00a0\u00bbpills\u00a0\u00bb icon_color=\u00a0\u00bbhsl(0, 0%, 100%)\u00a0\u00bb bg_color=\u00a0\u00bb\u00a0\u00bb icon_size=\u00a0\u00bb44px\u00a0\u00bb bg_size=\u00a0\u00bb\u00a0\u00bb bg_border_radius=\u00a0\u00bb\u00a0\u00bb][\/cs_element_column][cs_element_column _id=\u00a0\u00bb14&Prime; ][x_icon type=\u00a0\u00bbhome-heart\u00a0\u00bb icon_color=\u00a0\u00bbhsl(0, 0%, 100%)\u00a0\u00bb bg_color=\u00a0\u00bb\u00a0\u00bb icon_size=\u00a0\u00bb44px\u00a0\u00bb bg_size=\u00a0\u00bb\u00a0\u00bb bg_border_radius=\u00a0\u00bb\u00a0\u00bb][\/cs_element_column][cs_element_column _id=\u00a0\u00bb16&Prime; ][x_icon type=\u00a0\u00bbtooth\u00a0\u00bb icon_color=\u00a0\u00bbhsl(0, 0%, 100%)\u00a0\u00bb bg_color=\u00a0\u00bb\u00a0\u00bb icon_size=\u00a0\u00bb44px\u00a0\u00bb bg_size=\u00a0\u00bb\u00a0\u00bb bg_border_radius=\u00a0\u00bb\u00a0\u00bb][\/cs_element_column][cs_element_column _id=\u00a0\u00bb18&Prime; ][x_icon type=\u00a0\u00bbusers\u00a0\u00bb icon_color=\u00a0\u00bbhsl(0, 0%, 100%)\u00a0\u00bb bg_color=\u00a0\u00bb\u00a0\u00bb icon_size=\u00a0\u00bb44px\u00a0\u00bb bg_size=\u00a0\u00bb\u00a0\u00bb bg_border_radius=\u00a0\u00bb\u00a0\u00bb][\/cs_element_column][\/cs_element_row][cs_element_row _id=\u00a0\u00bb20&Prime; ][cs_element_column _id=\u00a0\u00bb21&Prime; ][x_custom_headline level=\u00a0\u00bbh2&Prime; looks_like=\u00a0\u00bbh4&Prime; accent=\u00a0\u00bbfalse\u00a0\u00bb class=\u00a0\u00bbcs-ta-center\u00a0\u00bb style=\u00a0\u00bbcolor: hsl(0, 0%, 100%);\u00a0\u00bb]Investir dans les centres de sant\u00e9 communautaire[\/x_custom_headline][\/cs_element_column][cs_element_column _id=\u00a0\u00bb23&Prime; ][x_custom_headline level=\u00a0\u00bbh2&Prime; looks_like=\u00a0\u00bbh4&Prime; accent=\u00a0\u00bbfalse\u00a0\u00bb class=\u00a0\u00bbcs-ta-center\u00a0\u00bb style=\u00a0\u00bbcolor: hsl(0, 0%, 100%);\u00a0\u00bb]Mettre sur pied un r\u00e9gime universel d`assurance-m\u00e9dicaments[\/x_custom_headline][\/cs_element_column][cs_element_column _id=\u00a0\u00bb25&Prime; ][x_custom_headline level=\u00a0\u00bbh2&Prime; looks_like=\u00a0\u00bbh4&Prime; accent=\u00a0\u00bbfalse\u00a0\u00bb class=\u00a0\u00bbcs-ta-center\u00a0\u00bb style=\u00a0\u00bbcolor: hsl(0, 0%, 100%);\u00a0\u00bb]Investir dans le logement abordable et les services aux sans-abri[\/x_custom_headline][\/cs_element_column][cs_element_column _id=\u00a0\u00bb27&Prime; ][x_custom_headline level=\u00a0\u00bbh2&Prime; looks_like=\u00a0\u00bbh4&Prime; accent=\u00a0\u00bbfalse\u00a0\u00bb class=\u00a0\u00bbcs-ta-center\u00a0\u00bb style=\u00a0\u00bbcolor: hsl(0, 0%, 100%);\u00a0\u00bb]\u00c9largir l`acc\u00e8s aux soins dentaires[\/x_custom_headline][\/cs_element_column][cs_element_column _id=\u00a0\u00bb29&Prime; ][x_custom_headline level=\u00a0\u00bbh2&Prime; looks_like=\u00a0\u00bbh4&Prime; accent=\u00a0\u00bbfalse\u00a0\u00bb class=\u00a0\u00bbcs-ta-center\u00a0\u00bb style=\u00a0\u00bbcolor: hsl(0, 0%, 100%);\u00a0\u00bb]Investir dans les soutiens pour les nouveaux arrivants vuln\u00e9rables[\/x_custom_headline][\/cs_element_column][\/cs_element_row][cs_element_row _id=\u00a0\u00bb31&Prime; ][cs_element_column _id=\u00a0\u00bb32&Prime; ][cs_element_button _id=\u00a0\u00bb33&Prime; ][\/cs_element_column][cs_element_column _id=\u00a0\u00bb34&Prime; ][cs_element_button _id=\u00a0\u00bb35&Prime; ][\/cs_element_column][cs_element_column _id=\u00a0\u00bb36&Prime; ][cs_element_button _id=\u00a0\u00bb37&Prime; ][\/cs_element_column][cs_element_column _id=\u00a0\u00bb38&Prime; ]&nbsp;[\/cs_element_column][cs_element_column _id=\u00a0\u00bb39&Prime; ]&nbsp;[\/cs_element_column][\/cs_element_row][\/cs_element_section][\/cs_content]<\/p>\n","protected":false},"excerpt":{"rendered":"<p>[cs_content][cs_element_section _id=\u00a0\u00bb1&Prime; ][cs_element_row _id=\u00a0\u00bb2&Prime; ][cs_element_column _id=\u00a0\u00bb3&Prime; ][x_custom_headline level=\u00a0\u00bbh3&Prime; looks_like=\u00a0\u00bbh3&Prime; accent=\u00a0\u00bbfalse\u00a0\u00bb class=\u00a0\u00bbcs-ta-center\u00a0\u00bb style=\u00a0\u00bbcolor: hsl(0, 0%, 0%);\u00a0\u00bb]\u00c9lection f\u00e9d\u00e9rale 2019[\/x_custom_headline][\/cs_element_column][\/cs_element_row][cs_element_row _id=\u00a0\u00bb5&Prime; ][cs_element_column _id=\u00a0\u00bb6&Prime; ][cs_text] Nous demandons \u00e0 tous les partis politiques f\u00e9d\u00e9raux \u00e0 s\u2019engager et \u00e0 investir dans cinq domaines cl\u00e9s qui apporteront un changement en profondeur et un avenir plus sain et plus prosp\u00e8re pour tous au Canada. Ces mesures aideront \u00e0 [&hellip;]<\/p>\n","protected":false},"author":1,"featured_media":79385,"parent":0,"menu_order":0,"comment_status":"closed","ping_status":"closed","template":"template-blank-5.php","meta":{"_bbp_topic_count":0,"_bbp_reply_count":0,"_bbp_total_topic_count":0,"_bbp_total_reply_count":0,"_bbp_voice_count":0,"_bbp_anonymous_reply_count":0,"_bbp_topic_count_hidden":0,"_bbp_reply_count_hidden":0,"_bbp_forum_subforum_count":0,"footnotes":""},"class_list":["post-79177","page","type-page","status-publish","has-post-thumbnail","hentry"],"yoast_head":"<!-- This site is optimized with the Yoast SEO plugin v27.2 - https:\/\/yoast.com\/product\/yoast-seo-wordpress\/ -->\n<title>\u00c9lection f\u00e9d\u00e9rale 2019 - ACCSC<\/title>\n<meta name=\"robots\" content=\"index, follow, max-snippet:-1, max-image-preview:large, max-video-preview:-1\" \/>\n<link rel=\"canonical\" href=\"https:\/\/www.cachc.ca\/election2019\/\" \/>\n<meta property=\"og:locale\" content=\"fr_FR\" \/>\n<meta property=\"og:type\" content=\"article\" \/>\n<meta property=\"og:title\" content=\"\u00c9lection f\u00e9d\u00e9rale 2019 - ACCSC\" \/>\n<meta property=\"og:description\" content=\"[cs_content][cs_element_section _id=\u00a0\u00bb1&Prime; ][cs_element_row _id=\u00a0\u00bb2&Prime; ][cs_element_column _id=\u00a0\u00bb3&Prime; ][x_custom_headline level=\u00a0\u00bbh3&Prime; looks_like=\u00a0\u00bbh3&Prime; accent=\u00a0\u00bbfalse\u00a0\u00bb class=\u00a0\u00bbcs-ta-center\u00a0\u00bb style=\u00a0\u00bbcolor: hsl(0, 0%, 0%);\u00a0\u00bb]\u00c9lection f\u00e9d\u00e9rale 2019[\/x_custom_headline][\/cs_element_column][\/cs_element_row][cs_element_row _id=\u00a0\u00bb5&Prime; ][cs_element_column _id=\u00a0\u00bb6&Prime; ][cs_text] Nous demandons \u00e0 tous les partis politiques f\u00e9d\u00e9raux \u00e0 s\u2019engager et \u00e0 investir dans cinq domaines cl\u00e9s qui apporteront un changement en profondeur et un avenir plus sain et plus prosp\u00e8re pour tous au Canada. Ces mesures aideront \u00e0 [&hellip;]\" \/>\n<meta property=\"og:url\" content=\"https:\/\/www.cachc.ca\/election2019\/\" \/>\n<meta property=\"og:site_name\" content=\"ACCSC\" \/>\n<meta property=\"article:modified_time\" content=\"2019-09-24T14:14:19+00:00\" \/>\n<meta property=\"og:image\" content=\"https:\/\/www.cachc.ca\/wp-content\/uploads\/2019\/02\/election-box.jpg\" \/>\n\t<meta property=\"og:image:width\" content=\"315\" \/>\n\t<meta property=\"og:image:height\" content=\"315\" \/>\n\t<meta property=\"og:image:type\" content=\"image\/jpeg\" \/>\n<meta name=\"twitter:card\" content=\"summary_large_image\" \/>\n<meta name=\"twitter:label1\" content=\"Dur\u00e9e de lecture estim\u00e9e\" \/>\n\t<meta name=\"twitter:data1\" content=\"3 minutes\" \/>\n<script type=\"application\/ld+json\" class=\"yoast-schema-graph\">{\"@context\":\"https:\/\/schema.org\",\"@graph\":[{\"@type\":\"WebPage\",\"@id\":\"https:\/\/www.cachc.ca\/election2019\/\",\"url\":\"https:\/\/www.cachc.ca\/election2019\/\",\"name\":\"\u00c9lection f\u00e9d\u00e9rale 2019 - ACCSC\",\"isPartOf\":{\"@id\":\"https:\/\/www.cachc.ca\/#website\"},\"primaryImageOfPage\":{\"@id\":\"https:\/\/www.cachc.ca\/election2019\/#primaryimage\"},\"image\":{\"@id\":\"https:\/\/www.cachc.ca\/election2019\/#primaryimage\"},\"thumbnailUrl\":\"https:\/\/www.cachc.ca\/wp-content\/uploads\/2019\/02\/election-box.jpg\",\"datePublished\":\"2019-02-07T20:30:52+00:00\",\"dateModified\":\"2019-09-24T14:14:19+00:00\",\"inLanguage\":\"fr-FR\",\"potentialAction\":[{\"@type\":\"ReadAction\",\"target\":[\"https:\/\/www.cachc.ca\/election2019\/\"]}]},{\"@type\":\"ImageObject\",\"inLanguage\":\"fr-FR\",\"@id\":\"https:\/\/www.cachc.ca\/election2019\/#primaryimage\",\"url\":\"https:\/\/www.cachc.ca\/wp-content\/uploads\/2019\/02\/election-box.jpg\",\"contentUrl\":\"https:\/\/www.cachc.ca\/wp-content\/uploads\/2019\/02\/election-box.jpg\",\"width\":315,\"height\":315},{\"@type\":\"WebSite\",\"@id\":\"https:\/\/www.cachc.ca\/#website\",\"url\":\"https:\/\/www.cachc.ca\/\",\"name\":\"ACCSC\",\"description\":\"Les centres de sant\u00e9 communautaire au Canada\",\"potentialAction\":[{\"@type\":\"SearchAction\",\"target\":{\"@type\":\"EntryPoint\",\"urlTemplate\":\"https:\/\/www.cachc.ca\/?s={search_term_string}\"},\"query-input\":{\"@type\":\"PropertyValueSpecification\",\"valueRequired\":true,\"valueName\":\"search_term_string\"}}],\"inLanguage\":\"fr-FR\"}]}<\/script>\n<!-- \/ Yoast SEO plugin. -->","yoast_head_json":{"title":"\u00c9lection f\u00e9d\u00e9rale 2019 - ACCSC","robots":{"index":"index","follow":"follow","max-snippet":"max-snippet:-1","max-image-preview":"max-image-preview:large","max-video-preview":"max-video-preview:-1"},"canonical":"https:\/\/www.cachc.ca\/election2019\/","og_locale":"fr_FR","og_type":"article","og_title":"\u00c9lection f\u00e9d\u00e9rale 2019 - ACCSC","og_description":"[cs_content][cs_element_section _id=\u00a0\u00bb1&Prime; ][cs_element_row _id=\u00a0\u00bb2&Prime; ][cs_element_column _id=\u00a0\u00bb3&Prime; ][x_custom_headline level=\u00a0\u00bbh3&Prime; looks_like=\u00a0\u00bbh3&Prime; accent=\u00a0\u00bbfalse\u00a0\u00bb class=\u00a0\u00bbcs-ta-center\u00a0\u00bb style=\u00a0\u00bbcolor: hsl(0, 0%, 0%);\u00a0\u00bb]\u00c9lection f\u00e9d\u00e9rale 2019[\/x_custom_headline][\/cs_element_column][\/cs_element_row][cs_element_row _id=\u00a0\u00bb5&Prime; ][cs_element_column _id=\u00a0\u00bb6&Prime; ][cs_text] Nous demandons \u00e0 tous les partis politiques f\u00e9d\u00e9raux \u00e0 s\u2019engager et \u00e0 investir dans cinq domaines cl\u00e9s qui apporteront un changement en profondeur et un avenir plus sain et plus prosp\u00e8re pour tous au Canada. Ces mesures aideront \u00e0 [&hellip;]","og_url":"https:\/\/www.cachc.ca\/election2019\/","og_site_name":"ACCSC","article_modified_time":"2019-09-24T14:14:19+00:00","og_image":[{"width":315,"height":315,"url":"https:\/\/www.cachc.ca\/wp-content\/uploads\/2019\/02\/election-box.jpg","type":"image\/jpeg"}],"twitter_card":"summary_large_image","twitter_misc":{"Dur\u00e9e de lecture estim\u00e9e":"3 minutes"},"schema":{"@context":"https:\/\/schema.org","@graph":[{"@type":"WebPage","@id":"https:\/\/www.cachc.ca\/election2019\/","url":"https:\/\/www.cachc.ca\/election2019\/","name":"\u00c9lection f\u00e9d\u00e9rale 2019 - ACCSC","isPartOf":{"@id":"https:\/\/www.cachc.ca\/#website"},"primaryImageOfPage":{"@id":"https:\/\/www.cachc.ca\/election2019\/#primaryimage"},"image":{"@id":"https:\/\/www.cachc.ca\/election2019\/#primaryimage"},"thumbnailUrl":"https:\/\/www.cachc.ca\/wp-content\/uploads\/2019\/02\/election-box.jpg","datePublished":"2019-02-07T20:30:52+00:00","dateModified":"2019-09-24T14:14:19+00:00","inLanguage":"fr-FR","potentialAction":[{"@type":"ReadAction","target":["https:\/\/www.cachc.ca\/election2019\/"]}]},{"@type":"ImageObject","inLanguage":"fr-FR","@id":"https:\/\/www.cachc.ca\/election2019\/#primaryimage","url":"https:\/\/www.cachc.ca\/wp-content\/uploads\/2019\/02\/election-box.jpg","contentUrl":"https:\/\/www.cachc.ca\/wp-content\/uploads\/2019\/02\/election-box.jpg","width":315,"height":315},{"@type":"WebSite","@id":"https:\/\/www.cachc.ca\/#website","url":"https:\/\/www.cachc.ca\/","name":"ACCSC","description":"Les centres de sant\u00e9 communautaire au Canada","potentialAction":[{"@type":"SearchAction","target":{"@type":"EntryPoint","urlTemplate":"https:\/\/www.cachc.ca\/?s={search_term_string}"},"query-input":{"@type":"PropertyValueSpecification","valueRequired":true,"valueName":"search_term_string"}}],"inLanguage":"fr-FR"}]}},"_links":{"self":[{"href":"https:\/\/www.cachc.ca\/fr\/wp-json\/wp\/v2\/pages\/79177","targetHints":{"allow":["GET"]}}],"collection":[{"href":"https:\/\/www.cachc.ca\/fr\/wp-json\/wp\/v2\/pages"}],"about":[{"href":"https:\/\/www.cachc.ca\/fr\/wp-json\/wp\/v2\/types\/page"}],"author":[{"embeddable":true,"href":"https:\/\/www.cachc.ca\/fr\/wp-json\/wp\/v2\/users\/1"}],"replies":[{"embeddable":true,"href":"https:\/\/www.cachc.ca\/fr\/wp-json\/wp\/v2\/comments?post=79177"}],"version-history":[{"count":10,"href":"https:\/\/www.cachc.ca\/fr\/wp-json\/wp\/v2\/pages\/79177\/revisions"}],"predecessor-version":[{"id":80579,"href":"https:\/\/www.cachc.ca\/fr\/wp-json\/wp\/v2\/pages\/79177\/revisions\/80579"}],"wp:featuredmedia":[{"embeddable":true,"href":"https:\/\/www.cachc.ca\/fr\/wp-json\/wp\/v2\/media\/79385"}],"wp:attachment":[{"href":"https:\/\/www.cachc.ca\/fr\/wp-json\/wp\/v2\/media?parent=79177"}],"curies":[{"name":"wp","href":"https:\/\/api.w.org\/{rel}","templated":true}]}}