{"id":7048,"date":"2015-06-08T13:17:52","date_gmt":"2015-06-08T17:17:52","guid":{"rendered":"http:\/\/www.cachc.ca\/?page_id=7048"},"modified":"2019-02-08T15:40:17","modified_gmt":"2019-02-08T20:40:17","slug":"acces","status":"publish","type":"page","link":"https:\/\/www.cachc.ca\/fr\/acces\/","title":{"rendered":"Acc\u00e8s aux CSC de langue fran\u00e7aise"},"content":{"rendered":"<p>[cs_content][cs_section parallax=\u00a0\u00bbfalse\u00a0\u00bb separator_top_type=\u00a0\u00bbnone\u00a0\u00bb separator_top_height=\u00a0\u00bb50px\u00a0\u00bb separator_top_inset=\u00a0\u00bb0px\u00a0\u00bb separator_top_angle_point=\u00a0\u00bb50&Prime; separator_bottom_type=\u00a0\u00bbnone\u00a0\u00bb separator_bottom_height=\u00a0\u00bb50px\u00a0\u00bb separator_bottom_inset=\u00a0\u00bb0px\u00a0\u00bb separator_bottom_angle_point=\u00a0\u00bb50&Prime; style=\u00a0\u00bbmargin: 0px;padding: 0px 40px 0px 30px;\u00a0\u00bb][cs_row inner_container=\u00a0\u00bbtrue\u00a0\u00bb marginless_columns=\u00a0\u00bbfalse\u00a0\u00bb style=\u00a0\u00bbmargin: 0px auto;padding: 0px;\u00a0\u00bb][cs_column fade=\u00a0\u00bbfalse\u00a0\u00bb fade_animation=\u00a0\u00bbin\u00a0\u00bb fade_animation_offset=\u00a0\u00bb45px\u00a0\u00bb fade_duration=\u00a0\u00bb750&Prime; type=\u00a0\u00bb1\/1&Prime; style=\u00a0\u00bbpadding: 0px 0px 40px;\u00a0\u00bb][x_custom_headline level=\u00a0\u00bbh2&Prime; looks_like=\u00a0\u00bbh3&Prime; accent=\u00a0\u00bbfalse\u00a0\u00bb class=\u00a0\u00bbcs-ta-center\u00a0\u00bb]Acc\u00e8s aux CSC de langue fran\u00e7aise[\/x_custom_headline][\/cs_column][\/cs_row][cs_row inner_container=\u00a0\u00bbtrue\u00a0\u00bb marginless_columns=\u00a0\u00bbfalse\u00a0\u00bb style=\u00a0\u00bbmargin: 0px auto;padding: 0px;\u00a0\u00bb][cs_column fade=\u00a0\u00bbfalse\u00a0\u00bb fade_animation=\u00a0\u00bbin\u00a0\u00bb fade_animation_offset=\u00a0\u00bb45px\u00a0\u00bb fade_duration=\u00a0\u00bb750&Prime; type=\u00a0\u00bb1\/4&Prime; style=\u00a0\u00bbpadding: 0px 20px 0px 40px;\u00a0\u00bb][x_gap size=\u00a0\u00bb10px\u00a0\u00bb][x_image type=\u00a0\u00bbthumbnail\u00a0\u00bb src=\u00a0\u00bbhttps:\/\/www.cachc.ca\/wp-content\/uploads\/2019\/02\/Guide-pratique-image.png\u00a0\u00bb alt=\u00a0\u00bb\u00a0\u00bb link=\u00a0\u00bbtrue\u00a0\u00bb href=\u00a0\u00bbhttps:\/\/www.cachc.ca\/wp-content\/uploads\/2017\/09\/Guide-pratique-Premi\u00e8re-\u00e9dition-2017.pdf\u00a0\u00bb title=\u00a0\u00bb\u00a0\u00bb target=\u00a0\u00bbblank\u00a0\u00bb info=\u00a0\u00bbnone\u00a0\u00bb info_place=\u00a0\u00bbtop\u00a0\u00bb info_trigger=\u00a0\u00bbhover\u00a0\u00bb info_content=\u00a0\u00bb\u00a0\u00bb][x_gap size=\u00a0\u00bb30px\u00a0\u00bb][x_image type=\u00a0\u00bbthumbnail\u00a0\u00bb src=\u00a0\u00bbhttps:\/\/www.cachc.ca\/wp-content\/uploads\/2019\/02\/Rapport-couvert.png\u00a0\u00bb alt=\u00a0\u00bb\u00a0\u00bb link=\u00a0\u00bbtrue\u00a0\u00bb href=\u00a0\u00bbhttps:\/\/www.cachc.ca\/wp-content\/uploads\/2016\/03\/Rapport-SSF-ACCSC-version-finale.pdf\u00a0\u00bb title=\u00a0\u00bb\u00a0\u00bb target=\u00a0\u00bbblank\u00a0\u00bb info=\u00a0\u00bbnone\u00a0\u00bb info_place=\u00a0\u00bbtop\u00a0\u00bb info_trigger=\u00a0\u00bbhover\u00a0\u00bb info_content=\u00a0\u00bb\u00a0\u00bb][\/cs_column][cs_column fade=\u00a0\u00bbfalse\u00a0\u00bb fade_animation=\u00a0\u00bbin\u00a0\u00bb fade_animation_offset=\u00a0\u00bb45px\u00a0\u00bb fade_duration=\u00a0\u00bb750&Prime; type=\u00a0\u00bb3\/4&Prime; style=\u00a0\u00bbpadding: 0px;\u00a0\u00bb][x_columnize]<\/p>\n<p style=\"text-align: justify;\"><span style=\"color: #000000;\">Les soins de sant\u00e9 primaires offerts aux francophones vivant en situation minoritaire, y inclus les centres de sant\u00e9 communautaire, diff\u00e8rent grandement d\u2019une province ou d\u2019un territoire \u00e0 l\u2019autre, puisque chacun a ses m\u00e9canismes particuliers en la mati\u00e8re.<\/span><\/p>\n<p style=\"text-align: justify;\"><span style=\"color: #000000;\">L\u2019Association canadienne des centres de sant\u00e9 communautaire (ACCSC) et son r\u00e9seau pancanadien de centres de sant\u00e9 communautaire francophones et bilingues travaillent fortement pour sensibiliser le public au sujet des besoins des communaut\u00e9s francophones et le fort potentiel des centres de sant\u00e9 communautaire de combler les lacunes en mati\u00e8re d\u2019acc\u00e8s aux soins de sant\u00e9 et aux services sociaux pour les individus, les familles et les communaut\u00e9s entiers.<\/span><\/p>\n<p style=\"text-align: justify;\"><span style=\"color: #000000;\">En f\u00e9vrier 2016, l\u2019Association et la Soci\u00e9t\u00e9 Sant\u00e9 en fran\u00e7ais ont lanc\u00e9 l\u2019exercice <a href=\"https:\/\/www.cachc.ca\/wp-content\/uploads\/2016\/03\/Rapport-SSF-ACCSC-version-finale.pdf\" target=\"_blank\" rel=\"noopener\">\u00c9tat de la situation et \u00e9tude de mod\u00e8les de soins de sant\u00e9 primaires offerts aux francophones vivant en situation minoritaire au Canada<\/a>. <\/span><\/p>\n<p style=\"text-align: justify;\"><span style=\"color: #000000;\">Le rapport recommandait la cr\u00e9ation d\u2019un plus grand nombre de centres de sant\u00e9 communautaire au pays et notait que plusieurs communaut\u00e9s francophones qui ont d\u00e9j\u00e0 \u00e9tabli un tel centre ont \u00e9t\u00e9 confront\u00e9es \u00e0 des d\u00e9fis semblables notamment au plan des ressources humaines, du financement et de la gouvernance.<\/span><\/p>\n<p style=\"text-align: justify;\"><span style=\"color: #000000;\">Suite \u00e0 ce rapport, l&rsquo;ACCSC et la Soci\u00e9t\u00e9 Sant\u00e9 en fran\u00e7ais ont lanc\u00e9 en 2017 <a href=\"https:\/\/www.cachc.ca\/wp-content\/uploads\/2017\/09\/Guide-pratique-Premi%C3%A8re-%C3%A9dition-2017.pdf\" target=\"_blank\" rel=\"noopener\">le Guide pratique pour l\u2019implantation d\u2019un centre de sant\u00e9 communautaire destin\u00e9 aux communaut\u00e9s francophones et acadiennes en situation minoritaire<\/a>. <\/span><\/p>\n<p style=\"text-align: justify;\"><span style=\"color: #000000;\">Ce guide a \u00e9t\u00e9 \u00e9labor\u00e9 pour aider la prochaine vague de communaut\u00e9s francophones et acadiennes ayant besoin de services de sant\u00e9 primaires et services sociaux en fran\u00e7ais.\u00a0<\/span><span style=\"color: #000000;\">Au moyen d\u2019exemples et de discussions des enjeux importants, il propose une piste locale \u00e0 suivre pour d\u00e9velopper des services en fran\u00e7ais, par l\u2019implantation de centres de sant\u00e9 communautaire. <\/span><\/p>\n<p style=\"text-align: justify;\"><span style=\"color: #000000;\">Le guide s\u2019appuie sur l\u2019exp\u00e9rience de nombreuses communaut\u00e9s francophones et acadiennes partout au Canada, ainsi que des entrevues men\u00e9es au cours des trois derni\u00e8res ann\u00e9es avec les organismes et experts\u00a0<\/span><span style=\"color: #000000;\">\u00e9num\u00e9r\u00e9s dans la section Remerciements. <\/span><\/p>\n<p style=\"text-align: justify;\"><span style=\"color: #000000;\">Il pr\u00e9sente les avantages du mod\u00e8le de centre de sant\u00e9 communautaire et sugg\u00e8re des moyens pour organiser un groupe de travail communautaire. Les dix \u00e9tapes et les feuilles de travail constituent le fondement d\u2019un plan d\u2019affaires, en fonction des besoins relev\u00e9s et d\u2019un argumentaire solide \u00e0 pr\u00e9senter aux autorit\u00e9s responsables de la sant\u00e9 et aux\u00a0<\/span><span style=\"color: #000000;\">gouvernements.<\/span><\/p>\n<p style=\"text-align: justify;\"><span style=\"color: #000000;\">Le guide s\u2019adresse \u00e0 divers publics, dont les leaders de communaut\u00e9s en situation minoritaire au Canada, les centres de sant\u00e9 (offrant ou non des services de sant\u00e9 en fran\u00e7ais), les conseils municipaux, les r\u00e9gions, les r\u00e9gies, les autorit\u00e9s ou les r\u00e9seaux de sant\u00e9 et autres.<\/span><\/p>\n<p>[\/x_columnize][\/cs_column][\/cs_row][\/cs_section][cs_section bg_color=\u00a0\u00bbhsl(203, 45%, 55%)\u00a0\u00bb parallax=\u00a0\u00bbfalse\u00a0\u00bb separator_top_type=\u00a0\u00bbnone\u00a0\u00bb separator_top_height=\u00a0\u00bb50px\u00a0\u00bb separator_top_inset=\u00a0\u00bb0px\u00a0\u00bb separator_top_angle_point=\u00a0\u00bb50&Prime; separator_bottom_type=\u00a0\u00bbnone\u00a0\u00bb separator_bottom_height=\u00a0\u00bb50px\u00a0\u00bb separator_bottom_inset=\u00a0\u00bb0px\u00a0\u00bb separator_bottom_angle_point=\u00a0\u00bb50&Prime; style=\u00a0\u00bbmargin: 0px;padding: 0px 0px 40px;\u00a0\u00bb][cs_row inner_container=\u00a0\u00bbtrue\u00a0\u00bb marginless_columns=\u00a0\u00bbfalse\u00a0\u00bb style=\u00a0\u00bbmargin: 0px auto;padding: 0px;\u00a0\u00bb][cs_column bg_color=\u00a0\u00bbtransparent\u00a0\u00bb fade=\u00a0\u00bbfalse\u00a0\u00bb fade_animation=\u00a0\u00bbin\u00a0\u00bb fade_animation_offset=\u00a0\u00bb45px\u00a0\u00bb fade_duration=\u00a0\u00bb750&Prime; type=\u00a0\u00bb1\/1&Prime; style=\u00a0\u00bbpadding: 0px;\u00a0\u00bb][x_custom_headline level=\u00a0\u00bbh2&Prime; looks_like=\u00a0\u00bbh4&Prime; accent=\u00a0\u00bbtrue\u00a0\u00bb class=\u00a0\u00bbcs-ta-center\u00a0\u00bb style=\u00a0\u00bbcolor: hsl(0, 0%, 100%);\u00a0\u00bb]R\u00e9seau pancanadien de CSC francophones et bilingues[\/x_custom_headline][\/cs_column][\/cs_row][cs_row inner_container=\u00a0\u00bbtrue\u00a0\u00bb marginless_columns=\u00a0\u00bbfalse\u00a0\u00bb style=\u00a0\u00bbmargin: 0px auto;padding: 0px;\u00a0\u00bb][cs_column fade=\u00a0\u00bbfalse\u00a0\u00bb fade_animation=\u00a0\u00bbin\u00a0\u00bb fade_animation_offset=\u00a0\u00bb45px\u00a0\u00bb fade_duration=\u00a0\u00bb750&Prime; type=\u00a0\u00bb1\/1&Prime; style=\u00a0\u00bbpadding: 0px;\u00a0\u00bb][x_gap size=\u00a0\u00bb20px\u00a0\u00bb][\/cs_column][\/cs_row][cs_row inner_container=\u00a0\u00bbtrue\u00a0\u00bb marginless_columns=\u00a0\u00bbfalse\u00a0\u00bb style=\u00a0\u00bbmargin: 0px auto;padding: 0px;\u00a0\u00bb][cs_column fade=\u00a0\u00bbfalse\u00a0\u00bb fade_animation=\u00a0\u00bbin\u00a0\u00bb fade_animation_offset=\u00a0\u00bb45px\u00a0\u00bb fade_duration=\u00a0\u00bb750&Prime; type=\u00a0\u00bb1\/3&Prime; style=\u00a0\u00bbpadding: 0px 0px 0px 20px;\u00a0\u00bb][x_image type=\u00a0\u00bbcircle\u00a0\u00bb src=\u00a0\u00bbhttps:\/\/www.cachc.ca\/wp-content\/uploads\/2018\/11\/JMaxwell.jpg\u00a0\u00bb alt=\u00a0\u00bb\u00a0\u00bb link=\u00a0\u00bbfalse\u00a0\u00bb href=\u00a0\u00bb#\u00a0\u00bb title=\u00a0\u00bb\u00a0\u00bb target=\u00a0\u00bb\u00a0\u00bb info=\u00a0\u00bbnone\u00a0\u00bb info_place=\u00a0\u00bbtop\u00a0\u00bb info_trigger=\u00a0\u00bbhover\u00a0\u00bb info_content=\u00a0\u00bb\u00a0\u00bb][\/cs_column][cs_column fade=\u00a0\u00bbfalse\u00a0\u00bb fade_animation=\u00a0\u00bbin\u00a0\u00bb fade_animation_offset=\u00a0\u00bb45px\u00a0\u00bb fade_duration=\u00a0\u00bb750&Prime; type=\u00a0\u00bb2\/3&Prime; style=\u00a0\u00bbpadding: 0px;\u00a0\u00bb][cs_text]<\/p>\n<h5><span style=\"color: #ffffff;\"><strong>Pr\u00e9sidente (2018-19) du r\u00e9seau et du groupe de travail de l\u2019ACCSC<\/strong><\/span><\/h5>\n<p><span style=\"color: #ffffff;\"><strong>Jocelyne Maxwell<\/strong><\/span><br \/>\n<span style=\"color: #ffffff;\"> &#8211; Directrice g\u00e9n\u00e9rale,\u00a0Centre de sant\u00e9 communautaire du T\u00e9miskaming (New Liskeard, Ontario)<\/span><br \/>\n<span style=\"color: #ffffff;\"> &#8211; Membre du Conseil d\u2019administration de l\u2019ACCSC<\/span><\/p>\n<p>[\/cs_text][\/cs_column][\/cs_row][\/cs_section][\/cs_content]<\/p>\n","protected":false},"excerpt":{"rendered":"<p>[cs_content][cs_section parallax=\u00a0\u00bbfalse\u00a0\u00bb separator_top_type=\u00a0\u00bbnone\u00a0\u00bb separator_top_height=\u00a0\u00bb50px\u00a0\u00bb separator_top_inset=\u00a0\u00bb0px\u00a0\u00bb separator_top_angle_point=\u00a0\u00bb50&Prime; separator_bottom_type=\u00a0\u00bbnone\u00a0\u00bb separator_bottom_height=\u00a0\u00bb50px\u00a0\u00bb separator_bottom_inset=\u00a0\u00bb0px\u00a0\u00bb separator_bottom_angle_point=\u00a0\u00bb50&Prime; style=\u00a0\u00bbmargin: 0px;padding: 0px 40px 0px 30px;\u00a0\u00bb][cs_row inner_container=\u00a0\u00bbtrue\u00a0\u00bb marginless_columns=\u00a0\u00bbfalse\u00a0\u00bb style=\u00a0\u00bbmargin: 0px auto;padding: 0px;\u00a0\u00bb][cs_column fade=\u00a0\u00bbfalse\u00a0\u00bb fade_animation=\u00a0\u00bbin\u00a0\u00bb fade_animation_offset=\u00a0\u00bb45px\u00a0\u00bb fade_duration=\u00a0\u00bb750&Prime; type=\u00a0\u00bb1\/1&Prime; style=\u00a0\u00bbpadding: 0px 0px 40px;\u00a0\u00bb][x_custom_headline level=\u00a0\u00bbh2&Prime; looks_like=\u00a0\u00bbh3&Prime; accent=\u00a0\u00bbfalse\u00a0\u00bb class=\u00a0\u00bbcs-ta-center\u00a0\u00bb]Acc\u00e8s aux CSC de langue fran\u00e7aise[\/x_custom_headline][\/cs_column][\/cs_row][cs_row inner_container=\u00a0\u00bbtrue\u00a0\u00bb marginless_columns=\u00a0\u00bbfalse\u00a0\u00bb style=\u00a0\u00bbmargin: 0px auto;padding: 0px;\u00a0\u00bb][cs_column fade=\u00a0\u00bbfalse\u00a0\u00bb fade_animation=\u00a0\u00bbin\u00a0\u00bb fade_animation_offset=\u00a0\u00bb45px\u00a0\u00bb fade_duration=\u00a0\u00bb750&Prime; type=\u00a0\u00bb1\/4&Prime; style=\u00a0\u00bbpadding: 0px 20px 0px 40px;\u00a0\u00bb][x_gap size=\u00a0\u00bb10px\u00a0\u00bb][x_image type=\u00a0\u00bbthumbnail\u00a0\u00bb src=\u00a0\u00bbhttps:\/\/www.cachc.ca\/wp-content\/uploads\/2019\/02\/Guide-pratique-image.png\u00a0\u00bb alt=\u00a0\u00bb\u00a0\u00bb [&hellip;]<\/p>\n","protected":false},"author":1,"featured_media":0,"parent":0,"menu_order":0,"comment_status":"closed","ping_status":"closed","template":"template-blank-5.php","meta":{"_bbp_topic_count":0,"_bbp_reply_count":0,"_bbp_total_topic_count":0,"_bbp_total_reply_count":0,"_bbp_voice_count":0,"_bbp_anonymous_reply_count":0,"_bbp_topic_count_hidden":0,"_bbp_reply_count_hidden":0,"_bbp_forum_subforum_count":0,"footnotes":""},"class_list":["post-7048","page","type-page","status-publish","hentry"],"yoast_head":"<!-- This site is optimized with the Yoast SEO plugin v27.5 - https:\/\/yoast.com\/product\/yoast-seo-wordpress\/ -->\n<title>Acc\u00e8s aux CSC de langue fran\u00e7aise - ACCSC<\/title>\n<meta name=\"robots\" content=\"index, follow, max-snippet:-1, max-image-preview:large, max-video-preview:-1\" \/>\n<link rel=\"canonical\" href=\"https:\/\/www.cachc.ca\/fr\/acces\/\" \/>\n<meta property=\"og:locale\" content=\"fr_FR\" \/>\n<meta property=\"og:type\" content=\"article\" \/>\n<meta property=\"og:title\" content=\"Acc\u00e8s aux CSC de langue fran\u00e7aise - ACCSC\" \/>\n<meta property=\"og:description\" content=\"[cs_content][cs_section parallax=\u00a0\u00bbfalse\u00a0\u00bb separator_top_type=\u00a0\u00bbnone\u00a0\u00bb separator_top_height=\u00a0\u00bb50px\u00a0\u00bb separator_top_inset=\u00a0\u00bb0px\u00a0\u00bb separator_top_angle_point=\u00a0\u00bb50&Prime; separator_bottom_type=\u00a0\u00bbnone\u00a0\u00bb separator_bottom_height=\u00a0\u00bb50px\u00a0\u00bb separator_bottom_inset=\u00a0\u00bb0px\u00a0\u00bb separator_bottom_angle_point=\u00a0\u00bb50&Prime; style=\u00a0\u00bbmargin: 0px;padding: 0px 40px 0px 30px;\u00a0\u00bb][cs_row inner_container=\u00a0\u00bbtrue\u00a0\u00bb marginless_columns=\u00a0\u00bbfalse\u00a0\u00bb style=\u00a0\u00bbmargin: 0px auto;padding: 0px;\u00a0\u00bb][cs_column fade=\u00a0\u00bbfalse\u00a0\u00bb fade_animation=\u00a0\u00bbin\u00a0\u00bb fade_animation_offset=\u00a0\u00bb45px\u00a0\u00bb fade_duration=\u00a0\u00bb750&Prime; type=\u00a0\u00bb1\/1&Prime; style=\u00a0\u00bbpadding: 0px 0px 40px;\u00a0\u00bb][x_custom_headline level=\u00a0\u00bbh2&Prime; looks_like=\u00a0\u00bbh3&Prime; accent=\u00a0\u00bbfalse\u00a0\u00bb class=\u00a0\u00bbcs-ta-center\u00a0\u00bb]Acc\u00e8s aux CSC de langue fran\u00e7aise[\/x_custom_headline][\/cs_column][\/cs_row][cs_row inner_container=\u00a0\u00bbtrue\u00a0\u00bb marginless_columns=\u00a0\u00bbfalse\u00a0\u00bb style=\u00a0\u00bbmargin: 0px auto;padding: 0px;\u00a0\u00bb][cs_column fade=\u00a0\u00bbfalse\u00a0\u00bb fade_animation=\u00a0\u00bbin\u00a0\u00bb fade_animation_offset=\u00a0\u00bb45px\u00a0\u00bb fade_duration=\u00a0\u00bb750&Prime; type=\u00a0\u00bb1\/4&Prime; style=\u00a0\u00bbpadding: 0px 20px 0px 40px;\u00a0\u00bb][x_gap size=\u00a0\u00bb10px\u00a0\u00bb][x_image type=\u00a0\u00bbthumbnail\u00a0\u00bb src=\u00a0\u00bbhttps:\/\/www.cachc.ca\/wp-content\/uploads\/2019\/02\/Guide-pratique-image.png\u00a0\u00bb alt=\u00a0\u00bb\u00a0\u00bb [&hellip;]\" \/>\n<meta property=\"og:url\" content=\"https:\/\/www.cachc.ca\/fr\/acces\/\" \/>\n<meta property=\"og:site_name\" content=\"ACCSC\" \/>\n<meta property=\"article:modified_time\" content=\"2019-02-08T20:40:17+00:00\" \/>\n<meta name=\"twitter:card\" content=\"summary_large_image\" \/>\n<meta name=\"twitter:label1\" content=\"Dur\u00e9e de lecture estim\u00e9e\" \/>\n\t<meta name=\"twitter:data1\" content=\"5 minutes\" \/>\n<script type=\"application\/ld+json\" class=\"yoast-schema-graph\">{\"@context\":\"https:\\\/\\\/schema.org\",\"@graph\":[{\"@type\":\"WebPage\",\"@id\":\"https:\\\/\\\/www.cachc.ca\\\/fr\\\/acces\\\/\",\"url\":\"https:\\\/\\\/www.cachc.ca\\\/fr\\\/acces\\\/\",\"name\":\"Acc\u00e8s aux CSC de langue fran\u00e7aise - ACCSC\",\"isPartOf\":{\"@id\":\"https:\\\/\\\/www.cachc.ca\\\/#website\"},\"datePublished\":\"2015-06-08T17:17:52+00:00\",\"dateModified\":\"2019-02-08T20:40:17+00:00\",\"inLanguage\":\"fr-FR\",\"potentialAction\":[{\"@type\":\"ReadAction\",\"target\":[\"https:\\\/\\\/www.cachc.ca\\\/fr\\\/acces\\\/\"]}]},{\"@type\":\"WebSite\",\"@id\":\"https:\\\/\\\/www.cachc.ca\\\/#website\",\"url\":\"https:\\\/\\\/www.cachc.ca\\\/\",\"name\":\"ACCSC\",\"description\":\"Les centres de sant\u00e9 communautaire au Canada\",\"potentialAction\":[{\"@type\":\"SearchAction\",\"target\":{\"@type\":\"EntryPoint\",\"urlTemplate\":\"https:\\\/\\\/www.cachc.ca\\\/?s={search_term_string}\"},\"query-input\":{\"@type\":\"PropertyValueSpecification\",\"valueRequired\":true,\"valueName\":\"search_term_string\"}}],\"inLanguage\":\"fr-FR\"}]}<\/script>\n<!-- \/ Yoast SEO plugin. -->","yoast_head_json":{"title":"Acc\u00e8s aux CSC de langue fran\u00e7aise - ACCSC","robots":{"index":"index","follow":"follow","max-snippet":"max-snippet:-1","max-image-preview":"max-image-preview:large","max-video-preview":"max-video-preview:-1"},"canonical":"https:\/\/www.cachc.ca\/fr\/acces\/","og_locale":"fr_FR","og_type":"article","og_title":"Acc\u00e8s aux CSC de langue fran\u00e7aise - ACCSC","og_description":"[cs_content][cs_section parallax=\u00a0\u00bbfalse\u00a0\u00bb separator_top_type=\u00a0\u00bbnone\u00a0\u00bb separator_top_height=\u00a0\u00bb50px\u00a0\u00bb separator_top_inset=\u00a0\u00bb0px\u00a0\u00bb separator_top_angle_point=\u00a0\u00bb50&Prime; separator_bottom_type=\u00a0\u00bbnone\u00a0\u00bb separator_bottom_height=\u00a0\u00bb50px\u00a0\u00bb separator_bottom_inset=\u00a0\u00bb0px\u00a0\u00bb separator_bottom_angle_point=\u00a0\u00bb50&Prime; style=\u00a0\u00bbmargin: 0px;padding: 0px 40px 0px 30px;\u00a0\u00bb][cs_row inner_container=\u00a0\u00bbtrue\u00a0\u00bb marginless_columns=\u00a0\u00bbfalse\u00a0\u00bb style=\u00a0\u00bbmargin: 0px auto;padding: 0px;\u00a0\u00bb][cs_column fade=\u00a0\u00bbfalse\u00a0\u00bb fade_animation=\u00a0\u00bbin\u00a0\u00bb fade_animation_offset=\u00a0\u00bb45px\u00a0\u00bb fade_duration=\u00a0\u00bb750&Prime; type=\u00a0\u00bb1\/1&Prime; style=\u00a0\u00bbpadding: 0px 0px 40px;\u00a0\u00bb][x_custom_headline level=\u00a0\u00bbh2&Prime; looks_like=\u00a0\u00bbh3&Prime; accent=\u00a0\u00bbfalse\u00a0\u00bb class=\u00a0\u00bbcs-ta-center\u00a0\u00bb]Acc\u00e8s aux CSC de langue fran\u00e7aise[\/x_custom_headline][\/cs_column][\/cs_row][cs_row inner_container=\u00a0\u00bbtrue\u00a0\u00bb marginless_columns=\u00a0\u00bbfalse\u00a0\u00bb style=\u00a0\u00bbmargin: 0px auto;padding: 0px;\u00a0\u00bb][cs_column fade=\u00a0\u00bbfalse\u00a0\u00bb fade_animation=\u00a0\u00bbin\u00a0\u00bb fade_animation_offset=\u00a0\u00bb45px\u00a0\u00bb fade_duration=\u00a0\u00bb750&Prime; type=\u00a0\u00bb1\/4&Prime; style=\u00a0\u00bbpadding: 0px 20px 0px 40px;\u00a0\u00bb][x_gap size=\u00a0\u00bb10px\u00a0\u00bb][x_image type=\u00a0\u00bbthumbnail\u00a0\u00bb src=\u00a0\u00bbhttps:\/\/www.cachc.ca\/wp-content\/uploads\/2019\/02\/Guide-pratique-image.png\u00a0\u00bb alt=\u00a0\u00bb\u00a0\u00bb [&hellip;]","og_url":"https:\/\/www.cachc.ca\/fr\/acces\/","og_site_name":"ACCSC","article_modified_time":"2019-02-08T20:40:17+00:00","twitter_card":"summary_large_image","twitter_misc":{"Dur\u00e9e de lecture estim\u00e9e":"5 minutes"},"schema":{"@context":"https:\/\/schema.org","@graph":[{"@type":"WebPage","@id":"https:\/\/www.cachc.ca\/fr\/acces\/","url":"https:\/\/www.cachc.ca\/fr\/acces\/","name":"Acc\u00e8s aux CSC de langue fran\u00e7aise - ACCSC","isPartOf":{"@id":"https:\/\/www.cachc.ca\/#website"},"datePublished":"2015-06-08T17:17:52+00:00","dateModified":"2019-02-08T20:40:17+00:00","inLanguage":"fr-FR","potentialAction":[{"@type":"ReadAction","target":["https:\/\/www.cachc.ca\/fr\/acces\/"]}]},{"@type":"WebSite","@id":"https:\/\/www.cachc.ca\/#website","url":"https:\/\/www.cachc.ca\/","name":"ACCSC","description":"Les centres de sant\u00e9 communautaire au Canada","potentialAction":[{"@type":"SearchAction","target":{"@type":"EntryPoint","urlTemplate":"https:\/\/www.cachc.ca\/?s={search_term_string}"},"query-input":{"@type":"PropertyValueSpecification","valueRequired":true,"valueName":"search_term_string"}}],"inLanguage":"fr-FR"}]}},"_links":{"self":[{"href":"https:\/\/www.cachc.ca\/fr\/wp-json\/wp\/v2\/pages\/7048","targetHints":{"allow":["GET"]}}],"collection":[{"href":"https:\/\/www.cachc.ca\/fr\/wp-json\/wp\/v2\/pages"}],"about":[{"href":"https:\/\/www.cachc.ca\/fr\/wp-json\/wp\/v2\/types\/page"}],"author":[{"embeddable":true,"href":"https:\/\/www.cachc.ca\/fr\/wp-json\/wp\/v2\/users\/1"}],"replies":[{"embeddable":true,"href":"https:\/\/www.cachc.ca\/fr\/wp-json\/wp\/v2\/comments?post=7048"}],"version-history":[{"count":10,"href":"https:\/\/www.cachc.ca\/fr\/wp-json\/wp\/v2\/pages\/7048\/revisions"}],"predecessor-version":[{"id":79255,"href":"https:\/\/www.cachc.ca\/fr\/wp-json\/wp\/v2\/pages\/7048\/revisions\/79255"}],"wp:attachment":[{"href":"https:\/\/www.cachc.ca\/fr\/wp-json\/wp\/v2\/media?parent=7048"}],"curies":[{"name":"wp","href":"https:\/\/api.w.org\/{rel}","templated":true}]}}