{"id":6998,"date":"2015-05-19T15:46:44","date_gmt":"2015-05-19T19:46:44","guid":{"rendered":"http:\/\/www.cachc.ca\/?page_id=6998"},"modified":"2015-05-26T14:03:00","modified_gmt":"2015-05-26T18:03:00","slug":"accesauxcsc","status":"publish","type":"page","link":"https:\/\/www.cachc.ca\/fr\/election2019\/accesauxcsc\/","title":{"rendered":"Acc\u00e8s aux centres de sant\u00e9 communautaire"},"content":{"rendered":"<h5 style=\"text-align: justify;\"><strong><span style=\"color: #000000;\">Favoriser l\u2019acc\u00e8s des Canadiennes et des Canadiens \u00e0 des soins de sant\u00e9 primaires de haute qualit\u00e9 dispens\u00e9s en \u00e9quipe gr\u00e2ce \u00e0 une strat\u00e9gie et un financement au palier f\u00e9d\u00e9ral visant\u00a0<\/span><\/strong><strong><span style=\"color: #000000;\">\u00e0 \u00e9tablir un r\u00e9seau pancanadien de centres de sant\u00e9 communautaire<\/span><\/strong><\/h5>\n<p style=\"text-align: justify;\"><iframe loading=\"lazy\" src=\"\/\/www.youtube.com\/embed\/i_XQZULRQqU\" width=\"280\" height=\"205\" frameborder=\"0\" allowfullscreen=\"allowfullscreen\"><\/iframe><\/p>\n<p style=\"text-align: justify;\"><span style=\"color: #000000;\">Les centres de sant\u00e9 communautaire (CSC) sortent de leur isolement les fournisseurs de services de sant\u00e9 comme les m\u00e9decins de famille, les infirmi\u00e8res praticiennes, les infirmi\u00e8res, les di\u00e9t\u00e9tistes, les th\u00e9rapeutes et autres, pour leur permettre de faire partie d\u2019\u00e9quipes interprofessionnelles travaillant en collaboration. <strong>Dans les CSC, les patients re\u00e7oivent les soins ad\u00e9quats dispens\u00e9s par le fournisseur ad\u00e9quat au moment ad\u00e9quat. <\/strong>Cela permet de faire le meilleur usage des ressources m\u00e9dicales et de contribuer \u00e0 combler les lacunes possibles dans l\u2019acc\u00e8s aux fournisseurs de services de sant\u00e9.<\/span><\/p>\n<p style=\"text-align: justify;\"><span style=\"color: #000000;\">Les CSC n\u2019offrent pas seulement des soins de premi\u00e8re ligne dispens\u00e9s en \u00e9quipe\u00a0: ils y ajoutent des programmes de promotion de la sant\u00e9, des services sociaux et des programmes communautaires qui mettent l\u2019accent sur la pr\u00e9vention de la maladie et d\u00e9passent le simple traitement de la maladie pour aller \u00e0 la racine de ses causes.<\/span><\/p>\n<p style=\"text-align: justify;\"><span style=\"color: #000000;\">Lorsqu\u2019un fournisseur de services de sant\u00e9 se trouve devant des probl\u00e8mes de sant\u00e9 d\u2019une personne ou d\u2019une famille qui d\u00e9passent ses capacit\u00e9s de traitement, par exemple, une mauvaise alimentation li\u00e9e \u00e0 la pauvret\u00e9, il peut diriger le patient ou la famille vers des ressources internes con\u00e7ues pour aider \u00e0 r\u00e9pondre \u00e0 ces probl\u00e8mes et \u00e0 offrir un soutien. Ces programmes font \u00e9galement appel aux membres de la collectivit\u00e9 et renforcent la capacit\u00e9 du patient, de la famille et de la collectivit\u00e9 d\u2019atteindre le bien-\u00eatre et de le conserver.<\/span><\/p>\n<p style=\"text-align: justify;\"><span style=\"color: #000000;\">De nombreuses \u00e9tudes canadiennes ont fait ressortir l\u2019impact et l\u2019efficacit\u00e9 par rapport aux co\u00fbts de l\u2019approche globale des CSC et indiqu\u00e9 que <strong>les CSC obtiennent dans l\u2019ensemble de meilleurs r\u00e9sultats que les autres mod\u00e8les m\u00e9dicaux traditionnels<\/strong><\/span><a href=\"#_edn1\" name=\"_ednref1\">[i]<\/a><sup>,<a href=\"#_edn2\" name=\"_ednref2\">[ii]<\/a>,<a href=\"#_edn3\" name=\"_ednref3\">[iii]<\/a><\/sup><span style=\"color: #000000;\">. Les \u00e9tudes ont attribu\u00e9 le rendement sup\u00e9rieur des CSC \u00e0 un certain nombre de facteurs, notamment\u00a0:<\/span><\/p>\n<ul style=\"text-align: justify;\">\n<li><span style=\"color: #000000;\">l\u2019impact de leurs \u00e9quipes de soins interprofessionnelles travaillant en collaboration;<\/span><\/li>\n<li><span style=\"color: #000000;\">leur fa\u00e7on d\u2019adapter les programmes qu\u2019ils offrent aux besoins particuliers des collectivit\u00e9s qu\u2019ils desservent;<\/span><\/li>\n<li><span style=\"color: #000000;\">leur offre de consultations plus appropri\u00e9es et davantage ax\u00e9es sur la personne;<\/span><\/li>\n<li><span style=\"color: #000000;\">la qualit\u00e9 sup\u00e9rieure de leurs programmes de pr\u00e9vention et de gestion des maladies chroniques, notamment le diab\u00e8te, la coronaropathie, l\u2019insuffisance cardiaque congestive et l\u2019hypertension.<\/span><\/li>\n<\/ul>\n<p style=\"text-align: justify;\"><span style=\"color: #000000;\">De plus, des preuves en provenance des \u00c9tats-Unis, o\u00f9 plus de 1\u00a0200 CSC sont financ\u00e9s par le gouvernement f\u00e9d\u00e9ral, d\u00e9montrent que les CSC permettent au syst\u00e8me de sant\u00e9 am\u00e9ricain d\u2019\u00e9conomiser davantage annuellement par comparaison avec le syst\u00e8me de paiements \u00e0 l\u2019acte<\/span><a href=\"#_edn4\" name=\"_ednref4\">[iv]<\/a><span style=\"color: #000000;\">; <strong>les CSC permettent d\u2019\u00e9viter 25\u00a0% de plus de visites aux salles d\u2019urgence<\/strong><a style=\"color: #000000;\" href=\"#_edn5\" name=\"_ednref5\">[v]<\/a>. <strong>Les CSC g\u00e9n\u00e8rent aussi annuellement plus de 20\u00a0milliards de dollars en nouvelles activit\u00e9s b\u00e9n\u00e9fiques pour l\u2019\u00e9conomie am\u00e9ricaine<\/strong><\/span><a href=\"#_edn6\" name=\"_ednref6\">[vi]<\/a><span style=\"color: #000000;\">.<\/span><\/p>\n<p style=\"text-align: justify;\"><span style=\"color: #000000;\">C\u2019est \u00e0 cause de l\u2019impact critique des CSC sur la sant\u00e9 et l\u2019\u00e9conomie que les rapports f\u00e9d\u00e9raux et provinciaux les plus importants n\u2019ont pas cess\u00e9 de recommander d\u2019augmenter le nombre de CSC pour r\u00e9pondre \u00e0 certains de nos d\u00e9fis sociaux et de sant\u00e9 les plus pressants. Notons en particulier le Rapport Castonguay-Nepveu en 1967 au Qu\u00e9bec; le rapport f\u00e9d\u00e9ral Hastings en 1972; et, en 2002, le rapport de la Commission sur l\u2019avenir des soins de sant\u00e9 au Canada.<\/span><\/p>\n<p style=\"text-align: justify;\"><span style=\"color: #000000;\">Le <em>Wellesley<\/em> <em>Institute<\/em>, un institut canadien de recherche de pointe, a recommand\u00e9 que le gouvernement f\u00e9d\u00e9ral affecte 360\u00a0millions de dollars au d\u00e9marrage de 140\u00a0nouveaux CSC partout au Canada pour desservir plus d\u2019un million de Canadiens<\/span><a href=\"#_edn7\" name=\"_ednref7\">[vii]<\/a> <span style=\"color: #000000;\">de plus. La F\u00e9d\u00e9ration canadienne des syndicats d\u2019infirmi\u00e8res et d\u2019infirmiers a recommand\u00e9 d\u2019affecter 4\u00a0milliards de dollars \u00e0 la cr\u00e9ation de 725\u00a0nouveaux CSC dans les collectivit\u00e9s du Canada<\/span><a href=\"#_edn8\" name=\"_ednref8\">[viii]<\/a><span style=\"color: #000000;\">. L\u2019indice canadien du mieux-\u00eatre a fortement recommand\u00e9 \u00a0l\u2019adoption d\u2019une strat\u00e9gie nationale visant \u00e0 \u00e9tendre l\u2019acc\u00e8s aux CSC dans tout le pays\u00a0<\/span><a href=\"#_edn9\" name=\"_ednref9\">[ix]<\/a><span style=\"color: #000000;\">. Et le Syndicat canadien de la fonction publique demande au \u00ab\u00a0gouvernement f\u00e9d\u00e9ral de promouvoir l\u2019acc\u00e8s \u00e0 des soins de sant\u00e9 primaires efficaces en finan\u00e7ant la cr\u00e9ation de CSC nouveaux et agrandis\u00a0\u00bb<\/span><a href=\"#_edn10\" name=\"_ednref10\">[x]<\/a><span style=\"color: #000000;\">.<\/span><\/p>\n<p style=\"text-align: justify;\"><span style=\"color: #000000;\">Un investissement f\u00e9d\u00e9ral dans un r\u00e9seau de CSC \u00e0 l\u2019\u00e9chelle du Canada renforcerait depuis la base le tissu social\u00a0 et \u00e9conomique du Canada. Il rendrait aux collectivit\u00e9s les soins de premi\u00e8re ligne, ce qui permettrait d\u2019affecter les fournisseurs selon les besoins des familles et des collectivit\u00e9s locales, et aiderait \u00e0 notre syst\u00e8me de sant\u00e9 \u00e0 faire un virage dans le sens du bien-\u00eatre et de la pr\u00e9vention des maladies, ce qui am\u00e9liorerait les r\u00e9sultats et l\u2019efficacit\u00e9 g\u00e9n\u00e9rale par rapport aux co\u00fbts.<\/span><\/p>\n<p><span style=\"color: #000000;\"><strong>SIGNEZ LA P\u00c9TITION<\/strong><\/span><\/p>\n<p><strong>[emailpetition id=\u00a0\u00bb9&Prime;]<\/strong><\/p>\n<p><strong>R\u00c9F\u00c9RENCES<\/strong><\/p>\n<p><a href=\"#_ednref1\" name=\"_edn1\">[i]<\/a> Russell G, Dahrouge S, Tuna M, Hogg W, Geneau R, Gebremichael G. (2010). Getting it all done. Organizational factors linked with comprehensive primary care. <em>Family Practice.<\/em> 27(5):535-41.<\/p>\n<p><a href=\"#_ednref2\" name=\"_edn2\">[ii]<\/a> Russell GM, Dahrouge S, Hogg W, Geneau R, Muldoon L, Tuna M. (2010). Managing Chronic Disease in Ontario Primary Care: The Impact of Organizational Factors. <em>Ann Fam Med.<\/em> 7(4):309-18.<\/p>\n<p><a href=\"#_ednref3\" name=\"_edn3\">[iii]<\/a> Glazier RH, Zagorski BM, Rayner J. (2012). <em>Comparison of Primary Care Models in Ontario by Demographics, Case Mix and Emergency Department Use, 2008\/09 to 2009\/10.<\/em> Toronto\u00a0: Institute for Clinical Evaluative Sciences<\/p>\n<p><a href=\"#_ednref4\" name=\"_edn4\">[iv]<\/a> National Association of Community Health Centres. (2011). <em>CHCs: The Local Prescription for Better Quality and Lower Costs.<\/em> Washington, DC.<\/p>\n<p><a href=\"#_ednref5\" name=\"_edn5\">[v]<\/a> Ibid.<\/p>\n<p><a href=\"#_ednref6\" name=\"_edn6\">[vi]<\/a> US Department of Health &amp; Human Services. (20 juin 2012). <em>Health care law expands community health centers, serves more patients<\/em>.<\/p>\n<p><a href=\"#_ednref7\" name=\"_edn7\">[vii]<\/a> The Wellesley Institute. (2009). <em>The 7% solution: Federal budget recommendations<\/em>.<\/p>\n<p><a href=\"#_ednref8\" name=\"_edn8\">[viii]<\/a> La F\u00e9d\u00e9ration canadienne des syndicats d\u2019infirmi\u00e8res et d\u2019infirmiers. (2014). <em>A Roadmap to a Rational Pharmacare Policy<\/em>.<\/p>\n<p><a href=\"#_ednref9\" name=\"_edn9\">[ix]<\/a> Canadian Index of Wellbeing. (2012). <em>How are Canadians Really Doing? The 2012 CIW Report.<\/em> Waterloo, ON\u00a0: CIW et University of Waterloo.<\/p>\n<p><a href=\"#_ednref10\" name=\"_edn10\">[x]<\/a> Syndicat canadien de la fonction publique. (2013). <em>Prot\u00e9geons, renfor\u00e7ons et \u00e9largissons \u2014 Am\u00e9liorer les soins primaires.<\/em><\/p>\n","protected":false},"excerpt":{"rendered":"<p>Favoriser l\u2019acc\u00e8s des Canadiennes et des Canadiens \u00e0 des soins de sant\u00e9 primaires de haute qualit\u00e9 dispens\u00e9s en \u00e9quipe gr\u00e2ce \u00e0 une strat\u00e9gie et un financement au palier f\u00e9d\u00e9ral visant\u00a0\u00e0 \u00e9tablir un r\u00e9seau pancanadien de centres de sant\u00e9 communautaire Les centres de sant\u00e9 communautaire (CSC) sortent de leur isolement les fournisseurs de services de sant\u00e9 comme les m\u00e9decins de famille, [&hellip;]<\/p>\n","protected":false},"author":1,"featured_media":0,"parent":79177,"menu_order":0,"comment_status":"closed","ping_status":"closed","template":"template-blank-5.php","meta":{"_bbp_topic_count":0,"_bbp_reply_count":0,"_bbp_total_topic_count":0,"_bbp_total_reply_count":0,"_bbp_voice_count":0,"_bbp_anonymous_reply_count":0,"_bbp_topic_count_hidden":0,"_bbp_reply_count_hidden":0,"_bbp_forum_subforum_count":0,"footnotes":""},"class_list":["post-6998","page","type-page","status-publish","hentry"],"yoast_head":"<!-- This site is optimized with the Yoast SEO plugin v27.5 - https:\/\/yoast.com\/product\/yoast-seo-wordpress\/ -->\n<title>Acc\u00e8s aux centres de sant\u00e9 communautaire - ACCSC<\/title>\n<meta name=\"robots\" content=\"index, follow, max-snippet:-1, max-image-preview:large, max-video-preview:-1\" \/>\n<link rel=\"canonical\" href=\"https:\/\/www.cachc.ca\/election2019\/chcs\/\" \/>\n<meta property=\"og:locale\" content=\"fr_FR\" \/>\n<meta property=\"og:type\" content=\"article\" \/>\n<meta property=\"og:title\" content=\"Acc\u00e8s aux centres de sant\u00e9 communautaire - ACCSC\" \/>\n<meta property=\"og:description\" content=\"Favoriser l\u2019acc\u00e8s des Canadiennes et des Canadiens \u00e0 des soins de sant\u00e9 primaires de haute qualit\u00e9 dispens\u00e9s en \u00e9quipe gr\u00e2ce \u00e0 une strat\u00e9gie et un financement au palier f\u00e9d\u00e9ral visant\u00a0\u00e0 \u00e9tablir un r\u00e9seau pancanadien de centres de sant\u00e9 communautaire Les centres de sant\u00e9 communautaire (CSC) sortent de leur isolement les fournisseurs de services de sant\u00e9 comme les m\u00e9decins de famille, [&hellip;]\" \/>\n<meta property=\"og:url\" content=\"https:\/\/www.cachc.ca\/election2019\/chcs\/\" \/>\n<meta property=\"og:site_name\" content=\"ACCSC\" \/>\n<meta property=\"article:modified_time\" content=\"2015-05-26T18:03:00+00:00\" \/>\n<meta name=\"twitter:card\" content=\"summary_large_image\" \/>\n<meta name=\"twitter:label1\" content=\"Dur\u00e9e de lecture estim\u00e9e\" \/>\n\t<meta name=\"twitter:data1\" content=\"5 minutes\" \/>\n<script type=\"application\/ld+json\" class=\"yoast-schema-graph\">{\"@context\":\"https:\\\/\\\/schema.org\",\"@graph\":[{\"@type\":\"WebPage\",\"@id\":\"https:\\\/\\\/www.cachc.ca\\\/election2019\\\/chcs\\\/\",\"url\":\"https:\\\/\\\/www.cachc.ca\\\/election2019\\\/chcs\\\/\",\"name\":\"Acc\u00e8s aux centres de sant\u00e9 communautaire - ACCSC\",\"isPartOf\":{\"@id\":\"https:\\\/\\\/www.cachc.ca\\\/#website\"},\"datePublished\":\"2015-05-19T19:46:44+00:00\",\"dateModified\":\"2015-05-26T18:03:00+00:00\",\"breadcrumb\":{\"@id\":\"https:\\\/\\\/www.cachc.ca\\\/election2019\\\/chcs\\\/#breadcrumb\"},\"inLanguage\":\"fr-FR\",\"potentialAction\":[{\"@type\":\"ReadAction\",\"target\":[\"https:\\\/\\\/www.cachc.ca\\\/election2019\\\/chcs\\\/\"]}]},{\"@type\":\"BreadcrumbList\",\"@id\":\"https:\\\/\\\/www.cachc.ca\\\/election2019\\\/chcs\\\/#breadcrumb\",\"itemListElement\":[{\"@type\":\"ListItem\",\"position\":1,\"name\":\"\u00c9lection f\u00e9d\u00e9rale 2019\",\"item\":\"https:\\\/\\\/www.cachc.ca\\\/election2019\\\/\"},{\"@type\":\"ListItem\",\"position\":2,\"name\":\"Acc\u00e8s aux centres de sant\u00e9 communautaire\"}]},{\"@type\":\"WebSite\",\"@id\":\"https:\\\/\\\/www.cachc.ca\\\/#website\",\"url\":\"https:\\\/\\\/www.cachc.ca\\\/\",\"name\":\"ACCSC\",\"description\":\"Les centres de sant\u00e9 communautaire au Canada\",\"potentialAction\":[{\"@type\":\"SearchAction\",\"target\":{\"@type\":\"EntryPoint\",\"urlTemplate\":\"https:\\\/\\\/www.cachc.ca\\\/?s={search_term_string}\"},\"query-input\":{\"@type\":\"PropertyValueSpecification\",\"valueRequired\":true,\"valueName\":\"search_term_string\"}}],\"inLanguage\":\"fr-FR\"}]}<\/script>\n<!-- \/ Yoast SEO plugin. -->","yoast_head_json":{"title":"Acc\u00e8s aux centres de sant\u00e9 communautaire - ACCSC","robots":{"index":"index","follow":"follow","max-snippet":"max-snippet:-1","max-image-preview":"max-image-preview:large","max-video-preview":"max-video-preview:-1"},"canonical":"https:\/\/www.cachc.ca\/election2019\/chcs\/","og_locale":"fr_FR","og_type":"article","og_title":"Acc\u00e8s aux centres de sant\u00e9 communautaire - ACCSC","og_description":"Favoriser l\u2019acc\u00e8s des Canadiennes et des Canadiens \u00e0 des soins de sant\u00e9 primaires de haute qualit\u00e9 dispens\u00e9s en \u00e9quipe gr\u00e2ce \u00e0 une strat\u00e9gie et un financement au palier f\u00e9d\u00e9ral visant\u00a0\u00e0 \u00e9tablir un r\u00e9seau pancanadien de centres de sant\u00e9 communautaire Les centres de sant\u00e9 communautaire (CSC) sortent de leur isolement les fournisseurs de services de sant\u00e9 comme les m\u00e9decins de famille, [&hellip;]","og_url":"https:\/\/www.cachc.ca\/election2019\/chcs\/","og_site_name":"ACCSC","article_modified_time":"2015-05-26T18:03:00+00:00","twitter_card":"summary_large_image","twitter_misc":{"Dur\u00e9e de lecture estim\u00e9e":"5 minutes"},"schema":{"@context":"https:\/\/schema.org","@graph":[{"@type":"WebPage","@id":"https:\/\/www.cachc.ca\/election2019\/chcs\/","url":"https:\/\/www.cachc.ca\/election2019\/chcs\/","name":"Acc\u00e8s aux centres de sant\u00e9 communautaire - ACCSC","isPartOf":{"@id":"https:\/\/www.cachc.ca\/#website"},"datePublished":"2015-05-19T19:46:44+00:00","dateModified":"2015-05-26T18:03:00+00:00","breadcrumb":{"@id":"https:\/\/www.cachc.ca\/election2019\/chcs\/#breadcrumb"},"inLanguage":"fr-FR","potentialAction":[{"@type":"ReadAction","target":["https:\/\/www.cachc.ca\/election2019\/chcs\/"]}]},{"@type":"BreadcrumbList","@id":"https:\/\/www.cachc.ca\/election2019\/chcs\/#breadcrumb","itemListElement":[{"@type":"ListItem","position":1,"name":"\u00c9lection f\u00e9d\u00e9rale 2019","item":"https:\/\/www.cachc.ca\/election2019\/"},{"@type":"ListItem","position":2,"name":"Acc\u00e8s aux centres de sant\u00e9 communautaire"}]},{"@type":"WebSite","@id":"https:\/\/www.cachc.ca\/#website","url":"https:\/\/www.cachc.ca\/","name":"ACCSC","description":"Les centres de sant\u00e9 communautaire au Canada","potentialAction":[{"@type":"SearchAction","target":{"@type":"EntryPoint","urlTemplate":"https:\/\/www.cachc.ca\/?s={search_term_string}"},"query-input":{"@type":"PropertyValueSpecification","valueRequired":true,"valueName":"search_term_string"}}],"inLanguage":"fr-FR"}]}},"_links":{"self":[{"href":"https:\/\/www.cachc.ca\/fr\/wp-json\/wp\/v2\/pages\/6998","targetHints":{"allow":["GET"]}}],"collection":[{"href":"https:\/\/www.cachc.ca\/fr\/wp-json\/wp\/v2\/pages"}],"about":[{"href":"https:\/\/www.cachc.ca\/fr\/wp-json\/wp\/v2\/types\/page"}],"author":[{"embeddable":true,"href":"https:\/\/www.cachc.ca\/fr\/wp-json\/wp\/v2\/users\/1"}],"replies":[{"embeddable":true,"href":"https:\/\/www.cachc.ca\/fr\/wp-json\/wp\/v2\/comments?post=6998"}],"version-history":[{"count":0,"href":"https:\/\/www.cachc.ca\/fr\/wp-json\/wp\/v2\/pages\/6998\/revisions"}],"up":[{"embeddable":true,"href":"https:\/\/www.cachc.ca\/fr\/wp-json\/wp\/v2\/pages\/79177"}],"wp:attachment":[{"href":"https:\/\/www.cachc.ca\/fr\/wp-json\/wp\/v2\/media?parent=6998"}],"curies":[{"name":"wp","href":"https:\/\/api.w.org\/{rel}","templated":true}]}}