{"id":6977,"date":"2015-05-19T11:45:14","date_gmt":"2015-05-19T15:45:14","guid":{"rendered":"http:\/\/www.cachc.ca\/?page_id=6977"},"modified":"2015-10-26T15:33:08","modified_gmt":"2015-10-26T19:33:08","slug":"electionsfederales","status":"publish","type":"page","link":"https:\/\/www.cachc.ca\/fr\/electionsfederales\/","title":{"rendered":"\u00c9lections f\u00e9d\u00e9rales 2015 &#8211; Aller de l&#039;avant !"},"content":{"rendered":"<p>[x_section style=\u00a0\u00bbmargin: 0px 0px 0px 0px; padding: 0px 0px 0px 0px; \u00ab\u00a0][x_row inner_container=\u00a0\u00bbtrue\u00a0\u00bb marginless_columns=\u00a0\u00bbfalse\u00a0\u00bb bg_color=\u00a0\u00bb\u00a0\u00bb style=\u00a0\u00bbmargin: 0px auto 0px auto; padding: 0px 0px 0px 0px; \u00ab\u00a0][x_column bg_color=\u00a0\u00bb\u00a0\u00bb type=\u00a0\u00bb1\/1&Prime;  style=\u00a0\u00bbpadding: 0px 0px 0px 0px; \u00ab\u00a0][x_text]<\/p>\n<h5 style=\"text-align: justify;\">L\u2019\u00a0<span style=\"color: #cf1b1b;\"><a style=\"color: #cf1b1b;\" href=\"http:\/\/www.cachc.ca\/wp-content\/uploads\/downloads\/2015\/05\/ACCSC-Appel-\u00e0-l\u2019action-\u00c9lections-f\u00e9d\u00e9rales-2015.pdf\" target=\"_blank\">Appel \u00e0 l\u2019action pour les \u00e9lections f\u00e9d\u00e9rales<\/a><span style=\"color: #000000;\">\u00a0de l<\/span><\/span>\u2019ACCSC a demand\u00e9 \u00e0 tous les partis politiques f\u00e9d\u00e9raux de commettre \u00e0 l\u2019augmentation de leadership f\u00e9d\u00e9ral autour de quatre domaines prioritaires d\u2019action :<\/h5>\n<p>[\/x_text][\/x_column][\/x_row][x_row inner_container=\u00a0\u00bbtrue\u00a0\u00bb marginless_columns=\u00a0\u00bbfalse\u00a0\u00bb bg_color=\u00a0\u00bb\u00a0\u00bb style=\u00a0\u00bbmargin: 0px auto 0px auto; padding: 0px 0px 0px 0px; \u00ab\u00a0][x_column bg_color=\u00a0\u00bb\u00a0\u00bb type=\u00a0\u00bb1\/1&Prime;  style=\u00a0\u00bbpadding: 0px 0px 0px 0px; \u00ab\u00a0][x_block_grid type=\u00a0\u00bbfour-up\u00a0\u00bb][x_block_grid_item]<\/p>\n<h2 style=\"margin: 0px 0px 0.15em; line-height: 1.3; text-transform: uppercase; font-size: 1.15em; letter-spacing: 0.15em; text-align: center;\"><strong><span style=\"color: #339966;\">1<\/span><\/strong><\/h2>\n<p class=\"man\" style=\"text-align: center;\"><span style=\"color: #000000;\">Concevoir et investir dans une strat\u00e9gie f\u00e9d\u00e9rale de r\u00e9duction de pauvret\u00e9<\/span><\/p>\n<p class=\"man\" style=\"text-align: center;\"><a href=\"http:\/\/www.cachc.ca\/pauvrete\/?lang=fr\" target=\"_blank\">En savoir plus<\/a><\/p>\n<p>[\/x_block_grid_item][x_block_grid_item]<\/p>\n<h2 style=\"margin: 0px 0px 0.15em; line-height: 1.3; text-transform: uppercase; font-size: 1.15em; letter-spacing: 0.15em; text-align: center;\"><strong><span style=\"color: #339966;\">2<\/span><\/strong><\/h2>\n<p class=\"man\" style=\"text-align: center;\"><span style=\"color: #000000;\">Mettre en place un programme public complet et universel d\u2019assurance-m\u00e9dicaments<\/span><\/p>\n<p class=\"man\" style=\"text-align: center;\"><a href=\"http:\/\/www.cachc.ca\/assurance-medicaments\/?lang=fr\" target=\"_blank\">En savoir plus<\/a><\/p>\n<p>[\/x_block_grid_item][x_block_grid_item]<\/p>\n<h2 style=\"margin: 0px 0px 0.15em; line-height: 1.3; text-transform: uppercase; font-size: 1.15em; letter-spacing: 0.15em; text-align: center;\"><strong><span style=\"color: #339966;\">3<\/span><\/strong><\/h2>\n<p class=\"man\" style=\"text-align: center;\"><span style=\"color: #000000;\">\u00c9tablir une strat\u00e9gie f\u00e9d\u00e9rale et du financement pour les centres de sant\u00e9 communautaires y inclus\u00a0les CSC\u00a0de langue fran\u00e7aise<\/span><\/p>\n<p class=\"man\" style=\"text-align: center;\"><span style=\"color: #cf0a0a;\">En savoir plus<\/span> <span style=\"text-decoration: underline;\"><a href=\"http:\/\/www.cachc.ca\/accesauxcsc\/?lang=fr\" target=\"_blank\">1<\/a><\/span> | <span style=\"text-decoration: underline;\"><a href=\"http:\/\/www.cachc.ca\/acces-aux-csc-de-langue-francaise\/?lang=fr\" target=\"_blank\">2<\/a><\/span><\/p>\n<p>[\/x_block_grid_item][x_block_grid_item]<\/p>\n<h2 style=\"margin: 0px 0px 0.15em; line-height: 1.3; text-transform: uppercase; font-size: 1.15em; letter-spacing: 0.15em; text-align: center;\"><strong><span style=\"color: #339966;\">4<\/span><\/strong><\/h2>\n<p style=\"text-align: center;\"><span style=\"color: #000000;\">\u00c9laborer et mettre en \u0153uvre une strat\u00e9gie f\u00e9d\u00e9rale de logement et de r\u00e9duction de sans-abrisme<br \/>\n<\/span><a href=\"http:\/\/www.cachc.ca\/logement\/?lang=fr\" target=\"_blank\">En savoir plus<\/a><\/p>\n<p>[\/x_block_grid_item][\/x_block_grid][\/x_column][\/x_row][x_row inner_container=\u00a0\u00bbtrue\u00a0\u00bb marginless_columns=\u00a0\u00bbfalse\u00a0\u00bb bg_color=\u00a0\u00bb\u00a0\u00bb style=\u00a0\u00bbmargin: 0px auto 0px auto; padding: 0px 0px 0px 0px; \u00ab\u00a0][x_column bg_color=\u00a0\u00bb\u00a0\u00bb type=\u00a0\u00bb1\/1&Prime;  style=\u00a0\u00bbpadding: 0px 0px 0px 0px; \u00ab\u00a0][x_text]<\/p>\n<h5 style=\"text-align: justify;\"><span style=\"color: #000000;\">Un nouveau gouvernement Lib\u00e9ral a \u00e9t\u00e9 \u00e9lu et il est temps de continuer de poursuivre nos efforts \u00e0 travers le pays. Voici ce que vous pouvez faire :<\/span><\/h5>\n<p>[\/x_text][\/x_column][\/x_row][x_row inner_container=\u00a0\u00bbtrue\u00a0\u00bb marginless_columns=\u00a0\u00bbfalse\u00a0\u00bb bg_color=\u00a0\u00bb\u00a0\u00bb style=\u00a0\u00bbmargin: 0px auto 0px auto; padding: 0px 0px 0px 0px; \u00ab\u00a0][x_column bg_color=\u00a0\u00bb\u00a0\u00bb type=\u00a0\u00bb1\/1&Prime;  style=\u00a0\u00bbpadding: 0px 0px 0px 0px; \u00ab\u00a0][x_feature_list][x_feature_box title=\u00a0\u00bbAjoutez votre nom \u00e0 nos quatre p\u00e9titions ci-bas\u00a0\u00bb title_color=\u00a0\u00bb\u00a0\u00bb text=\u00a0\u00bb-\u00a0\u00bb text_color=\u00a0\u00bb\u00a0\u00bb graphic=\u00a0\u00bbnumbers\u00a0\u00bb graphic_size=\u00a0\u00bb60px\u00a0\u00bb graphic_shape=\u00a0\u00bbbadge\u00a0\u00bb graphic_color=\u00a0\u00bb#ffffff\u00a0\u00bb graphic_bg_color=\u00a0\u00bb#ea1c37&Prime; align_h=\u00a0\u00bbleft\u00a0\u00bb align_v=\u00a0\u00bbtop\u00a0\u00bb side_graphic_spacing=\u00a0\u00bb20px\u00a0\u00bb max_width=\u00a0\u00bbnone\u00a0\u00bb child=\u00a0\u00bbtrue\u00a0\u00bb connector_width=\u00a0\u00bb1px\u00a0\u00bb connector_style=\u00a0\u00bbdashed\u00a0\u00bb connector_color=\u00a0\u00bb#272727&Prime;][x_feature_box title=\u00a0\u00bbPartager cette page et les p\u00e9titions avec vos r\u00e9seaux\u00a0\u00bb title_color=\u00a0\u00bb\u00a0\u00bb text=\u00a0\u00bb-\u00a0\u00bb text_color=\u00a0\u00bb\u00a0\u00bb graphic=\u00a0\u00bbnumbers\u00a0\u00bb graphic_size=\u00a0\u00bb60px\u00a0\u00bb graphic_shape=\u00a0\u00bbbadge\u00a0\u00bb graphic_color=\u00a0\u00bb#ffffff\u00a0\u00bb graphic_bg_color=\u00a0\u00bb#ea1c37&Prime; align_h=\u00a0\u00bbleft\u00a0\u00bb align_v=\u00a0\u00bbtop\u00a0\u00bb side_graphic_spacing=\u00a0\u00bb20px\u00a0\u00bb max_width=\u00a0\u00bbnone\u00a0\u00bb child=\u00a0\u00bbtrue\u00a0\u00bb connector_width=\u00a0\u00bb1px\u00a0\u00bb connector_style=\u00a0\u00bbdashed\u00a0\u00bb connector_color=\u00a0\u00bb#272727&Prime;][x_feature_box title=\u00a0\u00bbEn savoir plus sur les quatre questions prioritaires\u00a0\u00bb title_color=\u00a0\u00bb\u00a0\u00bb text=\u00a0\u00bb-\u00a0\u00bb text_color=\u00a0\u00bb\u00a0\u00bb graphic=\u00a0\u00bbnumbers\u00a0\u00bb graphic_size=\u00a0\u00bb60px\u00a0\u00bb graphic_shape=\u00a0\u00bbbadge\u00a0\u00bb graphic_color=\u00a0\u00bb#ffffff\u00a0\u00bb graphic_bg_color=\u00a0\u00bb#ea1c37&Prime; align_h=\u00a0\u00bbleft\u00a0\u00bb align_v=\u00a0\u00bbtop\u00a0\u00bb side_graphic_spacing=\u00a0\u00bb20px\u00a0\u00bb max_width=\u00a0\u00bbnone\u00a0\u00bb child=\u00a0\u00bbtrue\u00a0\u00bb connector_width=\u00a0\u00bb1px\u00a0\u00bb connector_style=\u00a0\u00bbdashed\u00a0\u00bb connector_color=\u00a0\u00bb#272727&Prime;][\/x_feature_list][\/x_column][\/x_row][\/x_section][x_section style=\u00a0\u00bbmargin: 0px 0px 0px 0px; padding: 0px 0px 0px 0px; \u00ab\u00a0][x_row inner_container=\u00a0\u00bbtrue\u00a0\u00bb marginless_columns=\u00a0\u00bbfalse\u00a0\u00bb bg_color=\u00a0\u00bb\u00a0\u00bb style=\u00a0\u00bbmargin: 0px auto 0px auto; padding: 0px 0px 0px 0px; \u00ab\u00a0][x_column bg_color=\u00a0\u00bb\u00a0\u00bb type=\u00a0\u00bb1\/1&Prime;  style=\u00a0\u00bbpadding: 0px 0px 0px 0px; \u00ab\u00a0]<span>&nbsp;<\/span>[\/x_column][\/x_row][\/x_section]<\/p>\n","protected":false},"excerpt":{"rendered":"<p>[x_section style=\u00a0\u00bbmargin: 0px 0px 0px 0px; padding: 0px 0px 0px 0px; \u00ab\u00a0][x_row inner_container=\u00a0\u00bbtrue\u00a0\u00bb marginless_columns=\u00a0\u00bbfalse\u00a0\u00bb bg_color=\u00a0\u00bb\u00a0\u00bb style=\u00a0\u00bbmargin: 0px auto 0px auto; padding: 0px 0px 0px 0px; \u00ab\u00a0][x_column bg_color=\u00a0\u00bb\u00a0\u00bb type=\u00a0\u00bb1\/1&Prime; style=\u00a0\u00bbpadding: 0px 0px 0px 0px; \u00ab\u00a0][x_text] L\u2019\u00a0Appel \u00e0 l\u2019action pour les \u00e9lections f\u00e9d\u00e9rales\u00a0de l\u2019ACCSC a demand\u00e9 \u00e0 tous les partis politiques f\u00e9d\u00e9raux de commettre \u00e0 l\u2019augmentation de leadership f\u00e9d\u00e9ral autour de quatre [&hellip;]<\/p>\n","protected":false},"author":1,"featured_media":0,"parent":0,"menu_order":0,"comment_status":"closed","ping_status":"closed","template":"","meta":{"_bbp_topic_count":0,"_bbp_reply_count":0,"_bbp_total_topic_count":0,"_bbp_total_reply_count":0,"_bbp_voice_count":0,"_bbp_anonymous_reply_count":0,"_bbp_topic_count_hidden":0,"_bbp_reply_count_hidden":0,"_bbp_forum_subforum_count":0,"footnotes":""},"class_list":["post-6977","page","type-page","status-publish","hentry"],"yoast_head":"<!-- This site is optimized with the Yoast SEO plugin v27.5 - https:\/\/yoast.com\/product\/yoast-seo-wordpress\/ -->\n<title>\u00c9lections f\u00e9d\u00e9rales 2015 - Aller de l&#039;avant ! - ACCSC<\/title>\n<meta name=\"robots\" content=\"index, follow, max-snippet:-1, max-image-preview:large, max-video-preview:-1\" \/>\n<link rel=\"canonical\" href=\"https:\/\/www.cachc.ca\/fr\/electionsfederales\/\" \/>\n<meta property=\"og:locale\" content=\"fr_FR\" \/>\n<meta property=\"og:type\" content=\"article\" \/>\n<meta property=\"og:title\" content=\"\u00c9lections f\u00e9d\u00e9rales 2015 - Aller de l&#039;avant ! - ACCSC\" \/>\n<meta property=\"og:description\" content=\"[x_section style=\u00a0\u00bbmargin: 0px 0px 0px 0px; padding: 0px 0px 0px 0px; \u00ab\u00a0][x_row inner_container=\u00a0\u00bbtrue\u00a0\u00bb marginless_columns=\u00a0\u00bbfalse\u00a0\u00bb bg_color=\u00a0\u00bb\u00a0\u00bb style=\u00a0\u00bbmargin: 0px auto 0px auto; padding: 0px 0px 0px 0px; \u00ab\u00a0][x_column bg_color=\u00a0\u00bb\u00a0\u00bb type=\u00a0\u00bb1\/1&Prime; style=\u00a0\u00bbpadding: 0px 0px 0px 0px; \u00ab\u00a0][x_text] L\u2019\u00a0Appel \u00e0 l\u2019action pour les \u00e9lections f\u00e9d\u00e9rales\u00a0de l\u2019ACCSC a demand\u00e9 \u00e0 tous les partis politiques f\u00e9d\u00e9raux de commettre \u00e0 l\u2019augmentation de leadership f\u00e9d\u00e9ral autour de quatre [&hellip;]\" \/>\n<meta property=\"og:url\" content=\"https:\/\/www.cachc.ca\/fr\/electionsfederales\/\" \/>\n<meta property=\"og:site_name\" content=\"ACCSC\" \/>\n<meta property=\"article:modified_time\" content=\"2015-10-26T19:33:08+00:00\" \/>\n<meta name=\"twitter:card\" content=\"summary_large_image\" \/>\n<meta name=\"twitter:label1\" content=\"Dur\u00e9e de lecture estim\u00e9e\" \/>\n\t<meta name=\"twitter:data1\" content=\"3 minutes\" \/>\n<script type=\"application\/ld+json\" class=\"yoast-schema-graph\">{\"@context\":\"https:\\\/\\\/schema.org\",\"@graph\":[{\"@type\":\"WebPage\",\"@id\":\"https:\\\/\\\/www.cachc.ca\\\/fr\\\/electionsfederales\\\/\",\"url\":\"https:\\\/\\\/www.cachc.ca\\\/fr\\\/electionsfederales\\\/\",\"name\":\"\u00c9lections f\u00e9d\u00e9rales 2015 - Aller de l&#039;avant ! - ACCSC\",\"isPartOf\":{\"@id\":\"https:\\\/\\\/www.cachc.ca\\\/#website\"},\"datePublished\":\"2015-05-19T15:45:14+00:00\",\"dateModified\":\"2015-10-26T19:33:08+00:00\",\"inLanguage\":\"fr-FR\",\"potentialAction\":[{\"@type\":\"ReadAction\",\"target\":[\"https:\\\/\\\/www.cachc.ca\\\/fr\\\/electionsfederales\\\/\"]}]},{\"@type\":\"WebSite\",\"@id\":\"https:\\\/\\\/www.cachc.ca\\\/#website\",\"url\":\"https:\\\/\\\/www.cachc.ca\\\/\",\"name\":\"ACCSC\",\"description\":\"Les centres de sant\u00e9 communautaire au Canada\",\"potentialAction\":[{\"@type\":\"SearchAction\",\"target\":{\"@type\":\"EntryPoint\",\"urlTemplate\":\"https:\\\/\\\/www.cachc.ca\\\/?s={search_term_string}\"},\"query-input\":{\"@type\":\"PropertyValueSpecification\",\"valueRequired\":true,\"valueName\":\"search_term_string\"}}],\"inLanguage\":\"fr-FR\"}]}<\/script>\n<!-- \/ Yoast SEO plugin. -->","yoast_head_json":{"title":"\u00c9lections f\u00e9d\u00e9rales 2015 - Aller de l&#039;avant ! - ACCSC","robots":{"index":"index","follow":"follow","max-snippet":"max-snippet:-1","max-image-preview":"max-image-preview:large","max-video-preview":"max-video-preview:-1"},"canonical":"https:\/\/www.cachc.ca\/fr\/electionsfederales\/","og_locale":"fr_FR","og_type":"article","og_title":"\u00c9lections f\u00e9d\u00e9rales 2015 - Aller de l&#039;avant ! - ACCSC","og_description":"[x_section style=\u00a0\u00bbmargin: 0px 0px 0px 0px; padding: 0px 0px 0px 0px; \u00ab\u00a0][x_row inner_container=\u00a0\u00bbtrue\u00a0\u00bb marginless_columns=\u00a0\u00bbfalse\u00a0\u00bb bg_color=\u00a0\u00bb\u00a0\u00bb style=\u00a0\u00bbmargin: 0px auto 0px auto; padding: 0px 0px 0px 0px; \u00ab\u00a0][x_column bg_color=\u00a0\u00bb\u00a0\u00bb type=\u00a0\u00bb1\/1&Prime; style=\u00a0\u00bbpadding: 0px 0px 0px 0px; \u00ab\u00a0][x_text] L\u2019\u00a0Appel \u00e0 l\u2019action pour les \u00e9lections f\u00e9d\u00e9rales\u00a0de l\u2019ACCSC a demand\u00e9 \u00e0 tous les partis politiques f\u00e9d\u00e9raux de commettre \u00e0 l\u2019augmentation de leadership f\u00e9d\u00e9ral autour de quatre [&hellip;]","og_url":"https:\/\/www.cachc.ca\/fr\/electionsfederales\/","og_site_name":"ACCSC","article_modified_time":"2015-10-26T19:33:08+00:00","twitter_card":"summary_large_image","twitter_misc":{"Dur\u00e9e de lecture estim\u00e9e":"3 minutes"},"schema":{"@context":"https:\/\/schema.org","@graph":[{"@type":"WebPage","@id":"https:\/\/www.cachc.ca\/fr\/electionsfederales\/","url":"https:\/\/www.cachc.ca\/fr\/electionsfederales\/","name":"\u00c9lections f\u00e9d\u00e9rales 2015 - Aller de l&#039;avant ! - ACCSC","isPartOf":{"@id":"https:\/\/www.cachc.ca\/#website"},"datePublished":"2015-05-19T15:45:14+00:00","dateModified":"2015-10-26T19:33:08+00:00","inLanguage":"fr-FR","potentialAction":[{"@type":"ReadAction","target":["https:\/\/www.cachc.ca\/fr\/electionsfederales\/"]}]},{"@type":"WebSite","@id":"https:\/\/www.cachc.ca\/#website","url":"https:\/\/www.cachc.ca\/","name":"ACCSC","description":"Les centres de sant\u00e9 communautaire au Canada","potentialAction":[{"@type":"SearchAction","target":{"@type":"EntryPoint","urlTemplate":"https:\/\/www.cachc.ca\/?s={search_term_string}"},"query-input":{"@type":"PropertyValueSpecification","valueRequired":true,"valueName":"search_term_string"}}],"inLanguage":"fr-FR"}]}},"_links":{"self":[{"href":"https:\/\/www.cachc.ca\/fr\/wp-json\/wp\/v2\/pages\/6977","targetHints":{"allow":["GET"]}}],"collection":[{"href":"https:\/\/www.cachc.ca\/fr\/wp-json\/wp\/v2\/pages"}],"about":[{"href":"https:\/\/www.cachc.ca\/fr\/wp-json\/wp\/v2\/types\/page"}],"author":[{"embeddable":true,"href":"https:\/\/www.cachc.ca\/fr\/wp-json\/wp\/v2\/users\/1"}],"replies":[{"embeddable":true,"href":"https:\/\/www.cachc.ca\/fr\/wp-json\/wp\/v2\/comments?post=6977"}],"version-history":[{"count":0,"href":"https:\/\/www.cachc.ca\/fr\/wp-json\/wp\/v2\/pages\/6977\/revisions"}],"wp:attachment":[{"href":"https:\/\/www.cachc.ca\/fr\/wp-json\/wp\/v2\/media?parent=6977"}],"curies":[{"name":"wp","href":"https:\/\/api.w.org\/{rel}","templated":true}]}}