{"id":6765,"date":"2015-03-25T17:06:38","date_gmt":"2015-03-25T21:06:38","guid":{"rendered":"http:\/\/www.cachc.ca\/?page_id=6765"},"modified":"2015-07-26T22:25:34","modified_gmt":"2015-07-27T02:25:34","slug":"prix","status":"publish","type":"page","link":"https:\/\/www.cachc.ca\/fr\/congres-2015\/prix\/","title":{"rendered":"Prix 2015 des Agents de changement"},"content":{"rendered":"<p style=\"text-align: justify;\"><span style=\"color: #000000;\">Lors de son<\/span> <a href=\"http:\/\/www.cachc.ca\/congres-2015\/?lang=fr\" target=\"_blank\">congr\u00e8s pancanadien 2015<\/a> <span style=\"color: #000000;\">\u00e0 Ottawa (du 16 au 18 septembre), l\u2019Association canadienne des centres de sant\u00e9 communautaire (ACCSC) reconna\u00eetra des organismes\u00a0qui ont contribu\u00e9 de mani\u00e8re exceptionnelle \u00e0 l\u2019am\u00e9lioration de la sant\u00e9 et le bien-\u00eatre social au Canada. \u00a0Les prix 2015 des Agents de changement s\u2019alignent sur trois r\u00e9solutions adopt\u00e9es par les membres de l\u2019ACCSC lors de son assembl\u00e9e g\u00e9n\u00e9rale annuelle en 2014.<\/span><\/p>\n<p><span style=\"color: #000000;\"><strong>CAT\u00c9GORIES DE PRIX<\/strong><\/span><\/p>\n<ol>\n<li><span style=\"color: #000000;\"><strong>Plaidoyer pour am\u00e9liorer le leadership f\u00e9d\u00e9ral dans le domaine de la sant\u00e9<\/strong><br \/>\n<\/span><\/li>\n<li><span style=\"color: #000000;\"><strong>R\u00e9duire l\u2019itin\u00e9rance et am\u00e9liorer l\u2019acc\u00e8s au logement<\/strong><\/span><\/li>\n<li><span style=\"color: #000000;\"><strong>Am\u00e9liorer l\u2019engagement d\u00e9mocratique<\/strong><\/span><\/li>\n<\/ol>\n","protected":false},"excerpt":{"rendered":"<p>Lors de son congr\u00e8s pancanadien 2015 \u00e0 Ottawa (du 16 au 18 septembre), l\u2019Association canadienne des centres de sant\u00e9 communautaire (ACCSC) reconna\u00eetra des organismes\u00a0qui ont contribu\u00e9 de mani\u00e8re exceptionnelle \u00e0 l\u2019am\u00e9lioration de la sant\u00e9 et le bien-\u00eatre social au Canada. \u00a0Les prix 2015 des Agents de changement s\u2019alignent sur trois r\u00e9solutions adopt\u00e9es par les membres de l\u2019ACCSC lors de son [&hellip;]<\/p>\n","protected":false},"author":1,"featured_media":0,"parent":3569,"menu_order":0,"comment_status":"closed","ping_status":"closed","template":"template-blank-5.php","meta":{"_bbp_topic_count":0,"_bbp_reply_count":0,"_bbp_total_topic_count":0,"_bbp_total_reply_count":0,"_bbp_voice_count":0,"_bbp_anonymous_reply_count":0,"_bbp_topic_count_hidden":0,"_bbp_reply_count_hidden":0,"_bbp_forum_subforum_count":0,"footnotes":""},"class_list":["post-6765","page","type-page","status-publish","hentry"],"yoast_head":"<!-- This site is optimized with the Yoast SEO plugin v27.5 - https:\/\/yoast.com\/product\/yoast-seo-wordpress\/ -->\n<title>Prix 2015 des Agents de changement - ACCSC<\/title>\n<meta name=\"robots\" content=\"index, follow, max-snippet:-1, max-image-preview:large, max-video-preview:-1\" \/>\n<link rel=\"canonical\" href=\"https:\/\/www.cachc.ca\/acac2015\/awards\/\" \/>\n<meta property=\"og:locale\" content=\"fr_FR\" \/>\n<meta property=\"og:type\" content=\"article\" \/>\n<meta property=\"og:title\" content=\"Prix 2015 des Agents de changement - ACCSC\" \/>\n<meta property=\"og:description\" content=\"Lors de son congr\u00e8s pancanadien 2015 \u00e0 Ottawa (du 16 au 18 septembre), l\u2019Association canadienne des centres de sant\u00e9 communautaire (ACCSC) reconna\u00eetra des organismes\u00a0qui ont contribu\u00e9 de mani\u00e8re exceptionnelle \u00e0 l\u2019am\u00e9lioration de la sant\u00e9 et le bien-\u00eatre social au Canada. \u00a0Les prix 2015 des Agents de changement s\u2019alignent sur trois r\u00e9solutions adopt\u00e9es par les membres de l\u2019ACCSC lors de son [&hellip;]\" \/>\n<meta property=\"og:url\" content=\"https:\/\/www.cachc.ca\/acac2015\/awards\/\" \/>\n<meta property=\"og:site_name\" content=\"ACCSC\" \/>\n<meta property=\"article:modified_time\" content=\"2015-07-27T02:25:34+00:00\" \/>\n<meta name=\"twitter:card\" content=\"summary_large_image\" \/>\n<meta name=\"twitter:label1\" content=\"Dur\u00e9e de lecture estim\u00e9e\" \/>\n\t<meta name=\"twitter:data1\" content=\"1 minute\" \/>\n<script type=\"application\/ld+json\" class=\"yoast-schema-graph\">{\"@context\":\"https:\\\/\\\/schema.org\",\"@graph\":[{\"@type\":\"WebPage\",\"@id\":\"https:\\\/\\\/www.cachc.ca\\\/acac2015\\\/awards\\\/\",\"url\":\"https:\\\/\\\/www.cachc.ca\\\/acac2015\\\/awards\\\/\",\"name\":\"Prix 2015 des Agents de changement - ACCSC\",\"isPartOf\":{\"@id\":\"https:\\\/\\\/www.cachc.ca\\\/#website\"},\"datePublished\":\"2015-03-25T21:06:38+00:00\",\"dateModified\":\"2015-07-27T02:25:34+00:00\",\"breadcrumb\":{\"@id\":\"https:\\\/\\\/www.cachc.ca\\\/acac2015\\\/awards\\\/#breadcrumb\"},\"inLanguage\":\"fr-FR\",\"potentialAction\":[{\"@type\":\"ReadAction\",\"target\":[\"https:\\\/\\\/www.cachc.ca\\\/acac2015\\\/awards\\\/\"]}]},{\"@type\":\"BreadcrumbList\",\"@id\":\"https:\\\/\\\/www.cachc.ca\\\/acac2015\\\/awards\\\/#breadcrumb\",\"itemListElement\":[{\"@type\":\"ListItem\",\"position\":1,\"name\":\"Congr\u00e8s 2015\",\"item\":\"https:\\\/\\\/www.cachc.ca\\\/acac2015\\\/\"},{\"@type\":\"ListItem\",\"position\":2,\"name\":\"Prix 2015 des Agents de changement\"}]},{\"@type\":\"WebSite\",\"@id\":\"https:\\\/\\\/www.cachc.ca\\\/#website\",\"url\":\"https:\\\/\\\/www.cachc.ca\\\/\",\"name\":\"ACCSC\",\"description\":\"Les centres de sant\u00e9 communautaire au Canada\",\"potentialAction\":[{\"@type\":\"SearchAction\",\"target\":{\"@type\":\"EntryPoint\",\"urlTemplate\":\"https:\\\/\\\/www.cachc.ca\\\/?s={search_term_string}\"},\"query-input\":{\"@type\":\"PropertyValueSpecification\",\"valueRequired\":true,\"valueName\":\"search_term_string\"}}],\"inLanguage\":\"fr-FR\"}]}<\/script>\n<!-- \/ Yoast SEO plugin. -->","yoast_head_json":{"title":"Prix 2015 des Agents de changement - ACCSC","robots":{"index":"index","follow":"follow","max-snippet":"max-snippet:-1","max-image-preview":"max-image-preview:large","max-video-preview":"max-video-preview:-1"},"canonical":"https:\/\/www.cachc.ca\/acac2015\/awards\/","og_locale":"fr_FR","og_type":"article","og_title":"Prix 2015 des Agents de changement - ACCSC","og_description":"Lors de son congr\u00e8s pancanadien 2015 \u00e0 Ottawa (du 16 au 18 septembre), l\u2019Association canadienne des centres de sant\u00e9 communautaire (ACCSC) reconna\u00eetra des organismes\u00a0qui ont contribu\u00e9 de mani\u00e8re exceptionnelle \u00e0 l\u2019am\u00e9lioration de la sant\u00e9 et le bien-\u00eatre social au Canada. \u00a0Les prix 2015 des Agents de changement s\u2019alignent sur trois r\u00e9solutions adopt\u00e9es par les membres de l\u2019ACCSC lors de son [&hellip;]","og_url":"https:\/\/www.cachc.ca\/acac2015\/awards\/","og_site_name":"ACCSC","article_modified_time":"2015-07-27T02:25:34+00:00","twitter_card":"summary_large_image","twitter_misc":{"Dur\u00e9e de lecture estim\u00e9e":"1 minute"},"schema":{"@context":"https:\/\/schema.org","@graph":[{"@type":"WebPage","@id":"https:\/\/www.cachc.ca\/acac2015\/awards\/","url":"https:\/\/www.cachc.ca\/acac2015\/awards\/","name":"Prix 2015 des Agents de changement - ACCSC","isPartOf":{"@id":"https:\/\/www.cachc.ca\/#website"},"datePublished":"2015-03-25T21:06:38+00:00","dateModified":"2015-07-27T02:25:34+00:00","breadcrumb":{"@id":"https:\/\/www.cachc.ca\/acac2015\/awards\/#breadcrumb"},"inLanguage":"fr-FR","potentialAction":[{"@type":"ReadAction","target":["https:\/\/www.cachc.ca\/acac2015\/awards\/"]}]},{"@type":"BreadcrumbList","@id":"https:\/\/www.cachc.ca\/acac2015\/awards\/#breadcrumb","itemListElement":[{"@type":"ListItem","position":1,"name":"Congr\u00e8s 2015","item":"https:\/\/www.cachc.ca\/acac2015\/"},{"@type":"ListItem","position":2,"name":"Prix 2015 des Agents de changement"}]},{"@type":"WebSite","@id":"https:\/\/www.cachc.ca\/#website","url":"https:\/\/www.cachc.ca\/","name":"ACCSC","description":"Les centres de sant\u00e9 communautaire au Canada","potentialAction":[{"@type":"SearchAction","target":{"@type":"EntryPoint","urlTemplate":"https:\/\/www.cachc.ca\/?s={search_term_string}"},"query-input":{"@type":"PropertyValueSpecification","valueRequired":true,"valueName":"search_term_string"}}],"inLanguage":"fr-FR"}]}},"_links":{"self":[{"href":"https:\/\/www.cachc.ca\/fr\/wp-json\/wp\/v2\/pages\/6765","targetHints":{"allow":["GET"]}}],"collection":[{"href":"https:\/\/www.cachc.ca\/fr\/wp-json\/wp\/v2\/pages"}],"about":[{"href":"https:\/\/www.cachc.ca\/fr\/wp-json\/wp\/v2\/types\/page"}],"author":[{"embeddable":true,"href":"https:\/\/www.cachc.ca\/fr\/wp-json\/wp\/v2\/users\/1"}],"replies":[{"embeddable":true,"href":"https:\/\/www.cachc.ca\/fr\/wp-json\/wp\/v2\/comments?post=6765"}],"version-history":[{"count":0,"href":"https:\/\/www.cachc.ca\/fr\/wp-json\/wp\/v2\/pages\/6765\/revisions"}],"up":[{"embeddable":true,"href":"https:\/\/www.cachc.ca\/fr\/wp-json\/wp\/v2\/pages\/3569"}],"wp:attachment":[{"href":"https:\/\/www.cachc.ca\/fr\/wp-json\/wp\/v2\/media?parent=6765"}],"curies":[{"name":"wp","href":"https:\/\/api.w.org\/{rel}","templated":true}]}}