{"id":6623,"date":"2015-01-27T16:37:29","date_gmt":"2015-01-27T21:37:29","guid":{"rendered":"http:\/\/www.cachc.ca\/?page_id=6623"},"modified":"2015-09-08T20:40:59","modified_gmt":"2015-09-09T00:40:59","slug":"programme","status":"publish","type":"page","link":"https:\/\/www.cachc.ca\/fr\/congres-2015\/programme\/","title":{"rendered":"Programme"},"content":{"rendered":"<p>[x_section style=\u00a0\u00bbmargin: 0px 0px 0px 0px; padding: 0px 0px 0px 0px; \u00ab\u00a0][x_row inner_container=\u00a0\u00bbtrue\u00a0\u00bb marginless_columns=\u00a0\u00bbfalse\u00a0\u00bb bg_color=\u00a0\u00bb\u00a0\u00bb style=\u00a0\u00bbmargin: 0px auto 0px auto; padding: 0px 0px 0px 0px; \u00ab\u00a0][x_column bg_color=\u00a0\u00bb\u00a0\u00bb type=\u00a0\u00bb1\/1&Prime;  style=\u00a0\u00bbpadding: 0px 0px 0px 0px; \u00ab\u00a0][x_text]<\/p>\n<h5 style=\"text-align: center;\"><strong><span style=\"color: #000000;\">Les centres de sant\u00e9 communautaires: Agents de soins, agents de changement<\/span><\/strong><br \/>\n<span style=\"color: #000000;\"> 16 au 18 septembre 2015 | Ottawa (Ontario) \u00a0<span style=\"color: #52bdde;\"><a href=\"https:\/\/twitter.com\/hashtag\/ACAC2015?src=hash\" target=\"_blank\">#ACAC2015<\/a>\u00a0<\/span><\/span><\/h5>\n<p>[\/x_text][\/x_column][\/x_row][x_row inner_container=\u00a0\u00bbtrue\u00a0\u00bb marginless_columns=\u00a0\u00bbfalse\u00a0\u00bb bg_color=\u00a0\u00bb\u00a0\u00bb style=\u00a0\u00bbmargin: 0px auto 0px auto; padding: 0px 0px 0px 0px; \u00ab\u00a0][x_column bg_color=\u00a0\u00bb\u00a0\u00bb type=\u00a0\u00bb1\/5&Prime;  style=\u00a0\u00bbpadding: 0px 0px 0px 0px; \u00ab\u00a0][x_feature_headline level=\u00a0\u00bbh2&Prime; looks_like=\u00a0\u00bbh4&Prime; icon=\u00a0\u00bbhome\u00a0\u00bb class=\u00a0\u00bbcenter-text \u00ab\u00a0][\/x_feature_headline][x_text]<\/p>\n<p style=\"text-align: center;\"><a href=\"http:\/\/www.cachc.ca\/congres-2015\/?lang=fr\">Accueil<\/a><\/p>\n<p>[\/x_text][\/x_column][x_column bg_color=\u00a0\u00bb\u00a0\u00bb type=\u00a0\u00bb1\/5&Prime;  style=\u00a0\u00bbpadding: 0px 0px 0px 0px; \u00ab\u00a0][x_feature_headline level=\u00a0\u00bbh2&Prime; looks_like=\u00a0\u00bbh4&Prime; icon=\u00a0\u00bblegal\u00a0\u00bb class=\u00a0\u00bbcenter-text \u00ab\u00a0][\/x_feature_headline][x_text]<\/p>\n<p id=\"tw-target-text\" class=\"tw-data-text vk_txt tw-ta tw-text-medium\" dir=\"ltr\" style=\"text-align: center;\" data-placeholder=\"Translation\"><span lang=\"fr\"><a href=\"http:\/\/www.cachc.ca\/wp-content\/uploads\/2015\/09\/CACHC-Program2015-FR-FINAL.pdf\" target=\"_blank\">Programme complet (PDF)<\/a>\u00a0\u00a0<\/span><\/p>\n<p>[\/x_text][\/x_column][x_column bg_color=\u00a0\u00bb\u00a0\u00bb type=\u00a0\u00bb1\/5&Prime;  style=\u00a0\u00bbpadding: 0px 0px 0px 0px; \u00ab\u00a0][x_feature_headline level=\u00a0\u00bbh2&Prime; looks_like=\u00a0\u00bbh4&Prime; icon=\u00a0\u00bbedit\u00a0\u00bb class=\u00a0\u00bbcenter-text \u00ab\u00a0][\/x_feature_headline][x_text]<\/p>\n<p style=\"text-align: center;\"><a href=\"https:\/\/www.cachc.ca\/fr\/congres-2015\/inscription\/\" target=\"_blank\">Inscription<\/a><\/p>\n<p>[\/x_text][\/x_column][x_column bg_color=\u00a0\u00bb\u00a0\u00bb type=\u00a0\u00bb1\/5&Prime;  style=\u00a0\u00bbpadding: 0px 0px 0px 0px; \u00ab\u00a0][x_feature_headline level=\u00a0\u00bbh2&Prime; looks_like=\u00a0\u00bbh4&Prime; icon=\u00a0\u00bbbuilding-o\u00a0\u00bb class=\u00a0\u00bbcenter-text \u00ab\u00a0][\/x_feature_headline][x_text]<\/p>\n<p style=\"text-align: center;\"><a href=\"http:\/\/www.cachc.ca\/congres-2015\/hebergement\/\" target=\"_blank\">Endroit et h\u00e9bergement<\/a><\/p>\n<p>[\/x_text][\/x_column][x_column bg_color=\u00a0\u00bb\u00a0\u00bb type=\u00a0\u00bb1\/5&Prime;  style=\u00a0\u00bbpadding: 0px 0px 0px 0px; \u00ab\u00a0][x_feature_headline level=\u00a0\u00bbh2&Prime; looks_like=\u00a0\u00bbh4&Prime; icon=\u00a0\u00bbtrophy\u00a0\u00bb class=\u00a0\u00bbcenter-text \u00ab\u00a0][\/x_feature_headline][x_text]<\/p>\n<p style=\"text-align: center;\"><a href=\"http:\/\/www.cachc.ca\/congres-2015\/prix\/\" target=\"_blank\">Prix 2015<\/a><\/p>\n<p>[\/x_text][\/x_column][\/x_row][x_row inner_container=\u00a0\u00bbtrue\u00a0\u00bb marginless_columns=\u00a0\u00bbfalse\u00a0\u00bb bg_color=\u00a0\u00bb\u00a0\u00bb style=\u00a0\u00bbmargin: 0px auto 0px auto; padding: 0px 0px 0px 0px; \u00ab\u00a0][x_column bg_color=\u00a0\u00bb\u00a0\u00bb type=\u00a0\u00bb1\/1&Prime;  style=\u00a0\u00bbpadding: 0px 0px 0px 0px; \u00ab\u00a0][x_feature_headline level=\u00a0\u00bbh2&Prime; looks_like=\u00a0\u00bbh4&Prime; icon=\u00a0\u00bbbinoculars\u00a0\u00bb class=\u00a0\u00bbcenter-text \u00ab\u00a0]SESSIONS DU CONGR\u00c8S[\/x_feature_headline][\/x_column][\/x_row][x_row inner_container=\u00a0\u00bbtrue\u00a0\u00bb marginless_columns=\u00a0\u00bbfalse\u00a0\u00bb bg_color=\u00a0\u00bb\u00a0\u00bb style=\u00a0\u00bbmargin: 0px auto 0px auto; padding: 0px 0px 0px 0px; \u00ab\u00a0][x_column bg_color=\u00a0\u00bb\u00a0\u00bb type=\u00a0\u00bb1\/1&Prime;  style=\u00a0\u00bbpadding: 0px 0px 0px 0px; \u00ab\u00a0][x_text]<\/p>\n<h5><strong>Mercredi le 16 septembre<\/strong><\/h5>\n<p>[table style=\u00a0\u00bbmargin:10px 5px;\u00a0\u00bb colwidth=\u00a0\u00bb50|50|100&Prime;]Heure, Chambre, Session<\/p>\n<p>10h &#8211; 14h, \u00c0 communiquer, R\u00e9union des associations provinciaux de CSC<\/p>\n<p>14h &#8211; 18h, Atrium, Inscription \u00e0 l\u2019AGA et au congr\u00e8s<\/p>\n<p>17h &#8211; 18h30, Salle de congr\u00e8s 106, AGA 2015 de l\u2019ACCSC<\/p>\n<p>18h &#8211; 19h, \u00c0 communiquer, R\u00e9union du conseil d\u2019administration de l\u2019ACCSC<\/p>\n<p>19h &#8211; 22h, Salle de congr\u00e8s 106, R\u00e9ception de bienvenue au congr\u00e8s &amp; r\u00e9seautage provincial\/espaces d\u2019apprentissage<\/p>\n<p>[\/table]<\/p>\n<h5><strong>Jeudi le 17 septembre<\/strong><\/h5>\n<p>[table style=\u00a0\u00bbmargin:10px 5px;\u00a0\u00bb colwidth=\u00a0\u00bb50|50|100&Prime;]Heure, Chambre, Session<\/p>\n<p>7h30 &#8211; 12h, Atrium, Inscription au congr\u00e8s<\/p>\n<p>7h30 &#8211; 8h30, Salle de congr\u00e8s 106, D\u00e9jeuner<\/p>\n<p>8h &#8211; 17h, Salle de congr\u00e8s 106, Kiosques des exposants<\/p>\n<p>8h30 &#8211; 9h, Salle de congr\u00e8s 106, Mot de bienvenue \/ pri\u00e8re inaugurale \/ purification<\/p>\n<p>9h &#8211; 10h, Salle de congr\u00e8s 106, Discours-programme inaugural<br \/>\n-,-,Andr\u00e9 Picard &#8211; Journaliste sp\u00e9cialis\u00e9 en sant\u00e9 au Globe &amp; Mail (confirm\u00e9)<\/p>\n<p>-, -, Invit\u00e9s : l&rsquo;honorable Rona Ambrose (deput\u00e9e \u2013 Ministre de la sant\u00e9); Murray Rankin (deput\u00e9 \u2013 Critique PND sur la sant\u00e9); Hedy Fry (deput\u00e9e \u2013 Critique du Parti Lib\u00e9ral sur la sant\u00e9); Elizabeth May (deput\u00e9e \u2013 Chef du Parti vert du Canada)<\/p>\n<p>10h15 &#8211; 12h, Salle de congr\u00e8s 106, Pl\u00e9ni\u00e8re 1 : Am\u00e9liorer le r\u00f4le du gouvernement f\u00e9d\u00e9ral dans le domaine de la sant\u00e9<\/p>\n<p>12h &#8211; 13h, Salle de congr\u00e8s 106, D\u00eener<\/p>\n<p>13h &#8211; 14h30, Salle de congr\u00e8s 106, Pl\u00e9ni\u00e8re 2 : Regard sur la sant\u00e9 des francophones<\/p>\n<p>14h45 &#8211; 16h15, \u00c0 communiquer, Atelier 1A &#8211;\u00a0Soins tenant compte des traumatismes\u00a0: Un partenariat CSC\u00a0\/ sant\u00e9 publique innovateur<\/p>\n<p>14h45 &#8211; 16h15, \u00c0 communiquer, Atelier 1B &#8211; Faire fonctionner les donn\u00e9es :\u00a0D\u00e9m\u00ealer les donn\u00e9es d\u2019entr\u00e9e\u00a0\/ les donn\u00e9es de sortie\u00a0\/ les rapports<\/p>\n<p>14h45 &#8211; 16h15, \u00c0 communiquer, Atelier 1C &#8211;\u00a0Comment mettre sur pied et \u00e9largir la recherche dans votre centre de sant\u00e9<\/p>\n<p>14h45 &#8211; 16h15, \u00c0 communiquer, Atelier 1D &#8211; Les principes de base de la collecte de fonds \u2013 Le\u00e7ons pour les centres de sant\u00e9<\/p>\n<p>14h45 &#8211; 16h15, \u00c0 communiquer, Atelier 1E &#8211; \u00c9largir l\u2019acc\u00e8s aux CSC de langue fran\u00e7aise partout au Canada<\/p>\n<p>14h45 &#8211; 16h15, \u00c0 communiquer, Atelier 1F &#8211; \u00c9largir l\u2019acc\u00e8s aux CSC autochtones partout au Canada<\/p>\n<p>16h15 &#8211; 17h45, \u00c0 l\u2019ext\u00e9rieur, Visites dans des centres de sant\u00e9 communautaire locaux<\/p>\n<p>17:30h &#8211; 18h30, Salle de congr\u00e8s 106, Cocktail et r\u00e9seautage provincial\/espaces d\u2019apprentissage<\/p>\n<p>18h30 &#8211; 20:30h, Salle de congr\u00e8s 106, Souper-conf\u00e9rence<\/p>\n<p>[\/table]<\/p>\n<h5><strong>Vendredi le 18 septembre<\/strong><\/h5>\n<p>[table style=\u00a0\u00bbmargin:10px 5px;\u00a0\u00bb colwidth=\u00a0\u00bb50|50|100&Prime;] Heure, Chambre, Session<\/p>\n<p>8h &#8211; 10h, Atrium, Inscription au congr\u00e8s<\/p>\n<p>7h30 &#8211; 8h30, Salle de congr\u00e8s 106, D\u00e9jeuner<\/p>\n<p>8h &#8211; 13h, Salle de congr\u00e8s 106, Kiosques des exposants<\/p>\n<p>8h30 &#8211; 10h, Salle de congr\u00e8s 106, Pl\u00e9ni\u00e8re 3 : Triple objectif dans le domaine de la sant\u00e9 : R\u00f4le des CSC<\/p>\n<p>10h20 &#8211; 12h, Salle de congr\u00e8s 106, Pl\u00e9ni\u00e8re 4\u00a0: Faire avancer les CSC du Canada par l&rsquo;apprentissage globale<\/p>\n<p>12h &#8211; 13h, Salle de congr\u00e8s 106, D\u00eener<\/p>\n<p>13h &#8211; 14h30, \u00c0 communiquer, Atelier 2A &#8211; \u00a0L\u2019engagement d\u00e9mocratique \u00e0 l\u2019\u0153uvre<\/p>\n<p>13h &#8211; 14h30, \u00c0 communiquer, Atelier 2B &#8211; Comment fournir un soutien de transition aux Calgariens vuln\u00e9rables\u00a0: L\u2019\u00e9quipe de soins coordonn\u00e9s de CUPS<\/p>\n<p>13h &#8211; 14h30, \u00c0 communiquer, Atelier 2C &#8211;\u00a0Comment mettre sur pied et \u00e9largir la recherche dans votre centre de sant\u00e9<\/p>\n<p>13h &#8211; 14h30, \u00c0 communiquer, Atelier 2D &#8211; Comment monter des \u00e9quipes plus solides dans votre centre de sant\u00e9<\/p>\n<p>13h &#8211; 14h30, \u00c0 communiquer, Atelier 2E &#8211;\u00a0Applications de l\u2019Indice canadien du mieux-\u00eatre en sant\u00e9 communautaire<\/p>\n<p>13h &#8211; 14h30, \u00c0 communiquer, Atelier 2F &#8211; mumsDU :\u00a0Sauver la vie des usagers de drogue<\/p>\n<p>14h45 &#8211; 16h, Salle de congr\u00e8s 106, Pl\u00e9ni\u00e8re de cl\u00f4ture : B\u00e2tir le mouvement global des CSC<\/p>\n<p>[\/table][\/x_text][\/x_column][\/x_row][\/x_section]<\/p>\n","protected":false},"excerpt":{"rendered":"<p>[x_section style=\u00a0\u00bbmargin: 0px 0px 0px 0px; padding: 0px 0px 0px 0px; \u00ab\u00a0][x_row inner_container=\u00a0\u00bbtrue\u00a0\u00bb marginless_columns=\u00a0\u00bbfalse\u00a0\u00bb bg_color=\u00a0\u00bb\u00a0\u00bb style=\u00a0\u00bbmargin: 0px auto 0px auto; padding: 0px 0px 0px 0px; \u00ab\u00a0][x_column bg_color=\u00a0\u00bb\u00a0\u00bb type=\u00a0\u00bb1\/1&Prime; style=\u00a0\u00bbpadding: 0px 0px 0px 0px; \u00ab\u00a0][x_text] Les centres de sant\u00e9 communautaires: Agents de soins, agents de changement 16 au 18 septembre 2015 | Ottawa (Ontario) \u00a0#ACAC2015\u00a0 [\/x_text][\/x_column][\/x_row][x_row inner_container=\u00a0\u00bbtrue\u00a0\u00bb marginless_columns=\u00a0\u00bbfalse\u00a0\u00bb bg_color=\u00a0\u00bb\u00a0\u00bb style=\u00a0\u00bbmargin: 0px [&hellip;]<\/p>\n","protected":false},"author":1,"featured_media":0,"parent":3569,"menu_order":0,"comment_status":"closed","ping_status":"closed","template":"template-layout-full-width.php","meta":{"_bbp_topic_count":0,"_bbp_reply_count":0,"_bbp_total_topic_count":0,"_bbp_total_reply_count":0,"_bbp_voice_count":0,"_bbp_anonymous_reply_count":0,"_bbp_topic_count_hidden":0,"_bbp_reply_count_hidden":0,"_bbp_forum_subforum_count":0,"footnotes":""},"class_list":["post-6623","page","type-page","status-publish","hentry"],"yoast_head":"<!-- This site is optimized with the Yoast SEO plugin v27.5 - https:\/\/yoast.com\/product\/yoast-seo-wordpress\/ -->\n<title>Programme - ACCSC<\/title>\n<meta name=\"robots\" content=\"index, follow, max-snippet:-1, max-image-preview:large, max-video-preview:-1\" \/>\n<link rel=\"canonical\" href=\"https:\/\/www.cachc.ca\/acac2015\/program\/\" \/>\n<meta property=\"og:locale\" content=\"fr_FR\" \/>\n<meta property=\"og:type\" content=\"article\" \/>\n<meta property=\"og:title\" content=\"Programme - ACCSC\" \/>\n<meta property=\"og:description\" content=\"[x_section style=\u00a0\u00bbmargin: 0px 0px 0px 0px; padding: 0px 0px 0px 0px; \u00ab\u00a0][x_row inner_container=\u00a0\u00bbtrue\u00a0\u00bb marginless_columns=\u00a0\u00bbfalse\u00a0\u00bb bg_color=\u00a0\u00bb\u00a0\u00bb style=\u00a0\u00bbmargin: 0px auto 0px auto; padding: 0px 0px 0px 0px; \u00ab\u00a0][x_column bg_color=\u00a0\u00bb\u00a0\u00bb type=\u00a0\u00bb1\/1&Prime; style=\u00a0\u00bbpadding: 0px 0px 0px 0px; \u00ab\u00a0][x_text] Les centres de sant\u00e9 communautaires: Agents de soins, agents de changement 16 au 18 septembre 2015 | Ottawa (Ontario) \u00a0#ACAC2015\u00a0 [\/x_text][\/x_column][\/x_row][x_row inner_container=\u00a0\u00bbtrue\u00a0\u00bb marginless_columns=\u00a0\u00bbfalse\u00a0\u00bb bg_color=\u00a0\u00bb\u00a0\u00bb style=\u00a0\u00bbmargin: 0px [&hellip;]\" \/>\n<meta property=\"og:url\" content=\"https:\/\/www.cachc.ca\/acac2015\/program\/\" \/>\n<meta property=\"og:site_name\" content=\"ACCSC\" \/>\n<meta property=\"article:modified_time\" content=\"2015-09-09T00:40:59+00:00\" \/>\n<meta name=\"twitter:card\" content=\"summary_large_image\" \/>\n<meta name=\"twitter:label1\" content=\"Dur\u00e9e de lecture estim\u00e9e\" \/>\n\t<meta name=\"twitter:data1\" content=\"5 minutes\" \/>\n<script type=\"application\/ld+json\" class=\"yoast-schema-graph\">{\"@context\":\"https:\\\/\\\/schema.org\",\"@graph\":[{\"@type\":\"WebPage\",\"@id\":\"https:\\\/\\\/www.cachc.ca\\\/acac2015\\\/program\\\/\",\"url\":\"https:\\\/\\\/www.cachc.ca\\\/acac2015\\\/program\\\/\",\"name\":\"Programme - ACCSC\",\"isPartOf\":{\"@id\":\"https:\\\/\\\/www.cachc.ca\\\/#website\"},\"datePublished\":\"2015-01-27T21:37:29+00:00\",\"dateModified\":\"2015-09-09T00:40:59+00:00\",\"breadcrumb\":{\"@id\":\"https:\\\/\\\/www.cachc.ca\\\/acac2015\\\/program\\\/#breadcrumb\"},\"inLanguage\":\"fr-FR\",\"potentialAction\":[{\"@type\":\"ReadAction\",\"target\":[\"https:\\\/\\\/www.cachc.ca\\\/acac2015\\\/program\\\/\"]}]},{\"@type\":\"BreadcrumbList\",\"@id\":\"https:\\\/\\\/www.cachc.ca\\\/acac2015\\\/program\\\/#breadcrumb\",\"itemListElement\":[{\"@type\":\"ListItem\",\"position\":1,\"name\":\"Congr\u00e8s 2015\",\"item\":\"https:\\\/\\\/www.cachc.ca\\\/acac2015\\\/\"},{\"@type\":\"ListItem\",\"position\":2,\"name\":\"Programme\"}]},{\"@type\":\"WebSite\",\"@id\":\"https:\\\/\\\/www.cachc.ca\\\/#website\",\"url\":\"https:\\\/\\\/www.cachc.ca\\\/\",\"name\":\"ACCSC\",\"description\":\"Les centres de sant\u00e9 communautaire au Canada\",\"potentialAction\":[{\"@type\":\"SearchAction\",\"target\":{\"@type\":\"EntryPoint\",\"urlTemplate\":\"https:\\\/\\\/www.cachc.ca\\\/?s={search_term_string}\"},\"query-input\":{\"@type\":\"PropertyValueSpecification\",\"valueRequired\":true,\"valueName\":\"search_term_string\"}}],\"inLanguage\":\"fr-FR\"}]}<\/script>\n<!-- \/ Yoast SEO plugin. -->","yoast_head_json":{"title":"Programme - ACCSC","robots":{"index":"index","follow":"follow","max-snippet":"max-snippet:-1","max-image-preview":"max-image-preview:large","max-video-preview":"max-video-preview:-1"},"canonical":"https:\/\/www.cachc.ca\/acac2015\/program\/","og_locale":"fr_FR","og_type":"article","og_title":"Programme - ACCSC","og_description":"[x_section style=\u00a0\u00bbmargin: 0px 0px 0px 0px; padding: 0px 0px 0px 0px; \u00ab\u00a0][x_row inner_container=\u00a0\u00bbtrue\u00a0\u00bb marginless_columns=\u00a0\u00bbfalse\u00a0\u00bb bg_color=\u00a0\u00bb\u00a0\u00bb style=\u00a0\u00bbmargin: 0px auto 0px auto; padding: 0px 0px 0px 0px; \u00ab\u00a0][x_column bg_color=\u00a0\u00bb\u00a0\u00bb type=\u00a0\u00bb1\/1&Prime; style=\u00a0\u00bbpadding: 0px 0px 0px 0px; \u00ab\u00a0][x_text] Les centres de sant\u00e9 communautaires: Agents de soins, agents de changement 16 au 18 septembre 2015 | Ottawa (Ontario) \u00a0#ACAC2015\u00a0 [\/x_text][\/x_column][\/x_row][x_row inner_container=\u00a0\u00bbtrue\u00a0\u00bb marginless_columns=\u00a0\u00bbfalse\u00a0\u00bb bg_color=\u00a0\u00bb\u00a0\u00bb style=\u00a0\u00bbmargin: 0px [&hellip;]","og_url":"https:\/\/www.cachc.ca\/acac2015\/program\/","og_site_name":"ACCSC","article_modified_time":"2015-09-09T00:40:59+00:00","twitter_card":"summary_large_image","twitter_misc":{"Dur\u00e9e de lecture estim\u00e9e":"5 minutes"},"schema":{"@context":"https:\/\/schema.org","@graph":[{"@type":"WebPage","@id":"https:\/\/www.cachc.ca\/acac2015\/program\/","url":"https:\/\/www.cachc.ca\/acac2015\/program\/","name":"Programme - ACCSC","isPartOf":{"@id":"https:\/\/www.cachc.ca\/#website"},"datePublished":"2015-01-27T21:37:29+00:00","dateModified":"2015-09-09T00:40:59+00:00","breadcrumb":{"@id":"https:\/\/www.cachc.ca\/acac2015\/program\/#breadcrumb"},"inLanguage":"fr-FR","potentialAction":[{"@type":"ReadAction","target":["https:\/\/www.cachc.ca\/acac2015\/program\/"]}]},{"@type":"BreadcrumbList","@id":"https:\/\/www.cachc.ca\/acac2015\/program\/#breadcrumb","itemListElement":[{"@type":"ListItem","position":1,"name":"Congr\u00e8s 2015","item":"https:\/\/www.cachc.ca\/acac2015\/"},{"@type":"ListItem","position":2,"name":"Programme"}]},{"@type":"WebSite","@id":"https:\/\/www.cachc.ca\/#website","url":"https:\/\/www.cachc.ca\/","name":"ACCSC","description":"Les centres de sant\u00e9 communautaire au Canada","potentialAction":[{"@type":"SearchAction","target":{"@type":"EntryPoint","urlTemplate":"https:\/\/www.cachc.ca\/?s={search_term_string}"},"query-input":{"@type":"PropertyValueSpecification","valueRequired":true,"valueName":"search_term_string"}}],"inLanguage":"fr-FR"}]}},"_links":{"self":[{"href":"https:\/\/www.cachc.ca\/fr\/wp-json\/wp\/v2\/pages\/6623","targetHints":{"allow":["GET"]}}],"collection":[{"href":"https:\/\/www.cachc.ca\/fr\/wp-json\/wp\/v2\/pages"}],"about":[{"href":"https:\/\/www.cachc.ca\/fr\/wp-json\/wp\/v2\/types\/page"}],"author":[{"embeddable":true,"href":"https:\/\/www.cachc.ca\/fr\/wp-json\/wp\/v2\/users\/1"}],"replies":[{"embeddable":true,"href":"https:\/\/www.cachc.ca\/fr\/wp-json\/wp\/v2\/comments?post=6623"}],"version-history":[{"count":0,"href":"https:\/\/www.cachc.ca\/fr\/wp-json\/wp\/v2\/pages\/6623\/revisions"}],"up":[{"embeddable":true,"href":"https:\/\/www.cachc.ca\/fr\/wp-json\/wp\/v2\/pages\/3569"}],"wp:attachment":[{"href":"https:\/\/www.cachc.ca\/fr\/wp-json\/wp\/v2\/media?parent=6623"}],"curies":[{"name":"wp","href":"https:\/\/api.w.org\/{rel}","templated":true}]}}