{"id":582,"date":"2012-02-24T10:57:34","date_gmt":"2012-02-24T15:57:34","guid":{"rendered":"http:\/\/www.cachc.ca\/?page_id=582"},"modified":"2014-07-24T16:53:46","modified_gmt":"2014-07-24T20:53:46","slug":"conferences","status":"publish","type":"page","link":"https:\/\/www.cachc.ca\/fr\/nouvelles-et-evenements\/conferences\/","title":{"rendered":"Les congr\u00e8s et AGA"},"content":{"rendered":"<h3><\/h3>\n<p><strong><img loading=\"lazy\" decoding=\"async\" class=\"alignleft wp-image-3924 size-thumbnail\" src=\"http:\/\/www.cachc.ca\/wp-content\/uploads\/2013\/11\/CACHCA_logo_red-and-gold-150x150.jpg\" alt=\"\" width=\"150\" height=\"150\" \/>Congr<span style=\"color: #000000;\">\u00e8<\/span>s 2015 (plus\u00a0<span style=\"color: #000000;\">\u00e0 venir)<br \/>\n<\/span><\/strong><span style=\"color: #000000;\">16 au 18 septembre, 2015<\/span><span style=\"color: #000000;\"><br \/>\nOttawa (Ontario)<\/span><\/p>\n<p>&nbsp;<\/p>\n<p><img loading=\"lazy\" decoding=\"async\" class=\"alignleft wp-image-3619 size-thumbnail\" src=\"http:\/\/www.cachc.ca\/wp-content\/uploads\/2012\/02\/Conference-Logo-lg-300dpi-150x150.jpg\" alt=\"\" width=\"150\" height=\"150\" \/><strong>2013 : Le syst<span style=\"color: #000000;\">\u00e8<\/span>me de sant<span style=\"color: #000000;\">\u00e9<\/span> public @ 50<br \/>\n<\/strong>25 au 27 septembre, 2013<br \/>\nSaskatoon (Saskatchewan)<br \/>\n<a href=\"http:\/\/www.cachc.ca\/congres-et-aga-2013\/?lang=fr\">Mat\u00e9riaux<\/a><\/p>\n<h3><\/h3>\n<h3><\/h3>\n<h3><\/h3>\n<p>&nbsp;<\/p>\n<p><strong><span style=\"color: #000000;\"><img loading=\"lazy\" decoding=\"async\" class=\"alignleft  wp-image-784\" title=\"Congres international 2011\" src=\"http:\/\/www.cachc.ca\/wp-content\/uploads\/2012\/02\/Congres-2011.jpg\" alt=\"\" width=\"120\" height=\"160\" \/>2011 : Les CSC\u00a0: Agir aujourd&rsquo;hui pour fa\u00e7onner demain<\/span><\/strong><br \/>\n<span style=\"color: #000000;\"> Un congr\u00e8s international parrain\u00e9 en collaboration avec le National Association of Community Health Centers des Etats-Unis et l`Association des centres de sant\u00e9 de l`Ontario<\/span><br \/>\n<span style=\"color: #000000;\"> \u00bb\u00bb Les 9 et 10 juin, 2011 \u00e0 Toronto, Ontario<\/span><br \/>\n<a href=\"http:\/\/actingtodayshapingtomorrow.posterous.com\/\" target=\"_blank\">Blogue du confgr\u00e8s<\/a>\u00a0| <a href=\"http:\/\/www.facebook.com\/CHCs.ActingTodayShapingTomorrow\" target=\"_blank\">Page Facebook<br \/>\n<\/a><a href=\"http:\/\/www.cachc.ca\/wp-content\/uploads\/2012\/03\/Guide-du-congres-international-2011.pdf\" target=\"_blank\">Guide du congr\u00e8s<\/a>\u00a0| <a href=\"http:\/\/aohc.sclivelearningcenter.com\/index.aspx?PID=2936\" target=\"_blank\">Ateliers du congr\u00e8s (via l`ACSO)<\/a><\/p>\n<p>&nbsp;<\/p>\n<p><a href=\"http:\/\/www.cachc.ca\/wp-content\/uploads\/2012\/02\/CACHC-2007-Conferece-Report-cover.jpg\"><img loading=\"lazy\" decoding=\"async\" class=\"alignleft  wp-image-648\" title=\"CACHC 2007 Conferece Report cover\" src=\"http:\/\/www.cachc.ca\/wp-content\/uploads\/2012\/02\/CACHC-2007-Conferece-Report-cover.jpg\" alt=\"\" width=\"120\" height=\"160\" \/><\/a><span style=\"color: #000000;\"><strong>2007 : La deuxi\u00e8me \u00e9tape du syst\u00e8me de sant\u00e9 public\u00a0<\/strong><\/span><br \/>\n<span style=\"color: #000000;\"> Un congr\u00e8s pancanadien parrain\u00e9 en collaboration avec l`Association des centres de sant\u00e9 de l`Ontario<\/span><br \/>\n<span style=\"color: #000000;\"> \u00bb\u00bb juin 2007 \u00e0 Toronto, Ontario<\/span><br \/>\n<a href=\"http:\/\/www.cachc.ca\/wp-content\/uploads\/downloads\/2012\/03\/Rapport-de-la-conference-dACSO-RCACCS-2007.pdf\" target=\"_blank\">Rapport du congr\u00e8s<\/a><\/p>\n","protected":false},"excerpt":{"rendered":"<p>Congr\u00e8s 2015 (plus\u00a0\u00e0 venir) 16 au 18 septembre, 2015 Ottawa (Ontario) &nbsp; 2013 : Le syst\u00e8me de sant\u00e9 public @ 50 25 au 27 septembre, 2013 Saskatoon (Saskatchewan) Mat\u00e9riaux &nbsp; 2011 : Les CSC\u00a0: Agir aujourd&rsquo;hui pour fa\u00e7onner demain Un congr\u00e8s international parrain\u00e9 en collaboration avec le National Association of Community Health Centers des Etats-Unis et l`Association des centres de [&hellip;]<\/p>\n","protected":false},"author":1,"featured_media":0,"parent":438,"menu_order":1,"comment_status":"closed","ping_status":"closed","template":"template-layout-content-sidebar.php","meta":{"_bbp_topic_count":0,"_bbp_reply_count":0,"_bbp_total_topic_count":0,"_bbp_total_reply_count":0,"_bbp_voice_count":0,"_bbp_anonymous_reply_count":0,"_bbp_topic_count_hidden":0,"_bbp_reply_count_hidden":0,"_bbp_forum_subforum_count":0,"footnotes":""},"class_list":["post-582","page","type-page","status-publish","hentry"],"yoast_head":"<!-- This site is optimized with the Yoast SEO plugin v27.2 - https:\/\/yoast.com\/product\/yoast-seo-wordpress\/ -->\n<title>Les congr\u00e8s et AGA - ACCSC<\/title>\n<meta name=\"robots\" content=\"index, follow, max-snippet:-1, max-image-preview:large, max-video-preview:-1\" \/>\n<link rel=\"canonical\" href=\"https:\/\/www.cachc.ca\/news\/conferences\/\" \/>\n<meta property=\"og:locale\" content=\"fr_FR\" \/>\n<meta property=\"og:type\" content=\"article\" \/>\n<meta property=\"og:title\" content=\"Les congr\u00e8s et AGA - ACCSC\" \/>\n<meta property=\"og:description\" content=\"Congr\u00e8s 2015 (plus\u00a0\u00e0 venir) 16 au 18 septembre, 2015 Ottawa (Ontario) &nbsp; 2013 : Le syst\u00e8me de sant\u00e9 public @ 50 25 au 27 septembre, 2013 Saskatoon (Saskatchewan) Mat\u00e9riaux &nbsp; 2011 : Les CSC\u00a0: Agir aujourd&rsquo;hui pour fa\u00e7onner demain Un congr\u00e8s international parrain\u00e9 en collaboration avec le National Association of Community Health Centers des Etats-Unis et l`Association des centres de [&hellip;]\" \/>\n<meta property=\"og:url\" content=\"https:\/\/www.cachc.ca\/news\/conferences\/\" \/>\n<meta property=\"og:site_name\" content=\"ACCSC\" \/>\n<meta property=\"article:modified_time\" content=\"2014-07-24T20:53:46+00:00\" \/>\n<meta property=\"og:image\" content=\"http:\/\/www.cachc.ca\/wp-content\/uploads\/2013\/11\/CACHCA_logo_red-and-gold-150x150.jpg\" \/>\n<meta name=\"twitter:card\" content=\"summary_large_image\" \/>\n<meta name=\"twitter:label1\" content=\"Dur\u00e9e de lecture estim\u00e9e\" \/>\n\t<meta name=\"twitter:data1\" content=\"1 minute\" \/>\n<script type=\"application\/ld+json\" class=\"yoast-schema-graph\">{\"@context\":\"https:\/\/schema.org\",\"@graph\":[{\"@type\":\"WebPage\",\"@id\":\"https:\/\/www.cachc.ca\/news\/conferences\/\",\"url\":\"https:\/\/www.cachc.ca\/news\/conferences\/\",\"name\":\"Les congr\u00e8s et AGA - ACCSC\",\"isPartOf\":{\"@id\":\"https:\/\/www.cachc.ca\/#website\"},\"primaryImageOfPage\":{\"@id\":\"https:\/\/www.cachc.ca\/news\/conferences\/#primaryimage\"},\"image\":{\"@id\":\"https:\/\/www.cachc.ca\/news\/conferences\/#primaryimage\"},\"thumbnailUrl\":\"http:\/\/www.cachc.ca\/wp-content\/uploads\/2013\/11\/CACHCA_logo_red-and-gold-150x150.jpg\",\"datePublished\":\"2012-02-24T15:57:34+00:00\",\"dateModified\":\"2014-07-24T20:53:46+00:00\",\"breadcrumb\":{\"@id\":\"https:\/\/www.cachc.ca\/news\/conferences\/#breadcrumb\"},\"inLanguage\":\"fr-FR\",\"potentialAction\":[{\"@type\":\"ReadAction\",\"target\":[\"https:\/\/www.cachc.ca\/news\/conferences\/\"]}]},{\"@type\":\"ImageObject\",\"inLanguage\":\"fr-FR\",\"@id\":\"https:\/\/www.cachc.ca\/news\/conferences\/#primaryimage\",\"url\":\"http:\/\/www.cachc.ca\/wp-content\/uploads\/2013\/11\/CACHCA_logo_red-and-gold-150x150.jpg\",\"contentUrl\":\"http:\/\/www.cachc.ca\/wp-content\/uploads\/2013\/11\/CACHCA_logo_red-and-gold-150x150.jpg\"},{\"@type\":\"BreadcrumbList\",\"@id\":\"https:\/\/www.cachc.ca\/news\/conferences\/#breadcrumb\",\"itemListElement\":[{\"@type\":\"ListItem\",\"position\":1,\"name\":\"Nouvelles et \u00e9v\u00e9nements\",\"item\":\"https:\/\/www.cachc.ca\/news\/\"},{\"@type\":\"ListItem\",\"position\":2,\"name\":\"Les congr\u00e8s et AGA\"}]},{\"@type\":\"WebSite\",\"@id\":\"https:\/\/www.cachc.ca\/#website\",\"url\":\"https:\/\/www.cachc.ca\/\",\"name\":\"ACCSC\",\"description\":\"Les centres de sant\u00e9 communautaire au Canada\",\"potentialAction\":[{\"@type\":\"SearchAction\",\"target\":{\"@type\":\"EntryPoint\",\"urlTemplate\":\"https:\/\/www.cachc.ca\/?s={search_term_string}\"},\"query-input\":{\"@type\":\"PropertyValueSpecification\",\"valueRequired\":true,\"valueName\":\"search_term_string\"}}],\"inLanguage\":\"fr-FR\"}]}<\/script>\n<!-- \/ Yoast SEO plugin. -->","yoast_head_json":{"title":"Les congr\u00e8s et AGA - ACCSC","robots":{"index":"index","follow":"follow","max-snippet":"max-snippet:-1","max-image-preview":"max-image-preview:large","max-video-preview":"max-video-preview:-1"},"canonical":"https:\/\/www.cachc.ca\/news\/conferences\/","og_locale":"fr_FR","og_type":"article","og_title":"Les congr\u00e8s et AGA - ACCSC","og_description":"Congr\u00e8s 2015 (plus\u00a0\u00e0 venir) 16 au 18 septembre, 2015 Ottawa (Ontario) &nbsp; 2013 : Le syst\u00e8me de sant\u00e9 public @ 50 25 au 27 septembre, 2013 Saskatoon (Saskatchewan) Mat\u00e9riaux &nbsp; 2011 : Les CSC\u00a0: Agir aujourd&rsquo;hui pour fa\u00e7onner demain Un congr\u00e8s international parrain\u00e9 en collaboration avec le National Association of Community Health Centers des Etats-Unis et l`Association des centres de [&hellip;]","og_url":"https:\/\/www.cachc.ca\/news\/conferences\/","og_site_name":"ACCSC","article_modified_time":"2014-07-24T20:53:46+00:00","og_image":[{"url":"http:\/\/www.cachc.ca\/wp-content\/uploads\/2013\/11\/CACHCA_logo_red-and-gold-150x150.jpg","type":"","width":"","height":""}],"twitter_card":"summary_large_image","twitter_misc":{"Dur\u00e9e de lecture estim\u00e9e":"1 minute"},"schema":{"@context":"https:\/\/schema.org","@graph":[{"@type":"WebPage","@id":"https:\/\/www.cachc.ca\/news\/conferences\/","url":"https:\/\/www.cachc.ca\/news\/conferences\/","name":"Les congr\u00e8s et AGA - ACCSC","isPartOf":{"@id":"https:\/\/www.cachc.ca\/#website"},"primaryImageOfPage":{"@id":"https:\/\/www.cachc.ca\/news\/conferences\/#primaryimage"},"image":{"@id":"https:\/\/www.cachc.ca\/news\/conferences\/#primaryimage"},"thumbnailUrl":"http:\/\/www.cachc.ca\/wp-content\/uploads\/2013\/11\/CACHCA_logo_red-and-gold-150x150.jpg","datePublished":"2012-02-24T15:57:34+00:00","dateModified":"2014-07-24T20:53:46+00:00","breadcrumb":{"@id":"https:\/\/www.cachc.ca\/news\/conferences\/#breadcrumb"},"inLanguage":"fr-FR","potentialAction":[{"@type":"ReadAction","target":["https:\/\/www.cachc.ca\/news\/conferences\/"]}]},{"@type":"ImageObject","inLanguage":"fr-FR","@id":"https:\/\/www.cachc.ca\/news\/conferences\/#primaryimage","url":"http:\/\/www.cachc.ca\/wp-content\/uploads\/2013\/11\/CACHCA_logo_red-and-gold-150x150.jpg","contentUrl":"http:\/\/www.cachc.ca\/wp-content\/uploads\/2013\/11\/CACHCA_logo_red-and-gold-150x150.jpg"},{"@type":"BreadcrumbList","@id":"https:\/\/www.cachc.ca\/news\/conferences\/#breadcrumb","itemListElement":[{"@type":"ListItem","position":1,"name":"Nouvelles et \u00e9v\u00e9nements","item":"https:\/\/www.cachc.ca\/news\/"},{"@type":"ListItem","position":2,"name":"Les congr\u00e8s et AGA"}]},{"@type":"WebSite","@id":"https:\/\/www.cachc.ca\/#website","url":"https:\/\/www.cachc.ca\/","name":"ACCSC","description":"Les centres de sant\u00e9 communautaire au Canada","potentialAction":[{"@type":"SearchAction","target":{"@type":"EntryPoint","urlTemplate":"https:\/\/www.cachc.ca\/?s={search_term_string}"},"query-input":{"@type":"PropertyValueSpecification","valueRequired":true,"valueName":"search_term_string"}}],"inLanguage":"fr-FR"}]}},"_links":{"self":[{"href":"https:\/\/www.cachc.ca\/fr\/wp-json\/wp\/v2\/pages\/582","targetHints":{"allow":["GET"]}}],"collection":[{"href":"https:\/\/www.cachc.ca\/fr\/wp-json\/wp\/v2\/pages"}],"about":[{"href":"https:\/\/www.cachc.ca\/fr\/wp-json\/wp\/v2\/types\/page"}],"author":[{"embeddable":true,"href":"https:\/\/www.cachc.ca\/fr\/wp-json\/wp\/v2\/users\/1"}],"replies":[{"embeddable":true,"href":"https:\/\/www.cachc.ca\/fr\/wp-json\/wp\/v2\/comments?post=582"}],"version-history":[{"count":0,"href":"https:\/\/www.cachc.ca\/fr\/wp-json\/wp\/v2\/pages\/582\/revisions"}],"up":[{"embeddable":true,"href":"https:\/\/www.cachc.ca\/fr\/wp-json\/wp\/v2\/pages\/438"}],"wp:attachment":[{"href":"https:\/\/www.cachc.ca\/fr\/wp-json\/wp\/v2\/media?parent=582"}],"curies":[{"name":"wp","href":"https:\/\/api.w.org\/{rel}","templated":true}]}}