{"id":423,"date":"2012-02-18T20:25:52","date_gmt":"2012-02-19T01:25:52","guid":{"rendered":"http:\/\/www.cachc.ca\/?page_id=423"},"modified":"2016-03-15T10:12:45","modified_gmt":"2016-03-15T14:12:45","slug":"a-propos-des-csc","status":"publish","type":"page","link":"https:\/\/www.cachc.ca\/fr\/a-propos-des-csc\/","title":{"rendered":"\u00c0 propos de CSC"},"content":{"rendered":"<p>[cs_section id=\u00a0\u00bb\u00a0\u00bb class=\u00a0\u00bb \u00a0\u00bb style=\u00a0\u00bbmargin: 0px; padding: 0px 0px 45px; \u00a0\u00bb visibility=\u00a0\u00bb\u00a0\u00bb parallax=\u00a0\u00bbfalse\u00a0\u00bb][cs_row id=\u00a0\u00bb\u00a0\u00bb class=\u00a0\u00bb \u00a0\u00bb style=\u00a0\u00bbmargin: 0px auto; padding: 0px; \u00a0\u00bb visibility=\u00a0\u00bb\u00a0\u00bb inner_container=\u00a0\u00bbtrue\u00a0\u00bb marginless_columns=\u00a0\u00bbfalse\u00a0\u00bb bg_color=\u00a0\u00bb\u00a0\u00bb][cs_column id=\u00a0\u00bb\u00a0\u00bb class=\u00a0\u00bb\u00a0\u00bb style=\u00a0\u00bbpadding: 0px; \u00a0\u00bb bg_color=\u00a0\u00bb\u00a0\u00bb fade=\u00a0\u00bbfalse\u00a0\u00bb fade_animation=\u00a0\u00bbin\u00a0\u00bb fade_animation_offset=\u00a0\u00bb45px\u00a0\u00bb fade_duration=\u00a0\u00bb750&Prime; type=\u00a0\u00bb1\/1&Prime;][x_custom_headline level=\u00a0\u00bbh2&Prime; looks_like=\u00a0\u00bbh3&Prime; accent=\u00a0\u00bbtrue\u00a0\u00bb class=\u00a0\u00bbcenter-text \u00ab\u00a0]\u00c0 propos de CSC[\/x_custom_headline][\/cs_column][\/cs_row][cs_row id=\u00a0\u00bb\u00a0\u00bb class=\u00a0\u00bb \u00a0\u00bb style=\u00a0\u00bbmargin: 0px auto; padding: 0px; \u00a0\u00bb visibility=\u00a0\u00bb\u00a0\u00bb inner_container=\u00a0\u00bbtrue\u00a0\u00bb marginless_columns=\u00a0\u00bbfalse\u00a0\u00bb bg_color=\u00a0\u00bb\u00a0\u00bb][cs_column id=\u00a0\u00bb\u00a0\u00bb class=\u00a0\u00bb\u00a0\u00bb style=\u00a0\u00bbpadding: 0px; \u00a0\u00bb bg_color=\u00a0\u00bb\u00a0\u00bb fade=\u00a0\u00bbfalse\u00a0\u00bb fade_animation=\u00a0\u00bbin\u00a0\u00bb fade_animation_offset=\u00a0\u00bb45px\u00a0\u00bb fade_duration=\u00a0\u00bb750&Prime; type=\u00a0\u00bb1\/1&Prime;][x_gap size=\u00a0\u00bb50px\u00a0\u00bb][\/cs_column][\/cs_row][cs_row id=\u00a0\u00bb\u00a0\u00bb class=\u00a0\u00bb \u00a0\u00bb style=\u00a0\u00bbmargin: 0px auto; padding: 0px; \u00a0\u00bb visibility=\u00a0\u00bb\u00a0\u00bb inner_container=\u00a0\u00bbtrue\u00a0\u00bb marginless_columns=\u00a0\u00bbfalse\u00a0\u00bb bg_color=\u00a0\u00bb\u00a0\u00bb][cs_column id=\u00a0\u00bb\u00a0\u00bb class=\u00a0\u00bb\u00a0\u00bb style=\u00a0\u00bbpadding: 0px; \u00a0\u00bb bg_color=\u00a0\u00bb\u00a0\u00bb fade=\u00a0\u00bbfalse\u00a0\u00bb fade_animation=\u00a0\u00bbin\u00a0\u00bb fade_animation_offset=\u00a0\u00bb45px\u00a0\u00bb fade_duration=\u00a0\u00bb750&Prime; type=\u00a0\u00bb1\/1&Prime;][cs_text id=\u00a0\u00bb\u00a0\u00bb class=\u00a0\u00bb\u00a0\u00bb style=\u00a0\u00bb\u00a0\u00bb text_align=\u00a0\u00bb\u00a0\u00bb]<\/p>\n<p style=\"text-align: justify;\"><span style=\"color: #000000;\"><strong>Pr\u00e9sentement, les centres de sant\u00e9 communautaire (CSC) offrent des soins et un soutien \u00e0 plus de trois millions de Canadiennes et Canadiens. Toutefois, l\u2019acc\u00e8s aux CSC varie \u00e9norm\u00e9ment selon chaque province ou territoire, chaque ville ou quartier. Alors qu\u2019ils portent des noms diff\u00e9rents selon la province ou le territoire \u2013 par exemple, CLSC au Qu\u00e9bec ou centres de sant\u00e9 coop\u00e9ratifs en Saskatchewan \u2013 plusieurs caract\u00e9ristiques essentielles sont communes aux centres de sant\u00e9 communautaire.<\/strong><\/span><\/p>\n<p>[\/cs_text][\/cs_column][\/cs_row][cs_row id=\u00a0\u00bb\u00a0\u00bb class=\u00a0\u00bb \u00a0\u00bb style=\u00a0\u00bbmargin: 0px auto; padding: 0px; \u00a0\u00bb visibility=\u00a0\u00bb\u00a0\u00bb inner_container=\u00a0\u00bbtrue\u00a0\u00bb marginless_columns=\u00a0\u00bbfalse\u00a0\u00bb bg_color=\u00a0\u00bb\u00a0\u00bb][cs_column id=\u00a0\u00bb\u00a0\u00bb class=\u00a0\u00bb\u00a0\u00bb style=\u00a0\u00bbpadding: 0px; \u00a0\u00bb bg_color=\u00a0\u00bb\u00a0\u00bb fade=\u00a0\u00bbfalse\u00a0\u00bb fade_animation=\u00a0\u00bbin\u00a0\u00bb fade_animation_offset=\u00a0\u00bb45px\u00a0\u00bb fade_duration=\u00a0\u00bb750&Prime; type=\u00a0\u00bb1\/1&Prime;][x_button   size=\u00a0\u00bblarge\u00a0\u00bb block=\u00a0\u00bbtrue\u00a0\u00bb circle=\u00a0\u00bbtrue\u00a0\u00bb icon_only=\u00a0\u00bbfalse\u00a0\u00bb href=\u00a0\u00bbhttp:\/\/www.cachc.ca\/fr\/acces\/\u00a0\u00bb title=\u00a0\u00bb\u00a0\u00bb target=\u00a0\u00bb\u00a0\u00bb info=\u00a0\u00bbnone\u00a0\u00bb info_place=\u00a0\u00bbtop\u00a0\u00bb info_trigger=\u00a0\u00bbhover\u00a0\u00bb info_content=\u00a0\u00bb\u00a0\u00bb]R\u00e9seau pancanadien de CSC francophones et bilingues[\/x_button][\/cs_column][\/cs_row][cs_row id=\u00a0\u00bb\u00a0\u00bb class=\u00a0\u00bb \u00a0\u00bb style=\u00a0\u00bbmargin: 0px auto; padding: 0px; \u00a0\u00bb visibility=\u00a0\u00bb\u00a0\u00bb inner_container=\u00a0\u00bbtrue\u00a0\u00bb marginless_columns=\u00a0\u00bbfalse\u00a0\u00bb bg_color=\u00a0\u00bb\u00a0\u00bb][cs_column id=\u00a0\u00bb\u00a0\u00bb class=\u00a0\u00bb\u00a0\u00bb style=\u00a0\u00bbpadding: 0px; \u00a0\u00bb bg_color=\u00a0\u00bb\u00a0\u00bb fade=\u00a0\u00bbfalse\u00a0\u00bb fade_animation=\u00a0\u00bbin\u00a0\u00bb fade_animation_offset=\u00a0\u00bb45px\u00a0\u00bb fade_duration=\u00a0\u00bb750&Prime; type=\u00a0\u00bb1\/1&Prime;][x_custom_headline level=\u00a0\u00bbh2&Prime; looks_like=\u00a0\u00bbh5&Prime; accent=\u00a0\u00bbfalse\u00a0\u00bb class=\u00a0\u00bbcenter-text \u00ab\u00a0]Organismes \u00e0 but non lucratif b\u00e9n\u00e9ficiant d\u2019un financement public[\/x_custom_headline][\/cs_column][\/cs_row][cs_row id=\u00a0\u00bb\u00a0\u00bb class=\u00a0\u00bb \u00a0\u00bb style=\u00a0\u00bbmargin: 0px auto; padding: 0px; \u00a0\u00bb visibility=\u00a0\u00bb\u00a0\u00bb inner_container=\u00a0\u00bbtrue\u00a0\u00bb marginless_columns=\u00a0\u00bbfalse\u00a0\u00bb bg_color=\u00a0\u00bb\u00a0\u00bb][cs_column id=\u00a0\u00bb\u00a0\u00bb class=\u00a0\u00bb\u00a0\u00bb style=\u00a0\u00bbpadding: 0px; \u00a0\u00bb bg_color=\u00a0\u00bb\u00a0\u00bb fade=\u00a0\u00bbfalse\u00a0\u00bb fade_animation=\u00a0\u00bbin\u00a0\u00bb fade_animation_offset=\u00a0\u00bb45px\u00a0\u00bb fade_duration=\u00a0\u00bb750&Prime; type=\u00a0\u00bb1\/1&Prime;][x_columnize]<span style=\"color: #000000;\">Les centres de sant\u00e9 communautaire \u00e0 travers le Canada b\u00e9n\u00e9ficient d\u2019un financement public, sont administr\u00e9s publiquement par le syst\u00e8me d\u2019assurance-maladie et sont conformes aux normes de planification des services de sant\u00e9 de chaque province ou territoire. Les CSC adh\u00e8rent aussi aux valeurs, principes et exigences de la Loi canadienne sur la sant\u00e9. Enfin, les CSC favorisent sans \u00e9quivoque le renforcement de la deuxi\u00e8me \u00e9tape du syst\u00e8me de sant\u00e9 public.<\/span>[\/x_columnize][\/cs_column][\/cs_row][cs_row id=\u00a0\u00bb\u00a0\u00bb class=\u00a0\u00bb \u00a0\u00bb style=\u00a0\u00bbmargin: 0px auto; padding: 0px; \u00a0\u00bb visibility=\u00a0\u00bb\u00a0\u00bb inner_container=\u00a0\u00bbtrue\u00a0\u00bb marginless_columns=\u00a0\u00bbfalse\u00a0\u00bb bg_color=\u00a0\u00bb\u00a0\u00bb][cs_column id=\u00a0\u00bb\u00a0\u00bb class=\u00a0\u00bb\u00a0\u00bb style=\u00a0\u00bbpadding: 0px; \u00a0\u00bb bg_color=\u00a0\u00bb\u00a0\u00bb fade=\u00a0\u00bbfalse\u00a0\u00bb fade_animation=\u00a0\u00bbin\u00a0\u00bb fade_animation_offset=\u00a0\u00bb45px\u00a0\u00bb fade_duration=\u00a0\u00bb750&Prime; type=\u00a0\u00bb1\/1&Prime;][x_custom_headline level=\u00a0\u00bbh2&Prime; looks_like=\u00a0\u00bbh5&Prime; accent=\u00a0\u00bbfalse\u00a0\u00bb class=\u00a0\u00bbcenter-text \u00ab\u00a0]Le travail pluridisciplinaire, en \u00e9quipe collaborative[\/x_custom_headline][\/cs_column][\/cs_row][cs_row id=\u00a0\u00bb\u00a0\u00bb class=\u00a0\u00bb \u00a0\u00bb style=\u00a0\u00bbmargin: 0px auto; padding: 0px; \u00a0\u00bb visibility=\u00a0\u00bb\u00a0\u00bb inner_container=\u00a0\u00bbtrue\u00a0\u00bb marginless_columns=\u00a0\u00bbfalse\u00a0\u00bb bg_color=\u00a0\u00bb\u00a0\u00bb][cs_column id=\u00a0\u00bb\u00a0\u00bb class=\u00a0\u00bb\u00a0\u00bb style=\u00a0\u00bbpadding: 0px; \u00a0\u00bb bg_color=\u00a0\u00bb\u00a0\u00bb fade=\u00a0\u00bbfalse\u00a0\u00bb fade_animation=\u00a0\u00bbin\u00a0\u00bb fade_animation_offset=\u00a0\u00bb45px\u00a0\u00bb fade_duration=\u00a0\u00bb750&Prime; type=\u00a0\u00bb1\/1&Prime;][x_columnize]<span style=\"color: #000000;\">Les prestatiares de soins de sant\u00e9 oeuvrant dans les centres de sant\u00e9 communautaire offrent divers services de sant\u00e9 de premi\u00e8re ligne gr\u00e2ce \u00e0 une approche visant \u00e0 \u00e9liminer l\u2019isolement et les silos traditionnels. Ensemble, des m\u00e9decins de famille, infirmi\u00e8res praticiennes, infirmi\u00e8res, di\u00e9t\u00e9tistes, hygi\u00e9nistes dentaires, promoteurs de sant\u00e9, travailleurs de sant\u00e9 communautaire ainsi que d\u2019autres prestataires et professionnels de soins de sant\u00e9 au sein du CSC travaillent en \u00e9quipe pour fournir des soins et un soutien complet sous un m\u00eame toit.<\/span><\/p>\n<p><span style=\"color: #000000;\">Les clients des CSC re\u00e7oivent donc les meilleurs soins, offerts par les meilleurs prestataires au moment opportun. Notons d\u2019ailleurs que les prestataires de sant\u00e9 sont salari\u00e9s, plut\u00f4t que r\u00e9mun\u00e9r\u00e9s pour des services individuels \u00e0 l\u2019acte, dans le but d\u2019am\u00e9liorer les soins offerts aux clients et optimiser la collaboration entre les prestataires de soins de sant\u00e9.<\/span>[\/x_columnize][\/cs_column][\/cs_row][cs_row id=\u00a0\u00bb\u00a0\u00bb class=\u00a0\u00bb \u00a0\u00bb style=\u00a0\u00bbmargin: 0px auto; padding: 0px; \u00a0\u00bb visibility=\u00a0\u00bb\u00a0\u00bb inner_container=\u00a0\u00bbtrue\u00a0\u00bb marginless_columns=\u00a0\u00bbfalse\u00a0\u00bb bg_color=\u00a0\u00bb\u00a0\u00bb][cs_column id=\u00a0\u00bb\u00a0\u00bb class=\u00a0\u00bb\u00a0\u00bb style=\u00a0\u00bbpadding: 0px; \u00a0\u00bb bg_color=\u00a0\u00bb\u00a0\u00bb fade=\u00a0\u00bbfalse\u00a0\u00bb fade_animation=\u00a0\u00bbin\u00a0\u00bb fade_animation_offset=\u00a0\u00bb45px\u00a0\u00bb fade_duration=\u00a0\u00bb750&Prime; type=\u00a0\u00bb1\/1&Prime;][x_custom_headline level=\u00a0\u00bbh2&Prime; looks_like=\u00a0\u00bbh5&Prime; accent=\u00a0\u00bbfalse\u00a0\u00bb class=\u00a0\u00bbcenter-text \u00ab\u00a0]Soins de sant\u00e9 primaire complets et int\u00e9gr\u00e9s[\/x_custom_headline][\/cs_column][\/cs_row][cs_row id=\u00a0\u00bb\u00a0\u00bb class=\u00a0\u00bb \u00a0\u00bb style=\u00a0\u00bbmargin: 0px auto; padding: 0px; \u00a0\u00bb visibility=\u00a0\u00bb\u00a0\u00bb inner_container=\u00a0\u00bbtrue\u00a0\u00bb marginless_columns=\u00a0\u00bbfalse\u00a0\u00bb bg_color=\u00a0\u00bb\u00a0\u00bb][cs_column id=\u00a0\u00bb\u00a0\u00bb class=\u00a0\u00bb\u00a0\u00bb style=\u00a0\u00bbpadding: 0px; \u00a0\u00bb bg_color=\u00a0\u00bb\u00a0\u00bb fade=\u00a0\u00bbfalse\u00a0\u00bb fade_animation=\u00a0\u00bbin\u00a0\u00bb fade_animation_offset=\u00a0\u00bb45px\u00a0\u00bb fade_duration=\u00a0\u00bb750&Prime; type=\u00a0\u00bb1\/1&Prime;][x_columnize]<span style=\"color: #000000;\">Les Centres de sant\u00e9 communautaire int\u00e8grent des soins de sant\u00e9 primaire de haute qualit\u00e9 \u00e0 des programmes de promotion de la sant\u00e9, de pr\u00e9vention des maladies et des initiatives de d\u00e9veloppement communautaire, en fonction de la d\u00e9finition et la vision de l\u2019Organisation mondiale de la Sant\u00e9 pour les \u00ab soins de sant\u00e9 primaire \u00bb.<\/span><\/p>\n<p><span style=\"color: #000000;\">Dans le cadre de cette approche int\u00e9gr\u00e9e et globale des soins de sant\u00e9 primaire, les CSC travaillent avec les communaut\u00e9s et les r\u00e9sidents afin de les amener \u00e0 atteindre un niveau de sant\u00e9 optimal en agissant sur ce qu\u2019on appelle les \u00ab d\u00e9terminants sociaux de la sant\u00e9 \u00bb, c\u2019est-\u00e0-dire des facteurs tels que le niveau de revenu, l\u2019acc\u00e8s \u00e0 un abri \/ logement, le niveau d\u2019\u00e9ducation, les barri\u00e8res de langue, les barri\u00e8res g\u00e9ographiques et d\u2019autres facteurs qui ont un impact direct sur la sant\u00e9 des individus, des familles et des communaut\u00e9s. Les CSC travaillent donc en \u00e9troite collaboration avec d\u2019autres organismes locaux \u0153uvrant dans le secteur de la sant\u00e9 ainsi que d\u2019autres secteurs tels que l\u2019\u00e9ducation, le logement et la justice qui contribuent tous \u00e0 la sant\u00e9 des individus, chacun \u00e0 leur fa\u00e7on.<\/span>[\/x_columnize][\/cs_column][\/cs_row][cs_row id=\u00a0\u00bb\u00a0\u00bb class=\u00a0\u00bb \u00a0\u00bb style=\u00a0\u00bbmargin: 0px auto; padding: 0px; \u00a0\u00bb visibility=\u00a0\u00bb\u00a0\u00bb inner_container=\u00a0\u00bbtrue\u00a0\u00bb marginless_columns=\u00a0\u00bbfalse\u00a0\u00bb bg_color=\u00a0\u00bb\u00a0\u00bb][cs_column id=\u00a0\u00bb\u00a0\u00bb class=\u00a0\u00bb\u00a0\u00bb style=\u00a0\u00bbpadding: 0px; \u00a0\u00bb bg_color=\u00a0\u00bb\u00a0\u00bb fade=\u00a0\u00bbfalse\u00a0\u00bb fade_animation=\u00a0\u00bbin\u00a0\u00bb fade_animation_offset=\u00a0\u00bb45px\u00a0\u00bb fade_duration=\u00a0\u00bb750&Prime; type=\u00a0\u00bb1\/1&Prime;][x_custom_headline level=\u00a0\u00bbh2&Prime; looks_like=\u00a0\u00bbh5&Prime; accent=\u00a0\u00bbfalse\u00a0\u00bb class=\u00a0\u00bbcenter-text \u00ab\u00a0]L`engagement et la participation de la communaut\u00e9[\/x_custom_headline][\/cs_column][\/cs_row][cs_row id=\u00a0\u00bb\u00a0\u00bb class=\u00a0\u00bb \u00a0\u00bb style=\u00a0\u00bbmargin: 0px auto; padding: 0px; \u00a0\u00bb visibility=\u00a0\u00bb\u00a0\u00bb inner_container=\u00a0\u00bbtrue\u00a0\u00bb marginless_columns=\u00a0\u00bbfalse\u00a0\u00bb bg_color=\u00a0\u00bb\u00a0\u00bb][cs_column id=\u00a0\u00bb\u00a0\u00bb class=\u00a0\u00bb\u00a0\u00bb style=\u00a0\u00bbpadding: 0px; \u00a0\u00bb bg_color=\u00a0\u00bb\u00a0\u00bb fade=\u00a0\u00bbfalse\u00a0\u00bb fade_animation=\u00a0\u00bbin\u00a0\u00bb fade_animation_offset=\u00a0\u00bb45px\u00a0\u00bb fade_duration=\u00a0\u00bb750&Prime; type=\u00a0\u00bb1\/1&Prime;][x_columnize]<span style=\"color: #000000;\">Les facteurs qui influent sur les soins de sant\u00e9 varient de province \u00e0 territoire, de ville \u00e0 ville, et d\u2019une communaut\u00e9 \u00e0 l\u2019autre. C\u2019est pourquoi les CSC sont con\u00e7us pour offrir des services et des programmes qui correspondent aux besoins de la communaut\u00e9 locale qu\u2019ils desservent. Cette planification locale et cette attention aux besoins des r\u00e9sidents de la communaut\u00e9 expliquent pourquoi l\u2019on dit parfois \u00ab qu\u2019une fois que vous avez visit\u00e9 un centre de sant\u00e9 communautaire, vous n\u2019avez visit\u00e9 qu\u2019un centre de sant\u00e9 communautaire! \u00bb<\/span><\/p>\n<p><span style=\"color: #000000;\">Les CSC desservent une communaut\u00e9 identifiable o\u00f9 les individus et les familles ont un sentiment d\u2019appartenance locale et \/ ou une prise en charge collective et o\u00f9 ils ont la possibilit\u00e9 de participer \u00e0 la prise de d\u00e9cisions r\u00e9gionales. Cela comprend les quartiers urbains et ruraux ou des groupes de quartiers ainsi que les communaut\u00e9s d\u2019individus ayant des caract\u00e9ristiques communes tel que les jeunes, les personnes \u00e2g\u00e9es, les femmes et d\u2019autres groupes.<\/span><\/p>\n<p><span style=\"color: #000000;\">Cette approche participative \u00e0 la gestion des soins de sant\u00e9 et pertinente au niveau local comprend aussi la gouvernance des CSC. Les Centres de sant\u00e9 communautaire sont r\u00e9gis soit par une majorit\u00e9 d\u2019administrateurs locaux repr\u00e9sentatifs de la communaut\u00e9 desservie qui si\u00e8gent \u00e0 un conseil d\u2019administration ind\u00e9pendant du CSC ou au conseil d\u2019administration d\u2019un r\u00e9seau plus large tel qu\u2019une autorit\u00e9 r\u00e9gionale de la sant\u00e9 qui a un comit\u00e9 consultatif communautaire compos\u00e9 de repr\u00e9sentants locaux.<\/span>[\/x_columnize][\/cs_column][\/cs_row][\/cs_section]<\/p>\n","protected":false},"excerpt":{"rendered":"<p>[cs_section id=\u00a0\u00bb\u00a0\u00bb class=\u00a0\u00bb \u00a0\u00bb style=\u00a0\u00bbmargin: 0px; padding: 0px 0px 45px; \u00a0\u00bb visibility=\u00a0\u00bb\u00a0\u00bb parallax=\u00a0\u00bbfalse\u00a0\u00bb][cs_row id=\u00a0\u00bb\u00a0\u00bb class=\u00a0\u00bb \u00a0\u00bb style=\u00a0\u00bbmargin: 0px auto; padding: 0px; \u00a0\u00bb visibility=\u00a0\u00bb\u00a0\u00bb inner_container=\u00a0\u00bbtrue\u00a0\u00bb marginless_columns=\u00a0\u00bbfalse\u00a0\u00bb bg_color=\u00a0\u00bb\u00a0\u00bb][cs_column id=\u00a0\u00bb\u00a0\u00bb class=\u00a0\u00bb\u00a0\u00bb style=\u00a0\u00bbpadding: 0px; \u00a0\u00bb bg_color=\u00a0\u00bb\u00a0\u00bb fade=\u00a0\u00bbfalse\u00a0\u00bb fade_animation=\u00a0\u00bbin\u00a0\u00bb fade_animation_offset=\u00a0\u00bb45px\u00a0\u00bb fade_duration=\u00a0\u00bb750&Prime; type=\u00a0\u00bb1\/1&Prime;][x_custom_headline level=\u00a0\u00bbh2&Prime; looks_like=\u00a0\u00bbh3&Prime; accent=\u00a0\u00bbtrue\u00a0\u00bb class=\u00a0\u00bbcenter-text \u00ab\u00a0]\u00c0 propos de CSC[\/x_custom_headline][\/cs_column][\/cs_row][cs_row id=\u00a0\u00bb\u00a0\u00bb class=\u00a0\u00bb \u00a0\u00bb style=\u00a0\u00bbmargin: 0px auto; padding: 0px; \u00a0\u00bb visibility=\u00a0\u00bb\u00a0\u00bb inner_container=\u00a0\u00bbtrue\u00a0\u00bb marginless_columns=\u00a0\u00bbfalse\u00a0\u00bb bg_color=\u00a0\u00bb\u00a0\u00bb][cs_column id=\u00a0\u00bb\u00a0\u00bb class=\u00a0\u00bb\u00a0\u00bb [&hellip;]<\/p>\n","protected":false},"author":1,"featured_media":0,"parent":0,"menu_order":1,"comment_status":"closed","ping_status":"closed","template":"","meta":{"_bbp_topic_count":0,"_bbp_reply_count":0,"_bbp_total_topic_count":0,"_bbp_total_reply_count":0,"_bbp_voice_count":0,"_bbp_anonymous_reply_count":0,"_bbp_topic_count_hidden":0,"_bbp_reply_count_hidden":0,"_bbp_forum_subforum_count":0,"footnotes":""},"class_list":["post-423","page","type-page","status-publish","hentry"],"yoast_head":"<!-- This site is optimized with the Yoast SEO plugin v27.5 - https:\/\/yoast.com\/product\/yoast-seo-wordpress\/ -->\n<title>\u00c0 propos de CSC - ACCSC<\/title>\n<meta name=\"robots\" content=\"index, follow, max-snippet:-1, max-image-preview:large, max-video-preview:-1\" \/>\n<link rel=\"canonical\" href=\"https:\/\/www.cachc.ca\/fr\/a-propos-des-csc\/\" \/>\n<meta property=\"og:locale\" content=\"fr_FR\" \/>\n<meta property=\"og:type\" content=\"article\" \/>\n<meta property=\"og:title\" content=\"\u00c0 propos de CSC - ACCSC\" \/>\n<meta property=\"og:description\" content=\"[cs_section id=\u00a0\u00bb\u00a0\u00bb class=\u00a0\u00bb \u00a0\u00bb style=\u00a0\u00bbmargin: 0px; padding: 0px 0px 45px; \u00a0\u00bb visibility=\u00a0\u00bb\u00a0\u00bb parallax=\u00a0\u00bbfalse\u00a0\u00bb][cs_row id=\u00a0\u00bb\u00a0\u00bb class=\u00a0\u00bb \u00a0\u00bb style=\u00a0\u00bbmargin: 0px auto; padding: 0px; \u00a0\u00bb visibility=\u00a0\u00bb\u00a0\u00bb inner_container=\u00a0\u00bbtrue\u00a0\u00bb marginless_columns=\u00a0\u00bbfalse\u00a0\u00bb bg_color=\u00a0\u00bb\u00a0\u00bb][cs_column id=\u00a0\u00bb\u00a0\u00bb class=\u00a0\u00bb\u00a0\u00bb style=\u00a0\u00bbpadding: 0px; \u00a0\u00bb bg_color=\u00a0\u00bb\u00a0\u00bb fade=\u00a0\u00bbfalse\u00a0\u00bb fade_animation=\u00a0\u00bbin\u00a0\u00bb fade_animation_offset=\u00a0\u00bb45px\u00a0\u00bb fade_duration=\u00a0\u00bb750&Prime; type=\u00a0\u00bb1\/1&Prime;][x_custom_headline level=\u00a0\u00bbh2&Prime; looks_like=\u00a0\u00bbh3&Prime; accent=\u00a0\u00bbtrue\u00a0\u00bb class=\u00a0\u00bbcenter-text \u00ab\u00a0]\u00c0 propos de CSC[\/x_custom_headline][\/cs_column][\/cs_row][cs_row id=\u00a0\u00bb\u00a0\u00bb class=\u00a0\u00bb \u00a0\u00bb style=\u00a0\u00bbmargin: 0px auto; padding: 0px; \u00a0\u00bb visibility=\u00a0\u00bb\u00a0\u00bb inner_container=\u00a0\u00bbtrue\u00a0\u00bb marginless_columns=\u00a0\u00bbfalse\u00a0\u00bb bg_color=\u00a0\u00bb\u00a0\u00bb][cs_column id=\u00a0\u00bb\u00a0\u00bb class=\u00a0\u00bb\u00a0\u00bb [&hellip;]\" \/>\n<meta property=\"og:url\" content=\"https:\/\/www.cachc.ca\/fr\/a-propos-des-csc\/\" \/>\n<meta property=\"og:site_name\" content=\"ACCSC\" \/>\n<meta property=\"article:modified_time\" content=\"2016-03-15T14:12:45+00:00\" \/>\n<meta name=\"twitter:card\" content=\"summary_large_image\" \/>\n<meta name=\"twitter:label1\" content=\"Dur\u00e9e de lecture estim\u00e9e\" \/>\n\t<meta name=\"twitter:data1\" content=\"7 minutes\" \/>\n<script type=\"application\/ld+json\" class=\"yoast-schema-graph\">{\"@context\":\"https:\\\/\\\/schema.org\",\"@graph\":[{\"@type\":\"WebPage\",\"@id\":\"https:\\\/\\\/www.cachc.ca\\\/fr\\\/a-propos-des-csc\\\/\",\"url\":\"https:\\\/\\\/www.cachc.ca\\\/fr\\\/a-propos-des-csc\\\/\",\"name\":\"\u00c0 propos de CSC - ACCSC\",\"isPartOf\":{\"@id\":\"https:\\\/\\\/www.cachc.ca\\\/#website\"},\"datePublished\":\"2012-02-19T01:25:52+00:00\",\"dateModified\":\"2016-03-15T14:12:45+00:00\",\"inLanguage\":\"fr-FR\",\"potentialAction\":[{\"@type\":\"ReadAction\",\"target\":[\"https:\\\/\\\/www.cachc.ca\\\/fr\\\/a-propos-des-csc\\\/\"]}]},{\"@type\":\"WebSite\",\"@id\":\"https:\\\/\\\/www.cachc.ca\\\/#website\",\"url\":\"https:\\\/\\\/www.cachc.ca\\\/\",\"name\":\"ACCSC\",\"description\":\"Les centres de sant\u00e9 communautaire au Canada\",\"potentialAction\":[{\"@type\":\"SearchAction\",\"target\":{\"@type\":\"EntryPoint\",\"urlTemplate\":\"https:\\\/\\\/www.cachc.ca\\\/?s={search_term_string}\"},\"query-input\":{\"@type\":\"PropertyValueSpecification\",\"valueRequired\":true,\"valueName\":\"search_term_string\"}}],\"inLanguage\":\"fr-FR\"}]}<\/script>\n<!-- \/ Yoast SEO plugin. -->","yoast_head_json":{"title":"\u00c0 propos de CSC - ACCSC","robots":{"index":"index","follow":"follow","max-snippet":"max-snippet:-1","max-image-preview":"max-image-preview:large","max-video-preview":"max-video-preview:-1"},"canonical":"https:\/\/www.cachc.ca\/fr\/a-propos-des-csc\/","og_locale":"fr_FR","og_type":"article","og_title":"\u00c0 propos de CSC - ACCSC","og_description":"[cs_section id=\u00a0\u00bb\u00a0\u00bb class=\u00a0\u00bb \u00a0\u00bb style=\u00a0\u00bbmargin: 0px; padding: 0px 0px 45px; \u00a0\u00bb visibility=\u00a0\u00bb\u00a0\u00bb parallax=\u00a0\u00bbfalse\u00a0\u00bb][cs_row id=\u00a0\u00bb\u00a0\u00bb class=\u00a0\u00bb \u00a0\u00bb style=\u00a0\u00bbmargin: 0px auto; padding: 0px; \u00a0\u00bb visibility=\u00a0\u00bb\u00a0\u00bb inner_container=\u00a0\u00bbtrue\u00a0\u00bb marginless_columns=\u00a0\u00bbfalse\u00a0\u00bb bg_color=\u00a0\u00bb\u00a0\u00bb][cs_column id=\u00a0\u00bb\u00a0\u00bb class=\u00a0\u00bb\u00a0\u00bb style=\u00a0\u00bbpadding: 0px; \u00a0\u00bb bg_color=\u00a0\u00bb\u00a0\u00bb fade=\u00a0\u00bbfalse\u00a0\u00bb fade_animation=\u00a0\u00bbin\u00a0\u00bb fade_animation_offset=\u00a0\u00bb45px\u00a0\u00bb fade_duration=\u00a0\u00bb750&Prime; type=\u00a0\u00bb1\/1&Prime;][x_custom_headline level=\u00a0\u00bbh2&Prime; looks_like=\u00a0\u00bbh3&Prime; accent=\u00a0\u00bbtrue\u00a0\u00bb class=\u00a0\u00bbcenter-text \u00ab\u00a0]\u00c0 propos de CSC[\/x_custom_headline][\/cs_column][\/cs_row][cs_row id=\u00a0\u00bb\u00a0\u00bb class=\u00a0\u00bb \u00a0\u00bb style=\u00a0\u00bbmargin: 0px auto; padding: 0px; \u00a0\u00bb visibility=\u00a0\u00bb\u00a0\u00bb inner_container=\u00a0\u00bbtrue\u00a0\u00bb marginless_columns=\u00a0\u00bbfalse\u00a0\u00bb bg_color=\u00a0\u00bb\u00a0\u00bb][cs_column id=\u00a0\u00bb\u00a0\u00bb class=\u00a0\u00bb\u00a0\u00bb [&hellip;]","og_url":"https:\/\/www.cachc.ca\/fr\/a-propos-des-csc\/","og_site_name":"ACCSC","article_modified_time":"2016-03-15T14:12:45+00:00","twitter_card":"summary_large_image","twitter_misc":{"Dur\u00e9e de lecture estim\u00e9e":"7 minutes"},"schema":{"@context":"https:\/\/schema.org","@graph":[{"@type":"WebPage","@id":"https:\/\/www.cachc.ca\/fr\/a-propos-des-csc\/","url":"https:\/\/www.cachc.ca\/fr\/a-propos-des-csc\/","name":"\u00c0 propos de CSC - ACCSC","isPartOf":{"@id":"https:\/\/www.cachc.ca\/#website"},"datePublished":"2012-02-19T01:25:52+00:00","dateModified":"2016-03-15T14:12:45+00:00","inLanguage":"fr-FR","potentialAction":[{"@type":"ReadAction","target":["https:\/\/www.cachc.ca\/fr\/a-propos-des-csc\/"]}]},{"@type":"WebSite","@id":"https:\/\/www.cachc.ca\/#website","url":"https:\/\/www.cachc.ca\/","name":"ACCSC","description":"Les centres de sant\u00e9 communautaire au Canada","potentialAction":[{"@type":"SearchAction","target":{"@type":"EntryPoint","urlTemplate":"https:\/\/www.cachc.ca\/?s={search_term_string}"},"query-input":{"@type":"PropertyValueSpecification","valueRequired":true,"valueName":"search_term_string"}}],"inLanguage":"fr-FR"}]}},"_links":{"self":[{"href":"https:\/\/www.cachc.ca\/fr\/wp-json\/wp\/v2\/pages\/423","targetHints":{"allow":["GET"]}}],"collection":[{"href":"https:\/\/www.cachc.ca\/fr\/wp-json\/wp\/v2\/pages"}],"about":[{"href":"https:\/\/www.cachc.ca\/fr\/wp-json\/wp\/v2\/types\/page"}],"author":[{"embeddable":true,"href":"https:\/\/www.cachc.ca\/fr\/wp-json\/wp\/v2\/users\/1"}],"replies":[{"embeddable":true,"href":"https:\/\/www.cachc.ca\/fr\/wp-json\/wp\/v2\/comments?post=423"}],"version-history":[{"count":0,"href":"https:\/\/www.cachc.ca\/fr\/wp-json\/wp\/v2\/pages\/423\/revisions"}],"wp:attachment":[{"href":"https:\/\/www.cachc.ca\/fr\/wp-json\/wp\/v2\/media?parent=423"}],"curies":[{"name":"wp","href":"https:\/\/api.w.org\/{rel}","templated":true}]}}