{"id":2301,"date":"2013-04-12T05:47:25","date_gmt":"2013-04-12T09:47:25","guid":{"rendered":"http:\/\/www.cachc.ca\/?page_id=2301"},"modified":"2015-07-26T22:22:53","modified_gmt":"2015-07-27T02:22:53","slug":"hebergement","status":"publish","type":"page","link":"https:\/\/www.cachc.ca\/fr\/congres-2015\/hebergement\/","title":{"rendered":"Endroit et h\u00e9bergement"},"content":{"rendered":"<p style=\"text-align: justify;\">[soliloquy id=\u00a0\u00bb5670&Prime;]<\/p>\n<h5 style=\"text-align: justify;\"><strong><span style=\"color: #000000;\">A cinq minutes du coeur du centre-ville d&rsquo;Ottawa; 2 minutes de l&rsquo;autoroute et de la gare de VIA Rail; 15 minutes de l&rsquo;a\u00e9roport international d&rsquo;Ottawa.<\/span> <span style=\"text-decoration: underline;\"><a href=\"http:\/\/ottawaconferenceandeventcentre.com\/visitors\" target=\"_blank\">Plus d&rsquo;informations et directions<\/a><\/span>.<\/strong><\/h5>\n<h5 style=\"text-align: justify;\"><span style=\"color: #000000;\"><strong>Deux h\u00f4tels. Des tarfis et services exceptionnels.<\/strong><\/span><\/h5>\n<p><img loading=\"lazy\" decoding=\"async\" class=\" size-medium wp-image-7337 alignnone\" src=\"http:\/\/www.cachc.ca\/wp-content\/uploads\/2013\/03\/Marriott-Courtyard-logo-300x192.jpg\" alt=\"Marriott Courtyard logo\" width=\"300\" height=\"192\" \/>\u00a0 \u00a0\u00a0 \u00a0<img loading=\"lazy\" decoding=\"async\" class=\"alignnone size-medium wp-image-7340\" src=\"http:\/\/www.cachc.ca\/wp-content\/uploads\/2013\/03\/HamptonInnbyHIL-logo1-300x186.jpg\" alt=\"HamptonInnbyHIL logo\" width=\"300\" height=\"186\" \/><\/p>\n<table style=\"height: 319px;\" width=\"709\">\n<tbody>\n<tr>\n<td>\n<p class=\"default prettyprint prettyprinted\"><span style=\"color: #000000;\">&#8211; Taux de chambre d&rsquo;h\u00f4tel de $ 135,00<\/span><br \/>\n<span style=\"color: #000000;\">&#8211; Internet haut d\u00e9bit dans les chambres<br \/>\n<\/span><span style=\"color: #000000;\">&#8211; Mini-r\u00e9frig\u00e9rateur dans chaque chambre<br \/>\n&#8211; Micro-ondes dans chaque\u00a0chambre<br \/>\n<\/span><span style=\"color: #000000;\">&#8211; Stationnement gratuit<br \/>\n<\/span><span style=\"color: #000000;\">&#8211; Piscine int\u00e9rieure chauff\u00e9e<br \/>\n&#8211; Salle d&rsquo;execice\u00a0spacieuse<br \/>\n<\/span><span style=\"color: #000000;\">&#8211; Centre d&rsquo;affaires gratuit 24h<br \/>\n&#8211;\u00a0<\/span><span style=\"color: #000000;\">Base parfaite pour explorer la r\u00e9gion de la capitale du Canada |<\/span> <a href=\"http:\/\/www.ottawatourism.ca\/fr\/\" target=\"_blank\">\u00bb Tourisme Ottawa<\/a><\/p>\n<p style=\"text-align: center;\"><span style=\"color: #a81111;\"><a style=\"color: #a81111;\" href=\"http:\/\/aws.passkey.com\/event\/12489651\/owner\/11893515\/home\" target=\"_blank\"><span style=\"text-decoration: underline;\">R\u00e9server votre chambre d&rsquo;h\u00f4tel enligne<\/span><\/a><\/span><br \/>\n<span style=\"color: #000000;\">&#8230;ou composez le 613-288-3450<\/span><\/p>\n<\/td>\n<td><span style=\"color: #000000;\">&#8211; Taux de chambre d&rsquo;h\u00f4tel de $ 130,00<br \/>\n<\/span><span style=\"color: #000000;\">&#8211;\u00a0Petit d\u00e9jeuner chaud inclus<br \/>\n<\/span><span style=\"color: #000000;\">&#8211;\u00a0Service de caf\u00e9 et th\u00e9 24h dans le hall<br \/>\n<\/span><span style=\"color: #000000;\">&#8211; Internet haut d\u00e9bit dans les chambres<br \/>\n<\/span><span style=\"color: #000000;\">&#8211; Mini-r\u00e9frig\u00e9rateur dans chaque chambre<br \/>\n&#8211; Micro-ondes dans chaque\u00a0chambre<br \/>\n<\/span><span style=\"color: #000000;\">&#8211; Stationnement gratuit<br \/>\n<\/span><span style=\"color: #000000;\">&#8211; Piscine int\u00e9rieure chauff\u00e9e<br \/>\n&#8211; Salle d&rsquo;execice\u00a0spacieuse<br \/>\n<\/span>&#8211;\u00a0<span style=\"color: #000000;\">Base parfaite pour explorer la r\u00e9gion de la capitale du Canada |<\/span> <a href=\"http:\/\/www.ottawatourism.ca\/fr\/\" target=\"_blank\">\u00bb Tourisme Ottawa<\/a><\/p>\n<p style=\"text-align: center;\"><span style=\"text-decoration: underline; color: #a81111;\"><span style=\"text-decoration: underline;\"><a style=\"color: #a81111; text-decoration: underline;\" href=\"http:\/\/hamptoninn.hilton.com\/en\/hp\/groups\/personalized\/Y\/YOWCNHX-CAC-20150916\/index.jhtml\" target=\"_blank\">R\u00e9server votre chambre d&rsquo;h\u00f4tel enligne<\/a><\/span><\/span><br \/>\n<span style=\"color: #000000;\">&#8230;ou composez le 613-741-2300\u00a0<\/span><\/p>\n<\/td>\n<\/tr>\n<\/tbody>\n<\/table>\n<p>&nbsp;<\/p>\n","protected":false},"excerpt":{"rendered":"<p>[soliloquy id=\u00a0\u00bb5670&Prime;] A cinq minutes du coeur du centre-ville d&rsquo;Ottawa; 2 minutes de l&rsquo;autoroute et de la gare de VIA Rail; 15 minutes de l&rsquo;a\u00e9roport international d&rsquo;Ottawa. Plus d&rsquo;informations et directions. Deux h\u00f4tels. Des tarfis et services exceptionnels. \u00a0 \u00a0\u00a0 \u00a0 &#8211; Taux de chambre d&rsquo;h\u00f4tel de $ 135,00 &#8211; Internet haut d\u00e9bit dans les chambres &#8211; Mini-r\u00e9frig\u00e9rateur dans chaque [&hellip;]<\/p>\n","protected":false},"author":1,"featured_media":0,"parent":3569,"menu_order":0,"comment_status":"closed","ping_status":"closed","template":"template-layout-content-sidebar.php","meta":{"_bbp_topic_count":0,"_bbp_reply_count":0,"_bbp_total_topic_count":0,"_bbp_total_reply_count":0,"_bbp_voice_count":0,"_bbp_anonymous_reply_count":0,"_bbp_topic_count_hidden":0,"_bbp_reply_count_hidden":0,"_bbp_forum_subforum_count":0,"footnotes":""},"class_list":["post-2301","page","type-page","status-publish","hentry"],"yoast_head":"<!-- This site is optimized with the Yoast SEO plugin v27.5 - https:\/\/yoast.com\/product\/yoast-seo-wordpress\/ -->\n<title>Endroit et h\u00e9bergement - ACCSC<\/title>\n<meta name=\"robots\" content=\"index, follow, max-snippet:-1, max-image-preview:large, max-video-preview:-1\" \/>\n<link rel=\"canonical\" href=\"https:\/\/www.cachc.ca\/acac2015\/venue\/\" \/>\n<meta property=\"og:locale\" content=\"fr_FR\" \/>\n<meta property=\"og:type\" content=\"article\" \/>\n<meta property=\"og:title\" content=\"Endroit et h\u00e9bergement - ACCSC\" \/>\n<meta property=\"og:description\" content=\"[soliloquy id=\u00a0\u00bb5670&Prime;] A cinq minutes du coeur du centre-ville d&rsquo;Ottawa; 2 minutes de l&rsquo;autoroute et de la gare de VIA Rail; 15 minutes de l&rsquo;a\u00e9roport international d&rsquo;Ottawa. Plus d&rsquo;informations et directions. Deux h\u00f4tels. Des tarfis et services exceptionnels. \u00a0 \u00a0\u00a0 \u00a0 &#8211; Taux de chambre d&rsquo;h\u00f4tel de $ 135,00 &#8211; Internet haut d\u00e9bit dans les chambres &#8211; Mini-r\u00e9frig\u00e9rateur dans chaque [&hellip;]\" \/>\n<meta property=\"og:url\" content=\"https:\/\/www.cachc.ca\/acac2015\/venue\/\" \/>\n<meta property=\"og:site_name\" content=\"ACCSC\" \/>\n<meta property=\"article:modified_time\" content=\"2015-07-27T02:22:53+00:00\" \/>\n<meta property=\"og:image\" content=\"http:\/\/www.cachc.ca\/wp-content\/uploads\/2013\/03\/Marriott-Courtyard-logo-300x192.jpg\" \/>\n<meta name=\"twitter:card\" content=\"summary_large_image\" \/>\n<meta name=\"twitter:label1\" content=\"Dur\u00e9e de lecture estim\u00e9e\" \/>\n\t<meta name=\"twitter:data1\" content=\"1 minute\" \/>\n<script type=\"application\/ld+json\" class=\"yoast-schema-graph\">{\"@context\":\"https:\\\/\\\/schema.org\",\"@graph\":[{\"@type\":\"WebPage\",\"@id\":\"https:\\\/\\\/www.cachc.ca\\\/acac2015\\\/venue\\\/\",\"url\":\"https:\\\/\\\/www.cachc.ca\\\/acac2015\\\/venue\\\/\",\"name\":\"Endroit et h\u00e9bergement - ACCSC\",\"isPartOf\":{\"@id\":\"https:\\\/\\\/www.cachc.ca\\\/#website\"},\"primaryImageOfPage\":{\"@id\":\"https:\\\/\\\/www.cachc.ca\\\/acac2015\\\/venue\\\/#primaryimage\"},\"image\":{\"@id\":\"https:\\\/\\\/www.cachc.ca\\\/acac2015\\\/venue\\\/#primaryimage\"},\"thumbnailUrl\":\"http:\\\/\\\/www.cachc.ca\\\/wp-content\\\/uploads\\\/2013\\\/03\\\/Marriott-Courtyard-logo-300x192.jpg\",\"datePublished\":\"2013-04-12T09:47:25+00:00\",\"dateModified\":\"2015-07-27T02:22:53+00:00\",\"breadcrumb\":{\"@id\":\"https:\\\/\\\/www.cachc.ca\\\/acac2015\\\/venue\\\/#breadcrumb\"},\"inLanguage\":\"fr-FR\",\"potentialAction\":[{\"@type\":\"ReadAction\",\"target\":[\"https:\\\/\\\/www.cachc.ca\\\/acac2015\\\/venue\\\/\"]}]},{\"@type\":\"ImageObject\",\"inLanguage\":\"fr-FR\",\"@id\":\"https:\\\/\\\/www.cachc.ca\\\/acac2015\\\/venue\\\/#primaryimage\",\"url\":\"http:\\\/\\\/www.cachc.ca\\\/wp-content\\\/uploads\\\/2013\\\/03\\\/Marriott-Courtyard-logo-300x192.jpg\",\"contentUrl\":\"http:\\\/\\\/www.cachc.ca\\\/wp-content\\\/uploads\\\/2013\\\/03\\\/Marriott-Courtyard-logo-300x192.jpg\"},{\"@type\":\"BreadcrumbList\",\"@id\":\"https:\\\/\\\/www.cachc.ca\\\/acac2015\\\/venue\\\/#breadcrumb\",\"itemListElement\":[{\"@type\":\"ListItem\",\"position\":1,\"name\":\"Congr\u00e8s 2015\",\"item\":\"https:\\\/\\\/www.cachc.ca\\\/acac2015\\\/\"},{\"@type\":\"ListItem\",\"position\":2,\"name\":\"Endroit et h\u00e9bergement\"}]},{\"@type\":\"WebSite\",\"@id\":\"https:\\\/\\\/www.cachc.ca\\\/#website\",\"url\":\"https:\\\/\\\/www.cachc.ca\\\/\",\"name\":\"ACCSC\",\"description\":\"Les centres de sant\u00e9 communautaire au Canada\",\"potentialAction\":[{\"@type\":\"SearchAction\",\"target\":{\"@type\":\"EntryPoint\",\"urlTemplate\":\"https:\\\/\\\/www.cachc.ca\\\/?s={search_term_string}\"},\"query-input\":{\"@type\":\"PropertyValueSpecification\",\"valueRequired\":true,\"valueName\":\"search_term_string\"}}],\"inLanguage\":\"fr-FR\"}]}<\/script>\n<!-- \/ Yoast SEO plugin. -->","yoast_head_json":{"title":"Endroit et h\u00e9bergement - ACCSC","robots":{"index":"index","follow":"follow","max-snippet":"max-snippet:-1","max-image-preview":"max-image-preview:large","max-video-preview":"max-video-preview:-1"},"canonical":"https:\/\/www.cachc.ca\/acac2015\/venue\/","og_locale":"fr_FR","og_type":"article","og_title":"Endroit et h\u00e9bergement - ACCSC","og_description":"[soliloquy id=\u00a0\u00bb5670&Prime;] A cinq minutes du coeur du centre-ville d&rsquo;Ottawa; 2 minutes de l&rsquo;autoroute et de la gare de VIA Rail; 15 minutes de l&rsquo;a\u00e9roport international d&rsquo;Ottawa. Plus d&rsquo;informations et directions. Deux h\u00f4tels. Des tarfis et services exceptionnels. \u00a0 \u00a0\u00a0 \u00a0 &#8211; Taux de chambre d&rsquo;h\u00f4tel de $ 135,00 &#8211; Internet haut d\u00e9bit dans les chambres &#8211; Mini-r\u00e9frig\u00e9rateur dans chaque [&hellip;]","og_url":"https:\/\/www.cachc.ca\/acac2015\/venue\/","og_site_name":"ACCSC","article_modified_time":"2015-07-27T02:22:53+00:00","og_image":[{"url":"http:\/\/www.cachc.ca\/wp-content\/uploads\/2013\/03\/Marriott-Courtyard-logo-300x192.jpg","type":"","width":"","height":""}],"twitter_card":"summary_large_image","twitter_misc":{"Dur\u00e9e de lecture estim\u00e9e":"1 minute"},"schema":{"@context":"https:\/\/schema.org","@graph":[{"@type":"WebPage","@id":"https:\/\/www.cachc.ca\/acac2015\/venue\/","url":"https:\/\/www.cachc.ca\/acac2015\/venue\/","name":"Endroit et h\u00e9bergement - ACCSC","isPartOf":{"@id":"https:\/\/www.cachc.ca\/#website"},"primaryImageOfPage":{"@id":"https:\/\/www.cachc.ca\/acac2015\/venue\/#primaryimage"},"image":{"@id":"https:\/\/www.cachc.ca\/acac2015\/venue\/#primaryimage"},"thumbnailUrl":"http:\/\/www.cachc.ca\/wp-content\/uploads\/2013\/03\/Marriott-Courtyard-logo-300x192.jpg","datePublished":"2013-04-12T09:47:25+00:00","dateModified":"2015-07-27T02:22:53+00:00","breadcrumb":{"@id":"https:\/\/www.cachc.ca\/acac2015\/venue\/#breadcrumb"},"inLanguage":"fr-FR","potentialAction":[{"@type":"ReadAction","target":["https:\/\/www.cachc.ca\/acac2015\/venue\/"]}]},{"@type":"ImageObject","inLanguage":"fr-FR","@id":"https:\/\/www.cachc.ca\/acac2015\/venue\/#primaryimage","url":"http:\/\/www.cachc.ca\/wp-content\/uploads\/2013\/03\/Marriott-Courtyard-logo-300x192.jpg","contentUrl":"http:\/\/www.cachc.ca\/wp-content\/uploads\/2013\/03\/Marriott-Courtyard-logo-300x192.jpg"},{"@type":"BreadcrumbList","@id":"https:\/\/www.cachc.ca\/acac2015\/venue\/#breadcrumb","itemListElement":[{"@type":"ListItem","position":1,"name":"Congr\u00e8s 2015","item":"https:\/\/www.cachc.ca\/acac2015\/"},{"@type":"ListItem","position":2,"name":"Endroit et h\u00e9bergement"}]},{"@type":"WebSite","@id":"https:\/\/www.cachc.ca\/#website","url":"https:\/\/www.cachc.ca\/","name":"ACCSC","description":"Les centres de sant\u00e9 communautaire au Canada","potentialAction":[{"@type":"SearchAction","target":{"@type":"EntryPoint","urlTemplate":"https:\/\/www.cachc.ca\/?s={search_term_string}"},"query-input":{"@type":"PropertyValueSpecification","valueRequired":true,"valueName":"search_term_string"}}],"inLanguage":"fr-FR"}]}},"_links":{"self":[{"href":"https:\/\/www.cachc.ca\/fr\/wp-json\/wp\/v2\/pages\/2301","targetHints":{"allow":["GET"]}}],"collection":[{"href":"https:\/\/www.cachc.ca\/fr\/wp-json\/wp\/v2\/pages"}],"about":[{"href":"https:\/\/www.cachc.ca\/fr\/wp-json\/wp\/v2\/types\/page"}],"author":[{"embeddable":true,"href":"https:\/\/www.cachc.ca\/fr\/wp-json\/wp\/v2\/users\/1"}],"replies":[{"embeddable":true,"href":"https:\/\/www.cachc.ca\/fr\/wp-json\/wp\/v2\/comments?post=2301"}],"version-history":[{"count":0,"href":"https:\/\/www.cachc.ca\/fr\/wp-json\/wp\/v2\/pages\/2301\/revisions"}],"up":[{"embeddable":true,"href":"https:\/\/www.cachc.ca\/fr\/wp-json\/wp\/v2\/pages\/3569"}],"wp:attachment":[{"href":"https:\/\/www.cachc.ca\/fr\/wp-json\/wp\/v2\/media?parent=2301"}],"curies":[{"name":"wp","href":"https:\/\/api.w.org\/{rel}","templated":true}]}}