{"id":1900,"date":"2013-03-05T08:30:32","date_gmt":"2013-03-05T13:30:32","guid":{"rendered":"http:\/\/www.cachc.ca\/?page_id=1900"},"modified":"2016-03-15T10:56:27","modified_gmt":"2016-03-15T14:56:27","slug":"congres-et-aga-2013","status":"publish","type":"page","link":"https:\/\/www.cachc.ca\/fr\/congres-et-aga-2013\/","title":{"rendered":"Congr\u00e8s et AGA 2013"},"content":{"rendered":"<p>[cs_section id=\u00a0\u00bb\u00a0\u00bb class=\u00a0\u00bb \u00a0\u00bb style=\u00a0\u00bbmargin: 0px; padding: 0px 0px 45px; \u00a0\u00bb visibility=\u00a0\u00bb\u00a0\u00bb parallax=\u00a0\u00bbfalse\u00a0\u00bb][cs_row id=\u00a0\u00bb\u00a0\u00bb class=\u00a0\u00bb \u00a0\u00bb style=\u00a0\u00bbmargin: 0px auto; padding: 0px; \u00a0\u00bb visibility=\u00a0\u00bb\u00a0\u00bb inner_container=\u00a0\u00bbtrue\u00a0\u00bb marginless_columns=\u00a0\u00bbfalse\u00a0\u00bb bg_color=\u00a0\u00bb\u00a0\u00bb][cs_column id=\u00a0\u00bb\u00a0\u00bb class=\u00a0\u00bb\u00a0\u00bb style=\u00a0\u00bbpadding: 0px; \u00a0\u00bb bg_color=\u00a0\u00bb\u00a0\u00bb fade=\u00a0\u00bbfalse\u00a0\u00bb fade_animation=\u00a0\u00bbin\u00a0\u00bb fade_animation_offset=\u00a0\u00bb45px\u00a0\u00bb fade_duration=\u00a0\u00bb750&Prime; type=\u00a0\u00bb1\/1&Prime;][x_custom_headline level=\u00a0\u00bbh2&Prime; looks_like=\u00a0\u00bbh3&Prime; accent=\u00a0\u00bbtrue\u00a0\u00bb class=\u00a0\u00bbcenter-text \u00ab\u00a0]Congr\u00e8s et AGA 2013[\/x_custom_headline][\/cs_column][\/cs_row][cs_row id=\u00a0\u00bb\u00a0\u00bb class=\u00a0\u00bb \u00a0\u00bb style=\u00a0\u00bbmargin: 0px auto; padding: 0px; \u00a0\u00bb visibility=\u00a0\u00bb\u00a0\u00bb inner_container=\u00a0\u00bbtrue\u00a0\u00bb marginless_columns=\u00a0\u00bbfalse\u00a0\u00bb bg_color=\u00a0\u00bb\u00a0\u00bb][cs_column id=\u00a0\u00bb\u00a0\u00bb class=\u00a0\u00bb\u00a0\u00bb style=\u00a0\u00bbpadding: 0px; \u00a0\u00bb bg_color=\u00a0\u00bb\u00a0\u00bb fade=\u00a0\u00bbfalse\u00a0\u00bb fade_animation=\u00a0\u00bbin\u00a0\u00bb fade_animation_offset=\u00a0\u00bb45px\u00a0\u00bb fade_duration=\u00a0\u00bb750&Prime; type=\u00a0\u00bb1\/1&Prime;][x_gap size=\u00a0\u00bb50px\u00a0\u00bb][\/cs_column][\/cs_row][cs_row id=\u00a0\u00bb\u00a0\u00bb class=\u00a0\u00bb \u00a0\u00bb style=\u00a0\u00bbmargin: 0px auto; padding: 0px; \u00a0\u00bb visibility=\u00a0\u00bb\u00a0\u00bb inner_container=\u00a0\u00bbtrue\u00a0\u00bb marginless_columns=\u00a0\u00bbfalse\u00a0\u00bb bg_color=\u00a0\u00bb\u00a0\u00bb][cs_column id=\u00a0\u00bb\u00a0\u00bb class=\u00a0\u00bb\u00a0\u00bb style=\u00a0\u00bbpadding: 0px; \u00a0\u00bb bg_color=\u00a0\u00bb\u00a0\u00bb fade=\u00a0\u00bbfalse\u00a0\u00bb fade_animation=\u00a0\u00bbin\u00a0\u00bb fade_animation_offset=\u00a0\u00bb45px\u00a0\u00bb fade_duration=\u00a0\u00bb750&Prime; type=\u00a0\u00bb1\/2&Prime;][x_image type=\u00a0\u00bbrounded\u00a0\u00bb src=\u00a0\u00bbhttp:\/\/www.cachc.ca\/wp-content\/uploads\/2016\/03\/banner-french-300dpi.jpg\u00a0\u00bb alt=\u00a0\u00bb\u00a0\u00bb link=\u00a0\u00bbfalse\u00a0\u00bb href=\u00a0\u00bb#\u00a0\u00bb title=\u00a0\u00bb\u00a0\u00bb target=\u00a0\u00bb\u00a0\u00bb info=\u00a0\u00bbnone\u00a0\u00bb info_place=\u00a0\u00bbtop\u00a0\u00bb info_trigger=\u00a0\u00bbhover\u00a0\u00bb info_content=\u00a0\u00bb\u00a0\u00bb][\/cs_column][cs_column id=\u00a0\u00bb\u00a0\u00bb class=\u00a0\u00bb\u00a0\u00bb style=\u00a0\u00bbpadding: 0px; \u00a0\u00bb bg_color=\u00a0\u00bb\u00a0\u00bb fade=\u00a0\u00bbfalse\u00a0\u00bb fade_animation=\u00a0\u00bbin\u00a0\u00bb fade_animation_offset=\u00a0\u00bb45px\u00a0\u00bb fade_duration=\u00a0\u00bb750&Prime; type=\u00a0\u00bb1\/2&Prime;][cs_text id=\u00a0\u00bb\u00a0\u00bb class=\u00a0\u00bb\u00a0\u00bb style=\u00a0\u00bb\u00a0\u00bb text_align=\u00a0\u00bb\u00a0\u00bb]<\/p>\n<p style=\"text-align: justify;\"><span style=\"color: #000000;\">Depuis la cr\u00e9ation de notre syst\u00e8me de sant\u00e9 public, les CSC se sont graduellement implant\u00e9s dans les provinces et les territoires du Canada, donnant vie \u00e0 une vision puissante et \u00e0 des pratiques innovantes ax\u00e9es sur le mieux-\u00eatre de la personne, de la famille et de la communaut\u00e9. A l\u2019aube des 50 prochaines ann\u00e9es de notre syst\u00e8me de sant\u00e9 public, avec ces r\u00e9alisations remarquables comme assises, ce congr\u00e8s \u00e9t\u00e9 l\u2019occasion de discuter du r\u00f4le que les centres de sant\u00e9 communautaire sont appel\u00e9s \u00e0 jouer pour renforcer et \u00e9largir notre syst\u00e8me de sant\u00e9 public.<\/span><\/p>\n<p>[\/cs_text][x_button   size=\u00a0\u00bbsmall\u00a0\u00bb block=\u00a0\u00bbtrue\u00a0\u00bb circle=\u00a0\u00bbfalse\u00a0\u00bb icon_only=\u00a0\u00bbfalse\u00a0\u00bb href=\u00a0\u00bbhttp:\/\/www.cachc.ca\/wp-content\/uploads\/downloads\/2013\/09\/CACHC-Medicare@50-Program-FrenchWeb.pdf\u00a0\u00bb title=\u00a0\u00bb\u00a0\u00bb target=\u00a0\u00bbblank\u00a0\u00bb info=\u00a0\u00bbnone\u00a0\u00bb info_place=\u00a0\u00bbtop\u00a0\u00bb info_trigger=\u00a0\u00bbhover\u00a0\u00bb info_content=\u00a0\u00bb\u00a0\u00bb]Programme du congr\u00e8s[\/x_button][x_gap size=\u00a0\u00bb10px\u00a0\u00bb][x_button   size=\u00a0\u00bbsmall\u00a0\u00bb block=\u00a0\u00bbtrue\u00a0\u00bb circle=\u00a0\u00bbfalse\u00a0\u00bb icon_only=\u00a0\u00bbfalse\u00a0\u00bb href=\u00a0\u00bbhttp:\/\/www.cachc.ca\/?page_id=2314&#038;lang=fr\u00a0\u00bb title=\u00a0\u00bb\u00a0\u00bb target=\u00a0\u00bbblank\u00a0\u00bb info=\u00a0\u00bbnone\u00a0\u00bb info_place=\u00a0\u00bbtop\u00a0\u00bb info_trigger=\u00a0\u00bbhover\u00a0\u00bb info_content=\u00a0\u00bb\u00a0\u00bb]Vid\u00e9os et diaporamas[\/x_button][x_gap size=\u00a0\u00bb10px\u00a0\u00bb][x_button   size=\u00a0\u00bbsmall\u00a0\u00bb block=\u00a0\u00bbtrue\u00a0\u00bb circle=\u00a0\u00bbfalse\u00a0\u00bb icon_only=\u00a0\u00bbfalse\u00a0\u00bb href=\u00a0\u00bbhttp:\/\/www.cachc.ca\/?cat=43&#038;lang=fr\u00a0\u00bb title=\u00a0\u00bb\u00a0\u00bb target=\u00a0\u00bbblank\u00a0\u00bb info=\u00a0\u00bbnone\u00a0\u00bb info_place=\u00a0\u00bbtop\u00a0\u00bb info_trigger=\u00a0\u00bbhover\u00a0\u00bb info_content=\u00a0\u00bb\u00a0\u00bb]Blogue du congr\u00e8s[\/x_button][\/cs_column][\/cs_row][cs_row id=\u00a0\u00bb\u00a0\u00bb class=\u00a0\u00bb \u00a0\u00bb style=\u00a0\u00bbmargin: 0px auto; padding: 0px; \u00a0\u00bb visibility=\u00a0\u00bb\u00a0\u00bb inner_container=\u00a0\u00bbtrue\u00a0\u00bb marginless_columns=\u00a0\u00bbfalse\u00a0\u00bb bg_color=\u00a0\u00bb\u00a0\u00bb][cs_column id=\u00a0\u00bb\u00a0\u00bb class=\u00a0\u00bb\u00a0\u00bb style=\u00a0\u00bbpadding: 0px; \u00a0\u00bb bg_color=\u00a0\u00bb\u00a0\u00bb fade=\u00a0\u00bbfalse\u00a0\u00bb fade_animation=\u00a0\u00bbin\u00a0\u00bb fade_animation_offset=\u00a0\u00bb45px\u00a0\u00bb fade_duration=\u00a0\u00bb750&Prime; type=\u00a0\u00bb1\/1&Prime;][x_gap size=\u00a0\u00bb50px\u00a0\u00bb][x_custom_headline level=\u00a0\u00bbh2&Prime; looks_like=\u00a0\u00bbh5&Prime; accent=\u00a0\u00bbfalse\u00a0\u00bb class=\u00a0\u00bbcenter-text \u00ab\u00a0]NOUS REMERCIONS TOUT LES SPONSORS DU CONGRES 2013[\/x_custom_headline][\/cs_column][\/cs_row][cs_row id=\u00a0\u00bb\u00a0\u00bb class=\u00a0\u00bb \u00a0\u00bb style=\u00a0\u00bbmargin: 0px auto; padding: 0px; \u00a0\u00bb visibility=\u00a0\u00bb\u00a0\u00bb inner_container=\u00a0\u00bbtrue\u00a0\u00bb marginless_columns=\u00a0\u00bbfalse\u00a0\u00bb bg_color=\u00a0\u00bb\u00a0\u00bb][cs_column id=\u00a0\u00bb\u00a0\u00bb class=\u00a0\u00bb\u00a0\u00bb style=\u00a0\u00bbpadding: 0px; \u00a0\u00bb bg_color=\u00a0\u00bb\u00a0\u00bb fade=\u00a0\u00bbfalse\u00a0\u00bb fade_animation=\u00a0\u00bbin\u00a0\u00bb fade_animation_offset=\u00a0\u00bb45px\u00a0\u00bb fade_duration=\u00a0\u00bb750&Prime; type=\u00a0\u00bb1\/1&Prime;][x_gap size=\u00a0\u00bb20px\u00a0\u00bb][\/cs_column][\/cs_row][cs_row id=\u00a0\u00bb\u00a0\u00bb class=\u00a0\u00bb \u00a0\u00bb style=\u00a0\u00bbmargin: 0px auto; padding: 0px; \u00a0\u00bb visibility=\u00a0\u00bb\u00a0\u00bb inner_container=\u00a0\u00bbtrue\u00a0\u00bb marginless_columns=\u00a0\u00bbfalse\u00a0\u00bb bg_color=\u00a0\u00bb\u00a0\u00bb][cs_column id=\u00a0\u00bb\u00a0\u00bb class=\u00a0\u00bb\u00a0\u00bb style=\u00a0\u00bbpadding: 0px; \u00a0\u00bb bg_color=\u00a0\u00bb\u00a0\u00bb fade=\u00a0\u00bbfalse\u00a0\u00bb fade_animation=\u00a0\u00bbin\u00a0\u00bb fade_animation_offset=\u00a0\u00bb45px\u00a0\u00bb fade_duration=\u00a0\u00bb750&Prime; type=\u00a0\u00bb1\/4&Prime;][x_image type=\u00a0\u00bbnone\u00a0\u00bb src=\u00a0\u00bbhttp:\/\/www.cachc.ca\/wp-content\/uploads\/2016\/03\/Affinity-CU.jpg\u00a0\u00bb alt=\u00a0\u00bb\u00a0\u00bb link=\u00a0\u00bbfalse\u00a0\u00bb href=\u00a0\u00bb#\u00a0\u00bb title=\u00a0\u00bb\u00a0\u00bb target=\u00a0\u00bb\u00a0\u00bb info=\u00a0\u00bbnone\u00a0\u00bb info_place=\u00a0\u00bbtop\u00a0\u00bb info_trigger=\u00a0\u00bbhover\u00a0\u00bb info_content=\u00a0\u00bb\u00a0\u00bb][\/cs_column][cs_column id=\u00a0\u00bb\u00a0\u00bb class=\u00a0\u00bb\u00a0\u00bb style=\u00a0\u00bbpadding: 0px; \u00a0\u00bb bg_color=\u00a0\u00bb\u00a0\u00bb fade=\u00a0\u00bbfalse\u00a0\u00bb fade_animation=\u00a0\u00bbin\u00a0\u00bb fade_animation_offset=\u00a0\u00bb45px\u00a0\u00bb fade_duration=\u00a0\u00bb750&Prime; type=\u00a0\u00bb1\/4&Prime;][x_image type=\u00a0\u00bbnone\u00a0\u00bb src=\u00a0\u00bbhttp:\/\/www.cachc.ca\/wp-content\/uploads\/2016\/03\/RIO-logo-cropped.jpg\u00a0\u00bb alt=\u00a0\u00bb\u00a0\u00bb link=\u00a0\u00bbfalse\u00a0\u00bb href=\u00a0\u00bb#\u00a0\u00bb title=\u00a0\u00bb\u00a0\u00bb target=\u00a0\u00bb\u00a0\u00bb info=\u00a0\u00bbnone\u00a0\u00bb info_place=\u00a0\u00bbtop\u00a0\u00bb info_trigger=\u00a0\u00bbhover\u00a0\u00bb info_content=\u00a0\u00bb\u00a0\u00bb][\/cs_column][cs_column id=\u00a0\u00bb\u00a0\u00bb class=\u00a0\u00bb\u00a0\u00bb style=\u00a0\u00bbpadding: 0px; \u00a0\u00bb bg_color=\u00a0\u00bb\u00a0\u00bb fade=\u00a0\u00bbfalse\u00a0\u00bb fade_animation=\u00a0\u00bbin\u00a0\u00bb fade_animation_offset=\u00a0\u00bb45px\u00a0\u00bb fade_duration=\u00a0\u00bb750&Prime; type=\u00a0\u00bb1\/4&Prime;][x_image type=\u00a0\u00bbnone\u00a0\u00bb src=\u00a0\u00bbhttp:\/\/www.cachc.ca\/wp-content\/uploads\/2016\/03\/AOHC.jpg\u00a0\u00bb alt=\u00a0\u00bb\u00a0\u00bb link=\u00a0\u00bbfalse\u00a0\u00bb href=\u00a0\u00bb#\u00a0\u00bb title=\u00a0\u00bb\u00a0\u00bb target=\u00a0\u00bb\u00a0\u00bb info=\u00a0\u00bbnone\u00a0\u00bb info_place=\u00a0\u00bbtop\u00a0\u00bb info_trigger=\u00a0\u00bbhover\u00a0\u00bb info_content=\u00a0\u00bb\u00a0\u00bb][\/cs_column][cs_column id=\u00a0\u00bb\u00a0\u00bb class=\u00a0\u00bb\u00a0\u00bb style=\u00a0\u00bbpadding: 0px; \u00a0\u00bb bg_color=\u00a0\u00bb\u00a0\u00bb fade=\u00a0\u00bbfalse\u00a0\u00bb fade_animation=\u00a0\u00bbin\u00a0\u00bb fade_animation_offset=\u00a0\u00bb45px\u00a0\u00bb fade_duration=\u00a0\u00bb750&Prime; type=\u00a0\u00bb1\/4&Prime;][x_image type=\u00a0\u00bbnone\u00a0\u00bb src=\u00a0\u00bbhttp:\/\/www.cachc.ca\/wp-content\/uploads\/2016\/03\/SHQC-logo.jpg\u00a0\u00bb alt=\u00a0\u00bb\u00a0\u00bb link=\u00a0\u00bbfalse\u00a0\u00bb href=\u00a0\u00bb#\u00a0\u00bb title=\u00a0\u00bb\u00a0\u00bb target=\u00a0\u00bb\u00a0\u00bb info=\u00a0\u00bbnone\u00a0\u00bb info_place=\u00a0\u00bbtop\u00a0\u00bb info_trigger=\u00a0\u00bbhover\u00a0\u00bb info_content=\u00a0\u00bb\u00a0\u00bb][\/cs_column][\/cs_row][\/cs_section]<\/p>\n","protected":false},"excerpt":{"rendered":"<p>[cs_section id=\u00a0\u00bb\u00a0\u00bb class=\u00a0\u00bb \u00a0\u00bb style=\u00a0\u00bbmargin: 0px; padding: 0px 0px 45px; \u00a0\u00bb visibility=\u00a0\u00bb\u00a0\u00bb parallax=\u00a0\u00bbfalse\u00a0\u00bb][cs_row id=\u00a0\u00bb\u00a0\u00bb class=\u00a0\u00bb \u00a0\u00bb style=\u00a0\u00bbmargin: 0px auto; padding: 0px; \u00a0\u00bb visibility=\u00a0\u00bb\u00a0\u00bb inner_container=\u00a0\u00bbtrue\u00a0\u00bb marginless_columns=\u00a0\u00bbfalse\u00a0\u00bb bg_color=\u00a0\u00bb\u00a0\u00bb][cs_column id=\u00a0\u00bb\u00a0\u00bb class=\u00a0\u00bb\u00a0\u00bb style=\u00a0\u00bbpadding: 0px; \u00a0\u00bb bg_color=\u00a0\u00bb\u00a0\u00bb fade=\u00a0\u00bbfalse\u00a0\u00bb fade_animation=\u00a0\u00bbin\u00a0\u00bb fade_animation_offset=\u00a0\u00bb45px\u00a0\u00bb fade_duration=\u00a0\u00bb750&Prime; type=\u00a0\u00bb1\/1&Prime;][x_custom_headline level=\u00a0\u00bbh2&Prime; looks_like=\u00a0\u00bbh3&Prime; accent=\u00a0\u00bbtrue\u00a0\u00bb class=\u00a0\u00bbcenter-text \u00ab\u00a0]Congr\u00e8s et AGA 2013[\/x_custom_headline][\/cs_column][\/cs_row][cs_row id=\u00a0\u00bb\u00a0\u00bb class=\u00a0\u00bb \u00a0\u00bb style=\u00a0\u00bbmargin: 0px auto; padding: 0px; \u00a0\u00bb visibility=\u00a0\u00bb\u00a0\u00bb inner_container=\u00a0\u00bbtrue\u00a0\u00bb marginless_columns=\u00a0\u00bbfalse\u00a0\u00bb bg_color=\u00a0\u00bb\u00a0\u00bb][cs_column id=\u00a0\u00bb\u00a0\u00bb class=\u00a0\u00bb\u00a0\u00bb [&hellip;]<\/p>\n","protected":false},"author":1,"featured_media":0,"parent":0,"menu_order":0,"comment_status":"closed","ping_status":"closed","template":"template-blank-5.php","meta":{"_bbp_topic_count":0,"_bbp_reply_count":0,"_bbp_total_topic_count":0,"_bbp_total_reply_count":0,"_bbp_voice_count":0,"_bbp_anonymous_reply_count":0,"_bbp_topic_count_hidden":0,"_bbp_reply_count_hidden":0,"_bbp_forum_subforum_count":0,"footnotes":""},"class_list":["post-1900","page","type-page","status-publish","hentry"],"yoast_head":"<!-- This site is optimized with the Yoast SEO plugin v27.2 - https:\/\/yoast.com\/product\/yoast-seo-wordpress\/ -->\n<title>Congr\u00e8s et AGA 2013 - ACCSC<\/title>\n<meta name=\"robots\" content=\"index, follow, max-snippet:-1, max-image-preview:large, max-video-preview:-1\" \/>\n<link rel=\"canonical\" href=\"https:\/\/www.cachc.ca\/fr\/congres-et-aga-2013\/\" \/>\n<meta property=\"og:locale\" content=\"fr_FR\" \/>\n<meta property=\"og:type\" content=\"article\" \/>\n<meta property=\"og:title\" content=\"Congr\u00e8s et AGA 2013 - ACCSC\" \/>\n<meta property=\"og:description\" content=\"[cs_section id=\u00a0\u00bb\u00a0\u00bb class=\u00a0\u00bb \u00a0\u00bb style=\u00a0\u00bbmargin: 0px; padding: 0px 0px 45px; \u00a0\u00bb visibility=\u00a0\u00bb\u00a0\u00bb parallax=\u00a0\u00bbfalse\u00a0\u00bb][cs_row id=\u00a0\u00bb\u00a0\u00bb class=\u00a0\u00bb \u00a0\u00bb style=\u00a0\u00bbmargin: 0px auto; padding: 0px; \u00a0\u00bb visibility=\u00a0\u00bb\u00a0\u00bb inner_container=\u00a0\u00bbtrue\u00a0\u00bb marginless_columns=\u00a0\u00bbfalse\u00a0\u00bb bg_color=\u00a0\u00bb\u00a0\u00bb][cs_column id=\u00a0\u00bb\u00a0\u00bb class=\u00a0\u00bb\u00a0\u00bb style=\u00a0\u00bbpadding: 0px; \u00a0\u00bb bg_color=\u00a0\u00bb\u00a0\u00bb fade=\u00a0\u00bbfalse\u00a0\u00bb fade_animation=\u00a0\u00bbin\u00a0\u00bb fade_animation_offset=\u00a0\u00bb45px\u00a0\u00bb fade_duration=\u00a0\u00bb750&Prime; type=\u00a0\u00bb1\/1&Prime;][x_custom_headline level=\u00a0\u00bbh2&Prime; looks_like=\u00a0\u00bbh3&Prime; accent=\u00a0\u00bbtrue\u00a0\u00bb class=\u00a0\u00bbcenter-text \u00ab\u00a0]Congr\u00e8s et AGA 2013[\/x_custom_headline][\/cs_column][\/cs_row][cs_row id=\u00a0\u00bb\u00a0\u00bb class=\u00a0\u00bb \u00a0\u00bb style=\u00a0\u00bbmargin: 0px auto; padding: 0px; \u00a0\u00bb visibility=\u00a0\u00bb\u00a0\u00bb inner_container=\u00a0\u00bbtrue\u00a0\u00bb marginless_columns=\u00a0\u00bbfalse\u00a0\u00bb bg_color=\u00a0\u00bb\u00a0\u00bb][cs_column id=\u00a0\u00bb\u00a0\u00bb class=\u00a0\u00bb\u00a0\u00bb [&hellip;]\" \/>\n<meta property=\"og:url\" content=\"https:\/\/www.cachc.ca\/fr\/congres-et-aga-2013\/\" \/>\n<meta property=\"og:site_name\" content=\"ACCSC\" \/>\n<meta property=\"article:modified_time\" content=\"2016-03-15T14:56:27+00:00\" \/>\n<meta name=\"twitter:card\" content=\"summary_large_image\" \/>\n<meta name=\"twitter:label1\" content=\"Dur\u00e9e de lecture estim\u00e9e\" \/>\n\t<meta name=\"twitter:data1\" content=\"4 minutes\" \/>\n<script type=\"application\/ld+json\" class=\"yoast-schema-graph\">{\"@context\":\"https:\/\/schema.org\",\"@graph\":[{\"@type\":\"WebPage\",\"@id\":\"https:\/\/www.cachc.ca\/fr\/congres-et-aga-2013\/\",\"url\":\"https:\/\/www.cachc.ca\/fr\/congres-et-aga-2013\/\",\"name\":\"Congr\u00e8s et AGA 2013 - ACCSC\",\"isPartOf\":{\"@id\":\"https:\/\/www.cachc.ca\/#website\"},\"datePublished\":\"2013-03-05T13:30:32+00:00\",\"dateModified\":\"2016-03-15T14:56:27+00:00\",\"inLanguage\":\"fr-FR\",\"potentialAction\":[{\"@type\":\"ReadAction\",\"target\":[\"https:\/\/www.cachc.ca\/fr\/congres-et-aga-2013\/\"]}]},{\"@type\":\"WebSite\",\"@id\":\"https:\/\/www.cachc.ca\/#website\",\"url\":\"https:\/\/www.cachc.ca\/\",\"name\":\"ACCSC\",\"description\":\"Les centres de sant\u00e9 communautaire au Canada\",\"potentialAction\":[{\"@type\":\"SearchAction\",\"target\":{\"@type\":\"EntryPoint\",\"urlTemplate\":\"https:\/\/www.cachc.ca\/?s={search_term_string}\"},\"query-input\":{\"@type\":\"PropertyValueSpecification\",\"valueRequired\":true,\"valueName\":\"search_term_string\"}}],\"inLanguage\":\"fr-FR\"}]}<\/script>\n<!-- \/ Yoast SEO plugin. -->","yoast_head_json":{"title":"Congr\u00e8s et AGA 2013 - ACCSC","robots":{"index":"index","follow":"follow","max-snippet":"max-snippet:-1","max-image-preview":"max-image-preview:large","max-video-preview":"max-video-preview:-1"},"canonical":"https:\/\/www.cachc.ca\/fr\/congres-et-aga-2013\/","og_locale":"fr_FR","og_type":"article","og_title":"Congr\u00e8s et AGA 2013 - ACCSC","og_description":"[cs_section id=\u00a0\u00bb\u00a0\u00bb class=\u00a0\u00bb \u00a0\u00bb style=\u00a0\u00bbmargin: 0px; padding: 0px 0px 45px; \u00a0\u00bb visibility=\u00a0\u00bb\u00a0\u00bb parallax=\u00a0\u00bbfalse\u00a0\u00bb][cs_row id=\u00a0\u00bb\u00a0\u00bb class=\u00a0\u00bb \u00a0\u00bb style=\u00a0\u00bbmargin: 0px auto; padding: 0px; \u00a0\u00bb visibility=\u00a0\u00bb\u00a0\u00bb inner_container=\u00a0\u00bbtrue\u00a0\u00bb marginless_columns=\u00a0\u00bbfalse\u00a0\u00bb bg_color=\u00a0\u00bb\u00a0\u00bb][cs_column id=\u00a0\u00bb\u00a0\u00bb class=\u00a0\u00bb\u00a0\u00bb style=\u00a0\u00bbpadding: 0px; \u00a0\u00bb bg_color=\u00a0\u00bb\u00a0\u00bb fade=\u00a0\u00bbfalse\u00a0\u00bb fade_animation=\u00a0\u00bbin\u00a0\u00bb fade_animation_offset=\u00a0\u00bb45px\u00a0\u00bb fade_duration=\u00a0\u00bb750&Prime; type=\u00a0\u00bb1\/1&Prime;][x_custom_headline level=\u00a0\u00bbh2&Prime; looks_like=\u00a0\u00bbh3&Prime; accent=\u00a0\u00bbtrue\u00a0\u00bb class=\u00a0\u00bbcenter-text \u00ab\u00a0]Congr\u00e8s et AGA 2013[\/x_custom_headline][\/cs_column][\/cs_row][cs_row id=\u00a0\u00bb\u00a0\u00bb class=\u00a0\u00bb \u00a0\u00bb style=\u00a0\u00bbmargin: 0px auto; padding: 0px; \u00a0\u00bb visibility=\u00a0\u00bb\u00a0\u00bb inner_container=\u00a0\u00bbtrue\u00a0\u00bb marginless_columns=\u00a0\u00bbfalse\u00a0\u00bb bg_color=\u00a0\u00bb\u00a0\u00bb][cs_column id=\u00a0\u00bb\u00a0\u00bb class=\u00a0\u00bb\u00a0\u00bb [&hellip;]","og_url":"https:\/\/www.cachc.ca\/fr\/congres-et-aga-2013\/","og_site_name":"ACCSC","article_modified_time":"2016-03-15T14:56:27+00:00","twitter_card":"summary_large_image","twitter_misc":{"Dur\u00e9e de lecture estim\u00e9e":"4 minutes"},"schema":{"@context":"https:\/\/schema.org","@graph":[{"@type":"WebPage","@id":"https:\/\/www.cachc.ca\/fr\/congres-et-aga-2013\/","url":"https:\/\/www.cachc.ca\/fr\/congres-et-aga-2013\/","name":"Congr\u00e8s et AGA 2013 - ACCSC","isPartOf":{"@id":"https:\/\/www.cachc.ca\/#website"},"datePublished":"2013-03-05T13:30:32+00:00","dateModified":"2016-03-15T14:56:27+00:00","inLanguage":"fr-FR","potentialAction":[{"@type":"ReadAction","target":["https:\/\/www.cachc.ca\/fr\/congres-et-aga-2013\/"]}]},{"@type":"WebSite","@id":"https:\/\/www.cachc.ca\/#website","url":"https:\/\/www.cachc.ca\/","name":"ACCSC","description":"Les centres de sant\u00e9 communautaire au Canada","potentialAction":[{"@type":"SearchAction","target":{"@type":"EntryPoint","urlTemplate":"https:\/\/www.cachc.ca\/?s={search_term_string}"},"query-input":{"@type":"PropertyValueSpecification","valueRequired":true,"valueName":"search_term_string"}}],"inLanguage":"fr-FR"}]}},"_links":{"self":[{"href":"https:\/\/www.cachc.ca\/fr\/wp-json\/wp\/v2\/pages\/1900","targetHints":{"allow":["GET"]}}],"collection":[{"href":"https:\/\/www.cachc.ca\/fr\/wp-json\/wp\/v2\/pages"}],"about":[{"href":"https:\/\/www.cachc.ca\/fr\/wp-json\/wp\/v2\/types\/page"}],"author":[{"embeddable":true,"href":"https:\/\/www.cachc.ca\/fr\/wp-json\/wp\/v2\/users\/1"}],"replies":[{"embeddable":true,"href":"https:\/\/www.cachc.ca\/fr\/wp-json\/wp\/v2\/comments?post=1900"}],"version-history":[{"count":0,"href":"https:\/\/www.cachc.ca\/fr\/wp-json\/wp\/v2\/pages\/1900\/revisions"}],"wp:attachment":[{"href":"https:\/\/www.cachc.ca\/fr\/wp-json\/wp\/v2\/media?parent=1900"}],"curies":[{"name":"wp","href":"https:\/\/api.w.org\/{rel}","templated":true}]}}