{"id":14007,"date":"2015-08-21T16:15:25","date_gmt":"2015-08-21T20:15:25","guid":{"rendered":"http:\/\/www.cachc.ca\/fr\/2017conference\/"},"modified":"2016-11-24T10:56:23","modified_gmt":"2016-11-24T15:56:23","slug":"congres2017","status":"publish","type":"page","link":"https:\/\/www.cachc.ca\/fr\/congres2017\/","title":{"rendered":"Congr\u00e8s et AGA 2017"},"content":{"rendered":"<p>[cs_content][cs_section bg_color=\u00a0\u00bbhsl(209, 100%, 26%)\u00a0\u00bb parallax=\u00a0\u00bbfalse\u00a0\u00bb style=\u00a0\u00bbmargin: 0px;padding: 0px 0px 40px;\u00a0\u00bb][cs_row inner_container=\u00a0\u00bbtrue\u00a0\u00bb marginless_columns=\u00a0\u00bbfalse\u00a0\u00bb style=\u00a0\u00bbmargin: 0px auto;padding: 0px;\u00a0\u00bb][cs_column fade=\u00a0\u00bbfalse\u00a0\u00bb fade_animation=\u00a0\u00bbin\u00a0\u00bb fade_animation_offset=\u00a0\u00bb45px\u00a0\u00bb fade_duration=\u00a0\u00bb750&Prime; type=\u00a0\u00bb1\/1&Prime; style=\u00a0\u00bbpadding: 0px;\u00a0\u00bb][x_custom_headline level=\u00a0\u00bbh2&Prime; looks_like=\u00a0\u00bbh3&Prime; accent=\u00a0\u00bbtrue\u00a0\u00bb class=\u00a0\u00bbcs-ta-center\u00a0\u00bb style=\u00a0\u00bbcolor: hsl(0, 0%, 100%);\u00a0\u00bb]Congr\u00e8s et AGA 2017 de l&rsquo;ACCSC[\/x_custom_headline][\/cs_column][\/cs_row][cs_row inner_container=\u00a0\u00bbtrue\u00a0\u00bb marginless_columns=\u00a0\u00bbfalse\u00a0\u00bb style=\u00a0\u00bbmargin: 0px auto;padding: 0px;\u00a0\u00bb][cs_column fade=\u00a0\u00bbfalse\u00a0\u00bb fade_animation=\u00a0\u00bbin\u00a0\u00bb fade_animation_offset=\u00a0\u00bb45px\u00a0\u00bb fade_duration=\u00a0\u00bb750&Prime; type=\u00a0\u00bb1\/1&Prime; style=\u00a0\u00bbpadding: 0px;\u00a0\u00bb][x_custom_headline level=\u00a0\u00bbh5&Prime; looks_like=\u00a0\u00bbh4&Prime; accent=\u00a0\u00bbfalse\u00a0\u00bb class=\u00a0\u00bbcs-ta-center\u00a0\u00bb style=\u00a0\u00bbcolor: hsl(0, 0%, 100%);\u00a0\u00bb]les 25 au 27 septembre 2017<br \/>\nCalgary (Alberta)[\/x_custom_headline][\/cs_column][\/cs_row][\/cs_section][cs_section bg_image=\u00a0\u00bbhttp:\/\/www.cachc.ca\/wp-content\/uploads\/2016\/08\/Calgary-banner-1.jpg\u00a0\u00bb parallax=\u00a0\u00bbtrue\u00a0\u00bb style=\u00a0\u00bbmargin: 0px;padding: 0px;\u00a0\u00bb][cs_row inner_container=\u00a0\u00bbtrue\u00a0\u00bb marginless_columns=\u00a0\u00bbfalse\u00a0\u00bb style=\u00a0\u00bbmargin: 0px auto;padding: 0px;\u00a0\u00bb][cs_column fade=\u00a0\u00bbfalse\u00a0\u00bb fade_animation=\u00a0\u00bbin\u00a0\u00bb fade_animation_offset=\u00a0\u00bb45px\u00a0\u00bb fade_duration=\u00a0\u00bb750&Prime; type=\u00a0\u00bb1\/1&Prime; style=\u00a0\u00bbpadding: 0px;\u00a0\u00bb][x_gap size=\u00a0\u00bb350px\u00a0\u00bb][\/cs_column][\/cs_row][cs_row inner_container=\u00a0\u00bbtrue\u00a0\u00bb marginless_columns=\u00a0\u00bbfalse\u00a0\u00bb style=\u00a0\u00bbmargin: 0px auto;padding: 0px;\u00a0\u00bb][cs_column bg_color=\u00a0\u00bbhsla(209, 100%, 26%, 0.58)\u00a0\u00bb fade=\u00a0\u00bbfalse\u00a0\u00bb fade_animation=\u00a0\u00bbin\u00a0\u00bb fade_animation_offset=\u00a0\u00bb45px\u00a0\u00bb fade_duration=\u00a0\u00bb750&Prime; type=\u00a0\u00bb1\/1&Prime; style=\u00a0\u00bbpadding: 0px 45px 30px;\u00a0\u00bb][cs_text class=\u00a0\u00bbcs-ta-center\u00a0\u00bb]<\/p>\n<h5 style=\"text-align: center;\"><span style=\"color: #ffffff;\">Nos coll\u00e8gues de Halifax ont lanc\u00e9 l\u2019id\u00e9e dans leur pr\u00e9sentation inspirante lors de notre congr\u00e8s de 2015. Au congr\u00e8s de l\u2019ACCSC en 2017, la discussion et l\u2019apprentissage se d\u00e9rouleront litt\u00e9ralement dans les communaut\u00e9s. Toute une vari\u00e9t\u00e9 de sessions interactives sera offerte dans des centres de sant\u00e9 communautaire locaux. Inscrivez le congr\u00e8s \u00e0 votre calendrier et faites la connaissance de nos vos co-h\u00f4tes locaux!\u00a0<\/span><\/h5>\n<p>[\/cs_text][cs_text]<\/p>\n<h4 style=\"text-align: center;\"><span style=\"color: #ffffff;\">H\u00d4TEL :<\/span> <span style=\"text-decoration: underline;\"><span style=\"color: #e0cf5e; text-decoration: underline;\"><a style=\"color: #e0cf5e; text-decoration: underline;\" href=\"http:\/\/www.fourpointscalgaryairport.ca\/\" target=\"_blank\">Four Points by Sheraton North East Calgary<\/a><\/span><\/span><\/h4>\n<p>[\/cs_text][cs_text]<\/p>\n<p style=\"text-align: center;\"><span style=\"color: #ffffff;\"><strong>Prix sp\u00e9cial d\u2019invit\u00e9 au congr\u00e8s : 139 $ la nuit<br \/>\nR\u00e9servations : 1-866-961-2994. Mentionnez le bloc de chambres de l\u2019ACCSC ou le code C124AA<br \/>\n<\/strong><\/span><\/p>\n<p>[\/cs_text][\/cs_column][\/cs_row][cs_row inner_container=\u00a0\u00bbtrue\u00a0\u00bb marginless_columns=\u00a0\u00bbfalse\u00a0\u00bb style=\u00a0\u00bbmargin: 0px auto;padding: 0px;\u00a0\u00bb][cs_column fade=\u00a0\u00bbfalse\u00a0\u00bb fade_animation=\u00a0\u00bbin\u00a0\u00bb fade_animation_offset=\u00a0\u00bb45px\u00a0\u00bb fade_duration=\u00a0\u00bb750&Prime; type=\u00a0\u00bb1\/1&Prime; style=\u00a0\u00bbpadding: 0px;\u00a0\u00bb][x_gap size=\u00a0\u00bb100px\u00a0\u00bb][\/cs_column][\/cs_row][cs_row inner_container=\u00a0\u00bbtrue\u00a0\u00bb marginless_columns=\u00a0\u00bbfalse\u00a0\u00bb style=\u00a0\u00bbmargin: 0px auto;padding: 0px;\u00a0\u00bb][cs_column fade=\u00a0\u00bbfalse\u00a0\u00bb fade_animation=\u00a0\u00bbin\u00a0\u00bb fade_animation_offset=\u00a0\u00bb45px\u00a0\u00bb fade_duration=\u00a0\u00bb750&Prime; type=\u00a0\u00bb1\/1&Prime; style=\u00a0\u00bbpadding: 0px;\u00a0\u00bb][x_custom_headline level=\u00a0\u00bbh2&Prime; looks_like=\u00a0\u00bbh2&Prime; accent=\u00a0\u00bbfalse\u00a0\u00bb class=\u00a0\u00bbcs-ta-center\u00a0\u00bb style=\u00a0\u00bbcolor: hsl(0, 0%, 100%);\u00a0\u00bb]Co-h\u00f4tes locaux[\/x_custom_headline][x_gap size=\u00a0\u00bb20px\u00a0\u00bb][\/cs_column][\/cs_row][cs_row inner_container=\u00a0\u00bbtrue\u00a0\u00bb marginless_columns=\u00a0\u00bbfalse\u00a0\u00bb style=\u00a0\u00bbmargin: 0px auto;padding: 0px;\u00a0\u00bb][cs_column fade=\u00a0\u00bbfalse\u00a0\u00bb fade_animation=\u00a0\u00bbin\u00a0\u00bb fade_animation_offset=\u00a0\u00bb45px\u00a0\u00bb fade_duration=\u00a0\u00bb750&Prime; type=\u00a0\u00bb1\/4&Prime; style=\u00a0\u00bbpadding: 0px;\u00a0\u00bb][x_image type=\u00a0\u00bbnone\u00a0\u00bb src=\u00a0\u00bbhttp:\/\/www.cachc.ca\/wp-content\/uploads\/2016\/08\/AACHC-logo-500.jpg\u00a0\u00bb alt=\u00a0\u00bb\u00a0\u00bb link=\u00a0\u00bbtrue\u00a0\u00bb href=\u00a0\u00bbhttp:\/\/aachc.ca\/\u00a0\u00bb title=\u00a0\u00bb\u00a0\u00bb target=\u00a0\u00bbblank\u00a0\u00bb info=\u00a0\u00bbnone\u00a0\u00bb info_place=\u00a0\u00bbtop\u00a0\u00bb info_trigger=\u00a0\u00bbhover\u00a0\u00bb info_content=\u00a0\u00bb\u00a0\u00bb][\/cs_column][cs_column fade=\u00a0\u00bbfalse\u00a0\u00bb fade_animation=\u00a0\u00bbin\u00a0\u00bb fade_animation_offset=\u00a0\u00bb45px\u00a0\u00bb fade_duration=\u00a0\u00bb750&Prime; type=\u00a0\u00bb1\/4&Prime; style=\u00a0\u00bbpadding: 0px;\u00a0\u00bb][x_image type=\u00a0\u00bbnone\u00a0\u00bb src=\u00a0\u00bbhttp:\/\/www.cachc.ca\/wp-content\/uploads\/2016\/08\/The-Alex-CHC-logo-500.jpg\u00a0\u00bb alt=\u00a0\u00bb\u00a0\u00bb link=\u00a0\u00bbtrue\u00a0\u00bb href=\u00a0\u00bbhttp:\/\/www.thealex.ca\/\u00a0\u00bb title=\u00a0\u00bb\u00a0\u00bb target=\u00a0\u00bbblank\u00a0\u00bb info=\u00a0\u00bbnone\u00a0\u00bb info_place=\u00a0\u00bbtop\u00a0\u00bb info_trigger=\u00a0\u00bbhover\u00a0\u00bb info_content=\u00a0\u00bb\u00a0\u00bb][\/cs_column][cs_column fade=\u00a0\u00bbfalse\u00a0\u00bb fade_animation=\u00a0\u00bbin\u00a0\u00bb fade_animation_offset=\u00a0\u00bb45px\u00a0\u00bb fade_duration=\u00a0\u00bb750&Prime; type=\u00a0\u00bb1\/4&Prime; style=\u00a0\u00bbpadding: 0px;\u00a0\u00bb][x_image type=\u00a0\u00bbnone\u00a0\u00bb src=\u00a0\u00bbhttp:\/\/www.cachc.ca\/wp-content\/uploads\/2016\/08\/CUPS-Calgary-logo-500.jpg\u00a0\u00bb alt=\u00a0\u00bb\u00a0\u00bb link=\u00a0\u00bbtrue\u00a0\u00bb href=\u00a0\u00bbhttp:\/\/cupscalgary.com\/\u00a0\u00bb title=\u00a0\u00bb\u00a0\u00bb target=\u00a0\u00bbblank\u00a0\u00bb info=\u00a0\u00bbnone\u00a0\u00bb info_place=\u00a0\u00bbtop\u00a0\u00bb info_trigger=\u00a0\u00bbhover\u00a0\u00bb info_content=\u00a0\u00bb\u00a0\u00bb][\/cs_column][cs_column fade=\u00a0\u00bbfalse\u00a0\u00bb fade_animation=\u00a0\u00bbin\u00a0\u00bb fade_animation_offset=\u00a0\u00bb45px\u00a0\u00bb fade_duration=\u00a0\u00bb750&Prime; type=\u00a0\u00bb1\/4&Prime; style=\u00a0\u00bbpadding: 0px;\u00a0\u00bb][x_image type=\u00a0\u00bbnone\u00a0\u00bb src=\u00a0\u00bbhttp:\/\/www.cachc.ca\/wp-content\/uploads\/2016\/08\/ACFA-500.jpg\u00a0\u00bb alt=\u00a0\u00bb\u00a0\u00bb link=\u00a0\u00bbtrue\u00a0\u00bb href=\u00a0\u00bbhttp:\/\/www.acfa.ab.ca\/calgary\/\u00a0\u00bb title=\u00a0\u00bb\u00a0\u00bb target=\u00a0\u00bbblank\u00a0\u00bb info=\u00a0\u00bbnone\u00a0\u00bb info_place=\u00a0\u00bbtop\u00a0\u00bb info_trigger=\u00a0\u00bbhover\u00a0\u00bb info_content=\u00a0\u00bb\u00a0\u00bb][\/cs_column][\/cs_row][cs_row inner_container=\u00a0\u00bbtrue\u00a0\u00bb marginless_columns=\u00a0\u00bbfalse\u00a0\u00bb style=\u00a0\u00bbmargin: 0px auto;padding: 0px;\u00a0\u00bb][cs_column fade=\u00a0\u00bbfalse\u00a0\u00bb fade_animation=\u00a0\u00bbin\u00a0\u00bb fade_animation_offset=\u00a0\u00bb45px\u00a0\u00bb fade_duration=\u00a0\u00bb750&Prime; type=\u00a0\u00bb1\/1&Prime; style=\u00a0\u00bbpadding: 0px;\u00a0\u00bb][x_gap size=\u00a0\u00bb100px\u00a0\u00bb][\/cs_column][\/cs_row][\/cs_section][cs_section bg_color=\u00a0\u00bbhsl(209, 100%, 26%)\u00a0\u00bb parallax=\u00a0\u00bbfalse\u00a0\u00bb style=\u00a0\u00bbmargin: 0px;padding: 0px 0px 45px;\u00a0\u00bb][cs_row inner_container=\u00a0\u00bbtrue\u00a0\u00bb marginless_columns=\u00a0\u00bbfalse\u00a0\u00bb style=\u00a0\u00bbmargin: 0px auto;padding: 0px;\u00a0\u00bb][cs_column fade=\u00a0\u00bbfalse\u00a0\u00bb fade_animation=\u00a0\u00bbin\u00a0\u00bb fade_animation_offset=\u00a0\u00bb45px\u00a0\u00bb fade_duration=\u00a0\u00bb750&Prime; type=\u00a0\u00bb1\/1&Prime; style=\u00a0\u00bbpadding: 0px;\u00a0\u00bb][x_share title=\u00a0\u00bbPartager\u00a0\u00bb share_title=\u00a0\u00bb\u00a0\u00bb facebook=\u00a0\u00bbtrue\u00a0\u00bb twitter=\u00a0\u00bbtrue\u00a0\u00bb google_plus=\u00a0\u00bbtrue\u00a0\u00bb linkedin=\u00a0\u00bbtrue\u00a0\u00bb pinterest=\u00a0\u00bbtrue\u00a0\u00bb reddit=\u00a0\u00bbtrue\u00a0\u00bb email=\u00a0\u00bbtrue\u00a0\u00bb email_subject=\u00a0\u00bbCheck out details of the 2017 CACHC Conference in Halifax, NS:\u00a0\u00bb][\/cs_column][\/cs_row][\/cs_section][\/cs_content]<\/p>\n","protected":false},"excerpt":{"rendered":"<p>[cs_content][cs_section bg_color=\u00a0\u00bbhsl(209, 100%, 26%)\u00a0\u00bb parallax=\u00a0\u00bbfalse\u00a0\u00bb style=\u00a0\u00bbmargin: 0px;padding: 0px 0px 40px;\u00a0\u00bb][cs_row inner_container=\u00a0\u00bbtrue\u00a0\u00bb marginless_columns=\u00a0\u00bbfalse\u00a0\u00bb style=\u00a0\u00bbmargin: 0px auto;padding: 0px;\u00a0\u00bb][cs_column fade=\u00a0\u00bbfalse\u00a0\u00bb fade_animation=\u00a0\u00bbin\u00a0\u00bb fade_animation_offset=\u00a0\u00bb45px\u00a0\u00bb fade_duration=\u00a0\u00bb750&Prime; type=\u00a0\u00bb1\/1&Prime; style=\u00a0\u00bbpadding: 0px;\u00a0\u00bb][x_custom_headline level=\u00a0\u00bbh2&Prime; looks_like=\u00a0\u00bbh3&Prime; accent=\u00a0\u00bbtrue\u00a0\u00bb class=\u00a0\u00bbcs-ta-center\u00a0\u00bb style=\u00a0\u00bbcolor: hsl(0, 0%, 100%);\u00a0\u00bb]Congr\u00e8s et AGA 2017 de l&rsquo;ACCSC[\/x_custom_headline][\/cs_column][\/cs_row][cs_row inner_container=\u00a0\u00bbtrue\u00a0\u00bb marginless_columns=\u00a0\u00bbfalse\u00a0\u00bb style=\u00a0\u00bbmargin: 0px auto;padding: 0px;\u00a0\u00bb][cs_column fade=\u00a0\u00bbfalse\u00a0\u00bb fade_animation=\u00a0\u00bbin\u00a0\u00bb fade_animation_offset=\u00a0\u00bb45px\u00a0\u00bb fade_duration=\u00a0\u00bb750&Prime; type=\u00a0\u00bb1\/1&Prime; style=\u00a0\u00bbpadding: 0px;\u00a0\u00bb][x_custom_headline level=\u00a0\u00bbh5&Prime; looks_like=\u00a0\u00bbh4&Prime; accent=\u00a0\u00bbfalse\u00a0\u00bb class=\u00a0\u00bbcs-ta-center\u00a0\u00bb style=\u00a0\u00bbcolor: hsl(0, 0%, 100%);\u00a0\u00bb]les 25 au 27 [&hellip;]<\/p>\n","protected":false},"author":1,"featured_media":0,"parent":0,"menu_order":1,"comment_status":"closed","ping_status":"closed","template":"template-blank-5.php","meta":{"_bbp_topic_count":0,"_bbp_reply_count":0,"_bbp_total_topic_count":0,"_bbp_total_reply_count":0,"_bbp_voice_count":0,"_bbp_anonymous_reply_count":0,"_bbp_topic_count_hidden":0,"_bbp_reply_count_hidden":0,"_bbp_forum_subforum_count":0,"footnotes":""},"class_list":["post-14007","page","type-page","status-publish","hentry"],"yoast_head":"<!-- This site is optimized with the Yoast SEO plugin v27.5 - https:\/\/yoast.com\/product\/yoast-seo-wordpress\/ -->\n<title>Congr\u00e8s et AGA 2017 - ACCSC<\/title>\n<meta name=\"robots\" content=\"index, follow, max-snippet:-1, max-image-preview:large, max-video-preview:-1\" \/>\n<link rel=\"canonical\" href=\"https:\/\/www.cachc.ca\/fr\/congres2017\/\" \/>\n<meta property=\"og:locale\" content=\"fr_FR\" \/>\n<meta property=\"og:type\" content=\"article\" \/>\n<meta property=\"og:title\" content=\"Congr\u00e8s et AGA 2017 - ACCSC\" \/>\n<meta property=\"og:description\" content=\"[cs_content][cs_section bg_color=\u00a0\u00bbhsl(209, 100%, 26%)\u00a0\u00bb parallax=\u00a0\u00bbfalse\u00a0\u00bb style=\u00a0\u00bbmargin: 0px;padding: 0px 0px 40px;\u00a0\u00bb][cs_row inner_container=\u00a0\u00bbtrue\u00a0\u00bb marginless_columns=\u00a0\u00bbfalse\u00a0\u00bb style=\u00a0\u00bbmargin: 0px auto;padding: 0px;\u00a0\u00bb][cs_column fade=\u00a0\u00bbfalse\u00a0\u00bb fade_animation=\u00a0\u00bbin\u00a0\u00bb fade_animation_offset=\u00a0\u00bb45px\u00a0\u00bb fade_duration=\u00a0\u00bb750&Prime; type=\u00a0\u00bb1\/1&Prime; style=\u00a0\u00bbpadding: 0px;\u00a0\u00bb][x_custom_headline level=\u00a0\u00bbh2&Prime; looks_like=\u00a0\u00bbh3&Prime; accent=\u00a0\u00bbtrue\u00a0\u00bb class=\u00a0\u00bbcs-ta-center\u00a0\u00bb style=\u00a0\u00bbcolor: hsl(0, 0%, 100%);\u00a0\u00bb]Congr\u00e8s et AGA 2017 de l&rsquo;ACCSC[\/x_custom_headline][\/cs_column][\/cs_row][cs_row inner_container=\u00a0\u00bbtrue\u00a0\u00bb marginless_columns=\u00a0\u00bbfalse\u00a0\u00bb style=\u00a0\u00bbmargin: 0px auto;padding: 0px;\u00a0\u00bb][cs_column fade=\u00a0\u00bbfalse\u00a0\u00bb fade_animation=\u00a0\u00bbin\u00a0\u00bb fade_animation_offset=\u00a0\u00bb45px\u00a0\u00bb fade_duration=\u00a0\u00bb750&Prime; type=\u00a0\u00bb1\/1&Prime; style=\u00a0\u00bbpadding: 0px;\u00a0\u00bb][x_custom_headline level=\u00a0\u00bbh5&Prime; looks_like=\u00a0\u00bbh4&Prime; accent=\u00a0\u00bbfalse\u00a0\u00bb class=\u00a0\u00bbcs-ta-center\u00a0\u00bb style=\u00a0\u00bbcolor: hsl(0, 0%, 100%);\u00a0\u00bb]les 25 au 27 [&hellip;]\" \/>\n<meta property=\"og:url\" content=\"https:\/\/www.cachc.ca\/fr\/congres2017\/\" \/>\n<meta property=\"og:site_name\" content=\"ACCSC\" \/>\n<meta property=\"article:modified_time\" content=\"2016-11-24T15:56:23+00:00\" \/>\n<meta name=\"twitter:card\" content=\"summary_large_image\" \/>\n<meta name=\"twitter:label1\" content=\"Dur\u00e9e de lecture estim\u00e9e\" \/>\n\t<meta name=\"twitter:data1\" content=\"4 minutes\" \/>\n<script type=\"application\/ld+json\" class=\"yoast-schema-graph\">{\"@context\":\"https:\\\/\\\/schema.org\",\"@graph\":[{\"@type\":\"WebPage\",\"@id\":\"https:\\\/\\\/www.cachc.ca\\\/fr\\\/congres2017\\\/\",\"url\":\"https:\\\/\\\/www.cachc.ca\\\/fr\\\/congres2017\\\/\",\"name\":\"Congr\u00e8s et AGA 2017 - ACCSC\",\"isPartOf\":{\"@id\":\"https:\\\/\\\/www.cachc.ca\\\/#website\"},\"datePublished\":\"2015-08-21T20:15:25+00:00\",\"dateModified\":\"2016-11-24T15:56:23+00:00\",\"inLanguage\":\"fr-FR\",\"potentialAction\":[{\"@type\":\"ReadAction\",\"target\":[\"https:\\\/\\\/www.cachc.ca\\\/fr\\\/congres2017\\\/\"]}]},{\"@type\":\"WebSite\",\"@id\":\"https:\\\/\\\/www.cachc.ca\\\/#website\",\"url\":\"https:\\\/\\\/www.cachc.ca\\\/\",\"name\":\"ACCSC\",\"description\":\"Les centres de sant\u00e9 communautaire au Canada\",\"potentialAction\":[{\"@type\":\"SearchAction\",\"target\":{\"@type\":\"EntryPoint\",\"urlTemplate\":\"https:\\\/\\\/www.cachc.ca\\\/?s={search_term_string}\"},\"query-input\":{\"@type\":\"PropertyValueSpecification\",\"valueRequired\":true,\"valueName\":\"search_term_string\"}}],\"inLanguage\":\"fr-FR\"}]}<\/script>\n<!-- \/ Yoast SEO plugin. -->","yoast_head_json":{"title":"Congr\u00e8s et AGA 2017 - ACCSC","robots":{"index":"index","follow":"follow","max-snippet":"max-snippet:-1","max-image-preview":"max-image-preview:large","max-video-preview":"max-video-preview:-1"},"canonical":"https:\/\/www.cachc.ca\/fr\/congres2017\/","og_locale":"fr_FR","og_type":"article","og_title":"Congr\u00e8s et AGA 2017 - ACCSC","og_description":"[cs_content][cs_section bg_color=\u00a0\u00bbhsl(209, 100%, 26%)\u00a0\u00bb parallax=\u00a0\u00bbfalse\u00a0\u00bb style=\u00a0\u00bbmargin: 0px;padding: 0px 0px 40px;\u00a0\u00bb][cs_row inner_container=\u00a0\u00bbtrue\u00a0\u00bb marginless_columns=\u00a0\u00bbfalse\u00a0\u00bb style=\u00a0\u00bbmargin: 0px auto;padding: 0px;\u00a0\u00bb][cs_column fade=\u00a0\u00bbfalse\u00a0\u00bb fade_animation=\u00a0\u00bbin\u00a0\u00bb fade_animation_offset=\u00a0\u00bb45px\u00a0\u00bb fade_duration=\u00a0\u00bb750&Prime; type=\u00a0\u00bb1\/1&Prime; style=\u00a0\u00bbpadding: 0px;\u00a0\u00bb][x_custom_headline level=\u00a0\u00bbh2&Prime; looks_like=\u00a0\u00bbh3&Prime; accent=\u00a0\u00bbtrue\u00a0\u00bb class=\u00a0\u00bbcs-ta-center\u00a0\u00bb style=\u00a0\u00bbcolor: hsl(0, 0%, 100%);\u00a0\u00bb]Congr\u00e8s et AGA 2017 de l&rsquo;ACCSC[\/x_custom_headline][\/cs_column][\/cs_row][cs_row inner_container=\u00a0\u00bbtrue\u00a0\u00bb marginless_columns=\u00a0\u00bbfalse\u00a0\u00bb style=\u00a0\u00bbmargin: 0px auto;padding: 0px;\u00a0\u00bb][cs_column fade=\u00a0\u00bbfalse\u00a0\u00bb fade_animation=\u00a0\u00bbin\u00a0\u00bb fade_animation_offset=\u00a0\u00bb45px\u00a0\u00bb fade_duration=\u00a0\u00bb750&Prime; type=\u00a0\u00bb1\/1&Prime; style=\u00a0\u00bbpadding: 0px;\u00a0\u00bb][x_custom_headline level=\u00a0\u00bbh5&Prime; looks_like=\u00a0\u00bbh4&Prime; accent=\u00a0\u00bbfalse\u00a0\u00bb class=\u00a0\u00bbcs-ta-center\u00a0\u00bb style=\u00a0\u00bbcolor: hsl(0, 0%, 100%);\u00a0\u00bb]les 25 au 27 [&hellip;]","og_url":"https:\/\/www.cachc.ca\/fr\/congres2017\/","og_site_name":"ACCSC","article_modified_time":"2016-11-24T15:56:23+00:00","twitter_card":"summary_large_image","twitter_misc":{"Dur\u00e9e de lecture estim\u00e9e":"4 minutes"},"schema":{"@context":"https:\/\/schema.org","@graph":[{"@type":"WebPage","@id":"https:\/\/www.cachc.ca\/fr\/congres2017\/","url":"https:\/\/www.cachc.ca\/fr\/congres2017\/","name":"Congr\u00e8s et AGA 2017 - ACCSC","isPartOf":{"@id":"https:\/\/www.cachc.ca\/#website"},"datePublished":"2015-08-21T20:15:25+00:00","dateModified":"2016-11-24T15:56:23+00:00","inLanguage":"fr-FR","potentialAction":[{"@type":"ReadAction","target":["https:\/\/www.cachc.ca\/fr\/congres2017\/"]}]},{"@type":"WebSite","@id":"https:\/\/www.cachc.ca\/#website","url":"https:\/\/www.cachc.ca\/","name":"ACCSC","description":"Les centres de sant\u00e9 communautaire au Canada","potentialAction":[{"@type":"SearchAction","target":{"@type":"EntryPoint","urlTemplate":"https:\/\/www.cachc.ca\/?s={search_term_string}"},"query-input":{"@type":"PropertyValueSpecification","valueRequired":true,"valueName":"search_term_string"}}],"inLanguage":"fr-FR"}]}},"_links":{"self":[{"href":"https:\/\/www.cachc.ca\/fr\/wp-json\/wp\/v2\/pages\/14007","targetHints":{"allow":["GET"]}}],"collection":[{"href":"https:\/\/www.cachc.ca\/fr\/wp-json\/wp\/v2\/pages"}],"about":[{"href":"https:\/\/www.cachc.ca\/fr\/wp-json\/wp\/v2\/types\/page"}],"author":[{"embeddable":true,"href":"https:\/\/www.cachc.ca\/fr\/wp-json\/wp\/v2\/users\/1"}],"replies":[{"embeddable":true,"href":"https:\/\/www.cachc.ca\/fr\/wp-json\/wp\/v2\/comments?post=14007"}],"version-history":[{"count":0,"href":"https:\/\/www.cachc.ca\/fr\/wp-json\/wp\/v2\/pages\/14007\/revisions"}],"wp:attachment":[{"href":"https:\/\/www.cachc.ca\/fr\/wp-json\/wp\/v2\/media?parent=14007"}],"curies":[{"name":"wp","href":"https:\/\/api.w.org\/{rel}","templated":true}]}}