{"id":11846,"date":"2016-04-06T12:32:27","date_gmt":"2016-04-06T16:32:27","guid":{"rendered":"http:\/\/www.cachc.ca\/fr\/?page_id=11846"},"modified":"2023-06-19T08:48:11","modified_gmt":"2023-06-19T12:48:11","slug":"adhesion","status":"publish","type":"page","link":"https:\/\/www.cachc.ca\/fr\/adhesion\/","title":{"rendered":"Adh\u00e9sion et avantages"},"content":{"rendered":"<div class=\"wpb-content-wrapper\"><p>[vc_row padding_top=\u00a0\u00bb20&Prime; padding_bottom=\u00a0\u00bb20&Prime;][vc_column width=\u00a0\u00bb1\/6&Prime;][\/vc_column][vc_column width=\u00a0\u00bb2\/3&Prime;][vc_custom_heading text=\u00a0\u00bbPlus fort et meilleur, ensemble\u00a0\u00bb font_container=\u00a0\u00bbtag:h1|text_align:center|color:%231db89b\u00a0\u00bb use_theme_fonts=\u00a0\u00bbyes\u00a0\u00bb][vc_column_text]L&rsquo;Association canadienne des centres de sant\u00e9 communautaire (ACCSC) soutient et repr\u00e9sente les centres de sant\u00e9 communautaire (CSC) \u00e0 travers le Canada. L&rsquo;ACCSC fournit un leadership en mati\u00e8re de politiques et de plaidoyer, des projets et initiatives conjoints, des activit\u00e9s d&rsquo;\u00e9change de connaissances et un large \u00e9ventail d&rsquo;autres avantages et soutiens aux membres. Notre travail est actuellement guid\u00e9 par notre <a href=\"https:\/\/www.cachc.ca\/wp-content\/uploads\/2021\/07\/ACCSC-Plan-strategique-2020-2025.pdf\" target=\"_blank\" rel=\"noopener\"><strong>Plan strat\u00e9gique 2020-2025<\/strong><\/a>.[\/vc_column_text][\/vc_column][vc_column width=\u00a0\u00bb1\/6&Prime;][\/vc_column][\/vc_row][vc_row padding_top=\u00a0\u00bb0&Prime; padding_bottom=\u00a0\u00bb20&Prime;][vc_column width=\u00a0\u00bb1\/3&Prime;][\/vc_column][vc_column width=\u00a0\u00bb1\/3&Prime;]<a class=\"btn with-icon btn-link btn-xl hover-tip\" href=\"https:\/\/www.cachc.ca\/fr\/adhesion\/demande-et-cotisations\/\" target=\"_blank\" data-toggle=\"tooltip\" data-original-title=\"Cliquez pour acc\u00e9der au formulaire d'adh\u00e9sion\" data-placement=\"top\" style=\"font-weight: 700;\"><i class=\"icon-pencil-1\" ><\/i> Adh\u00e9rez ou renouvelez l'adh\u00e9sion de votre CSC<\/a>[\/vc_column][vc_column width=\u00a0\u00bb1\/3&Prime;][\/vc_column][\/vc_row][vc_row type=\u00a0\u00bbcolor\u00a0\u00bb bg_color=\u00a0\u00bb#1db89b\u00a0\u00bb padding_top=\u00a0\u00bb20&Prime; padding_bottom=\u00a0\u00bb20&Prime;][vc_column][vc_custom_heading text=\u00a0\u00bbAvantages de l&rsquo;adh\u00e9sion \u00e0 l&rsquo;ACCSC\u00a0\u00bb font_container=\u00a0\u00bbtag:h2|text_align:center|color:%23ffffff\u00a0\u00bb use_theme_fonts=\u00a0\u00bbyes\u00a0\u00bb][\/vc_column][\/vc_row][vc_row padding_top=\u00a0\u00bb20&Prime; padding_bottom=\u00a0\u00bb20&Prime;][vc_column width=\u00a0\u00bb1\/2&Prime;][vc_custom_heading text=\u00a0\u00bbAccro\u00eetre la visibilit\u00e9 de nos membres\u00a0\u00bb font_container=\u00a0\u00bbtag:h3|text_align:center|color:%231db89b\u00a0\u00bb use_theme_fonts=\u00a0\u00bbyes\u00a0\u00bb][vc_column_text]L&rsquo;ACCSC aide nos membres \u00e0 atteindre un public plus large et augmente la visibilit\u00e9 de leur travail important, tant \u00e0 l&rsquo;\u00e9chelle f\u00e9d\u00e9rale qu&rsquo;internationale. Gr\u00e2ce \u00e0 nos initiatives de communication et de narration &#8211; <strong><a href=\"https:\/\/www.cachc.ca\/blogs\/\" target=\"_blank\" rel=\"noopener\">blogues<\/a><\/strong>, notre balado <strong><a href=\"https:\/\/www.cachc.ca\/fr\/balado\/\" target=\"_blank\" rel=\"noopener\">Community Matters<\/a><\/strong>, nos r\u00e9seaux sociaux, etc. &#8211; nous amplifions constamment le travail de nos membres aupr\u00e8s du grand public, des d\u00e9cideurs et des bailleurs de fonds potentiels. Par l&rsquo;interm\u00e9diaire de notre <strong><a href=\"https:\/\/www.cachc.ca\/fr\/emplois-aux-csc\/\" target=\"_blank\" rel=\"noopener\">tableau d&rsquo;affichage pancanadien des emplois aux centres de sant\u00e9 communautaire<\/a><\/strong>, nous aidons les CSC \u00e0 atteindre un public de chercheurs d&#8217;emploi dont les int\u00e9r\u00eats et les valeurs correspondent aux CSC. En plus, notre leadership au sein de la <strong><a href=\"https:\/\/www.ifchc.org\/\" target=\"_blank\" rel=\"noopener\">F\u00e9d\u00e9ration internationale des centres de sant\u00e9 communautaires (FICSC)<\/a><\/strong> connecte les CSC \u00e0 un r\u00e9seau mondial.[\/vc_column_text][\/vc_column][vc_column width=\u00a0\u00bb1\/2&Prime;][vc_custom_heading text=\u00a0\u00bbAider les membres \u00e0 am\u00e9liorer leur r\u00e9sultat net\u00a0\u00bb font_container=\u00a0\u00bbtag:h3|text_align:center|color:%231db89b\u00a0\u00bb use_theme_fonts=\u00a0\u00bbyes\u00a0\u00bb][vc_column_text]Chez l&rsquo;ACCSC, nous reconnaissons que nos membres font face \u00e0 des pressions constantes pour r\u00e9pondre aux divers besoins des communaut\u00e9s qu&rsquo;ils desservent. Depuis 2019, l&rsquo;ACCSC a obtenu et distribu\u00e9 plus de 1 000 000 $ en petites subventions pour nos membres \u00e0 travers le Canada, soutenant des projets, des services et des initiatives communautaires. Nous continuons d&rsquo;explorer les moyens d&rsquo;accro\u00eetre ce soutien. De plus, l&rsquo;ACCSC travaille fort pour permettre \u00e0 nos membres de r\u00e9aliser des \u00e9conomies quotidiennes gr\u00e2ce \u00e0 notre programme de <a href=\"https:\/\/www.cachc.ca\/fr\/programme-vda\/\" target=\"_blank\" rel=\"noopener\"><strong>Valeur dans les achat (VDA)<\/strong><\/a>. Gr\u00e2ce au programme VIP, nos membres ont acc\u00e8s \u00e0 des \u00e9conomies importantes sur une large gamme de fournitures m\u00e9dicales et de bureau, de services de fournisseurs et d&rsquo;autres services et fournitures.[\/vc_column_text][\/vc_column][\/vc_row][vc_row padding_top=\u00a0\u00bb20&Prime; padding_bottom=\u00a0\u00bb20&Prime;][vc_column width=\u00a0\u00bb1\/2&Prime;][vc_custom_heading text=\u00a0\u00bb\u00c9change de connaissances et la recherche\u00a0\u00bb font_container=\u00a0\u00bbtag:h3|text_align:center|color:%231db89b\u00a0\u00bb use_theme_fonts=\u00a0\u00bbyes\u00a0\u00bb][vc_column_text]Un \u00e9l\u00e9ment cl\u00e9 de notre travail en tant qu&rsquo;association consiste \u00e0 connecter nos membres les uns aux autres pour apprendre, partager des ressources et fournir un soutien mutuel. Notre association prend en charge les demandes fr\u00e9quentes de nos membres qui cherchent \u00e0 entrer en contact avec d&rsquo;autres CSC pour obtenir des informations et des outils sur un large \u00e9ventail de questions op\u00e9rationnelles, de gouvernance, de politique et de plaidoyer. En plus de ce r\u00f4le de soutien quotidien, l&rsquo;ACCSC dirige un certain nombre d&rsquo;efforts f\u00e9d\u00e9raux plus intensifs d&rsquo;\u00e9change de connaissances et de recherche. Gr\u00e2ce \u00e0 notre <a href=\"https:\/\/www.cachc.ca\/fr\/csccommunaute\/\" target=\"_blank\" rel=\"noopener\"><strong>CSCommunaut\u00e9<\/strong><\/a> en ligne<a href=\"https:\/\/www.cachc.ca\/fr\/ssp50-participez-a-la-conversation-sur-twitter\/\" target=\"_blank\" rel=\"noopener\">,<\/a> le personnel des CSC peut \u00e9tablir et maintenir des liens significatifs. Gr\u00e2ce \u00e0 notre <strong><a href=\"https:\/\/www.riomix.ca\/cachc\/\" target=\"_blank\" rel=\"noopener\">Centre de ressources de pour les CSC<\/a><\/strong>, lanc\u00e9 en 2021, les CSC peuvent acc\u00e9der \u00e0 un large \u00e9ventail d&rsquo;outils pertinents et les partager. De plus, l&rsquo;ACCSC entreprend un nombre <strong><a href=\"https:\/\/www.cachc.ca\/projects\/\" target=\"_blank\" rel=\"noopener\">d&rsquo;activit\u00e9s de recherche et de projets conjoints<\/a><\/strong> avec nos membres.[\/vc_column_text][\/vc_column][vc_column width=\u00a0\u00bb1\/2&Prime;][vc_custom_heading text=\u00a0\u00bbLa politique et le plaidoyer\u00a0\u00bb font_container=\u00a0\u00bbtag:h3|text_align:center|color:%231db89b\u00a0\u00bb use_theme_fonts=\u00a0\u00bbyes\u00a0\u00bb][vc_column_text]Depuis le lancement de l&rsquo;ACCSC en 2012, l&rsquo;association a \u00e9t\u00e9 active dans de nombreux <strong><a href=\"https:\/\/www.cachc.ca\/fr\/politique-et-plaidoyer\/\" target=\"_blank\" rel=\"noopener\">domaines de politique et de plaidoyer<\/a><\/strong> au niveau f\u00e9d\u00e9ral, avec et au nom de nos membres. Lors des \u00e9lections f\u00e9d\u00e9rales de 2015, 2019 et 2021, nous avons travaill\u00e9 activement avec nos membres pour d\u00e9fendre les priorit\u00e9s fondamentales aupr\u00e8s des partis politiques f\u00e9d\u00e9raux et des candidats locaux. Bien que l&rsquo;accent soit mis sur l&rsquo;\u00e9laboration et la d\u00e9fense du soutien f\u00e9d\u00e9ral, provincial et municipal pour les CSC, l&rsquo;association continue de faire pression sur un large \u00e9ventail de questions telles que l&rsquo;assurance-m\u00e9dicaments f\u00e9d\u00e9rale, les soins dentaires et d&rsquo;autres questions de politique f\u00e9d\u00e9rale visant \u00e0 r\u00e9duire les in\u00e9galit\u00e9s sociales et de sant\u00e9. Nous coop\u00e9rons sur les questions de politique f\u00e9d\u00e9rale et provinciale avec les associations provinciales de CSC lorsqu&rsquo;elles existent, actuellement en Colombie-Britannique, au Manitoba, en Nouvelle-\u00c9cosse et en Ontario.[\/vc_column_text][\/vc_column][\/vc_row]<\/p>\n<\/div>","protected":false},"excerpt":{"rendered":"<p>[vc_row padding_top=\u00a0\u00bb20&Prime; padding_bottom=\u00a0\u00bb20&Prime;][vc_column width=\u00a0\u00bb1\/6&Prime;][\/vc_column][vc_column width=\u00a0\u00bb2\/3&Prime;][vc_custom_heading text=\u00a0\u00bbPlus fort et meilleur, ensemble\u00a0\u00bb font_container=\u00a0\u00bbtag:h1|text_align:center|color:%231db89b\u00a0\u00bb use_theme_fonts=\u00a0\u00bbyes\u00a0\u00bb][vc_column_text]L&rsquo;Association canadienne des centres de sant\u00e9 communautaire (ACCSC) soutient et repr\u00e9sente les centres de sant\u00e9 communautaire (CSC) \u00e0 travers le Canada. L&rsquo;ACCSC fournit un leadership en mati\u00e8re de politiques et de plaidoyer, des projets et initiatives conjoints, des activit\u00e9s d&rsquo;\u00e9change de connaissances et un large \u00e9ventail d&rsquo;autres avantages et [&hellip;]<\/p>\n","protected":false},"author":1,"featured_media":0,"parent":0,"menu_order":0,"comment_status":"closed","ping_status":"closed","template":"","meta":{"_bbp_topic_count":0,"_bbp_reply_count":0,"_bbp_total_topic_count":0,"_bbp_total_reply_count":0,"_bbp_voice_count":0,"_bbp_anonymous_reply_count":0,"_bbp_topic_count_hidden":0,"_bbp_reply_count_hidden":0,"_bbp_forum_subforum_count":0,"footnotes":""},"class_list":["post-11846","page","type-page","status-publish","hentry"],"yoast_head":"<!-- This site is optimized with the Yoast SEO plugin v27.2 - https:\/\/yoast.com\/product\/yoast-seo-wordpress\/ -->\n<title>Adh\u00e9sion et avantages - ACCSC<\/title>\n<meta name=\"robots\" content=\"index, follow, max-snippet:-1, max-image-preview:large, max-video-preview:-1\" \/>\n<link rel=\"canonical\" href=\"https:\/\/www.cachc.ca\/membership\/\" \/>\n<meta property=\"og:locale\" content=\"fr_FR\" \/>\n<meta property=\"og:type\" content=\"article\" \/>\n<meta property=\"og:title\" content=\"Adh\u00e9sion et avantages - ACCSC\" \/>\n<meta property=\"og:description\" content=\"[vc_row padding_top=\u00a0\u00bb20&Prime; padding_bottom=\u00a0\u00bb20&Prime;][vc_column width=\u00a0\u00bb1\/6&Prime;][\/vc_column][vc_column width=\u00a0\u00bb2\/3&Prime;][vc_custom_heading text=\u00a0\u00bbPlus fort et meilleur, ensemble\u00a0\u00bb font_container=\u00a0\u00bbtag:h1|text_align:center|color:%231db89b\u00a0\u00bb use_theme_fonts=\u00a0\u00bbyes\u00a0\u00bb][vc_column_text]L&rsquo;Association canadienne des centres de sant\u00e9 communautaire (ACCSC) soutient et repr\u00e9sente les centres de sant\u00e9 communautaire (CSC) \u00e0 travers le Canada. L&rsquo;ACCSC fournit un leadership en mati\u00e8re de politiques et de plaidoyer, des projets et initiatives conjoints, des activit\u00e9s d&rsquo;\u00e9change de connaissances et un large \u00e9ventail d&rsquo;autres avantages et [&hellip;]\" \/>\n<meta property=\"og:url\" content=\"https:\/\/www.cachc.ca\/membership\/\" \/>\n<meta property=\"og:site_name\" content=\"ACCSC\" \/>\n<meta property=\"article:modified_time\" content=\"2023-06-19T12:48:11+00:00\" \/>\n<meta name=\"twitter:card\" content=\"summary_large_image\" \/>\n<meta name=\"twitter:label1\" content=\"Dur\u00e9e de lecture estim\u00e9e\" \/>\n\t<meta name=\"twitter:data1\" content=\"5 minutes\" \/>\n<script type=\"application\/ld+json\" class=\"yoast-schema-graph\">{\"@context\":\"https:\/\/schema.org\",\"@graph\":[{\"@type\":\"WebPage\",\"@id\":\"https:\/\/www.cachc.ca\/membership\/\",\"url\":\"https:\/\/www.cachc.ca\/membership\/\",\"name\":\"Adh\u00e9sion et avantages - ACCSC\",\"isPartOf\":{\"@id\":\"https:\/\/www.cachc.ca\/#website\"},\"datePublished\":\"2016-04-06T16:32:27+00:00\",\"dateModified\":\"2023-06-19T12:48:11+00:00\",\"inLanguage\":\"fr-FR\",\"potentialAction\":[{\"@type\":\"ReadAction\",\"target\":[\"https:\/\/www.cachc.ca\/membership\/\"]}]},{\"@type\":\"WebSite\",\"@id\":\"https:\/\/www.cachc.ca\/#website\",\"url\":\"https:\/\/www.cachc.ca\/\",\"name\":\"ACCSC\",\"description\":\"Les centres de sant\u00e9 communautaire au Canada\",\"potentialAction\":[{\"@type\":\"SearchAction\",\"target\":{\"@type\":\"EntryPoint\",\"urlTemplate\":\"https:\/\/www.cachc.ca\/?s={search_term_string}\"},\"query-input\":{\"@type\":\"PropertyValueSpecification\",\"valueRequired\":true,\"valueName\":\"search_term_string\"}}],\"inLanguage\":\"fr-FR\"}]}<\/script>\n<!-- \/ Yoast SEO plugin. -->","yoast_head_json":{"title":"Adh\u00e9sion et avantages - ACCSC","robots":{"index":"index","follow":"follow","max-snippet":"max-snippet:-1","max-image-preview":"max-image-preview:large","max-video-preview":"max-video-preview:-1"},"canonical":"https:\/\/www.cachc.ca\/membership\/","og_locale":"fr_FR","og_type":"article","og_title":"Adh\u00e9sion et avantages - ACCSC","og_description":"[vc_row padding_top=\u00a0\u00bb20&Prime; padding_bottom=\u00a0\u00bb20&Prime;][vc_column width=\u00a0\u00bb1\/6&Prime;][\/vc_column][vc_column width=\u00a0\u00bb2\/3&Prime;][vc_custom_heading text=\u00a0\u00bbPlus fort et meilleur, ensemble\u00a0\u00bb font_container=\u00a0\u00bbtag:h1|text_align:center|color:%231db89b\u00a0\u00bb use_theme_fonts=\u00a0\u00bbyes\u00a0\u00bb][vc_column_text]L&rsquo;Association canadienne des centres de sant\u00e9 communautaire (ACCSC) soutient et repr\u00e9sente les centres de sant\u00e9 communautaire (CSC) \u00e0 travers le Canada. L&rsquo;ACCSC fournit un leadership en mati\u00e8re de politiques et de plaidoyer, des projets et initiatives conjoints, des activit\u00e9s d&rsquo;\u00e9change de connaissances et un large \u00e9ventail d&rsquo;autres avantages et [&hellip;]","og_url":"https:\/\/www.cachc.ca\/membership\/","og_site_name":"ACCSC","article_modified_time":"2023-06-19T12:48:11+00:00","twitter_card":"summary_large_image","twitter_misc":{"Dur\u00e9e de lecture estim\u00e9e":"5 minutes"},"schema":{"@context":"https:\/\/schema.org","@graph":[{"@type":"WebPage","@id":"https:\/\/www.cachc.ca\/membership\/","url":"https:\/\/www.cachc.ca\/membership\/","name":"Adh\u00e9sion et avantages - ACCSC","isPartOf":{"@id":"https:\/\/www.cachc.ca\/#website"},"datePublished":"2016-04-06T16:32:27+00:00","dateModified":"2023-06-19T12:48:11+00:00","inLanguage":"fr-FR","potentialAction":[{"@type":"ReadAction","target":["https:\/\/www.cachc.ca\/membership\/"]}]},{"@type":"WebSite","@id":"https:\/\/www.cachc.ca\/#website","url":"https:\/\/www.cachc.ca\/","name":"ACCSC","description":"Les centres de sant\u00e9 communautaire au Canada","potentialAction":[{"@type":"SearchAction","target":{"@type":"EntryPoint","urlTemplate":"https:\/\/www.cachc.ca\/?s={search_term_string}"},"query-input":{"@type":"PropertyValueSpecification","valueRequired":true,"valueName":"search_term_string"}}],"inLanguage":"fr-FR"}]}},"_links":{"self":[{"href":"https:\/\/www.cachc.ca\/fr\/wp-json\/wp\/v2\/pages\/11846","targetHints":{"allow":["GET"]}}],"collection":[{"href":"https:\/\/www.cachc.ca\/fr\/wp-json\/wp\/v2\/pages"}],"about":[{"href":"https:\/\/www.cachc.ca\/fr\/wp-json\/wp\/v2\/types\/page"}],"author":[{"embeddable":true,"href":"https:\/\/www.cachc.ca\/fr\/wp-json\/wp\/v2\/users\/1"}],"replies":[{"embeddable":true,"href":"https:\/\/www.cachc.ca\/fr\/wp-json\/wp\/v2\/comments?post=11846"}],"version-history":[{"count":7,"href":"https:\/\/www.cachc.ca\/fr\/wp-json\/wp\/v2\/pages\/11846\/revisions"}],"predecessor-version":[{"id":85281,"href":"https:\/\/www.cachc.ca\/fr\/wp-json\/wp\/v2\/pages\/11846\/revisions\/85281"}],"wp:attachment":[{"href":"https:\/\/www.cachc.ca\/fr\/wp-json\/wp\/v2\/media?parent=11846"}],"curies":[{"name":"wp","href":"https:\/\/api.w.org\/{rel}","templated":true}]}}